{"id":1319,"date":"2020-04-24T17:36:29","date_gmt":"2020-04-24T20:36:29","guid":{"rendered":"https:\/\/isfda-sfe.infd.edu.ar\/sitio\/?page_id=1319"},"modified":"2026-03-25T13:50:03","modified_gmt":"2026-03-25T16:50:03","slug":"matriculaciones-2026","status":"publish","type":"page","link":"https:\/\/isfda-sfe.infd.edu.ar\/sitio\/matriculaciones-2026\/","title":{"rendered":"MATRICULACIONES 2026 &#8211; NIVEL SUPERIOR"},"content":{"rendered":"<p><\/p>\n<p style=\"text-align: center;\"><em>LOS HORARIOS QUE SE PUBLICAN EST\u00c1N SUJETOS A MODIFICACI\u00d3N<\/em><\/p>\n<p><\/p>\n<p><strong>MATRICULACIONES:<\/strong><\/p>\n<ul>\n<li><strong>2do a 4to a\u00f1o<\/strong> &#8211; del 25 de marzo al 1 de abril de 13.30 a 21.30 hs en secci\u00f3n alumnos de cada carrera.&nbsp; &nbsp;<\/li>\n<li><strong>1er a\u00f1o &#8211; <\/strong>del 6 al 10 de abril de 13.30 a 21.30 hs en secci\u00f3n alumnos de cada carrera.<\/li>\n<li><strong style=\"font-size: revert;\">1er y 2do a\u00f1o Turno Ma\u00f1ana de la carrera de Artes Visuales<\/strong><span style=\"font-size: revert;\">&nbsp; &#8211;&nbsp; 30 de marzo al 1 de abril de 9 a 11 hs en secci\u00f3n alumnos de Artes Visuales.<\/span><\/li>\n<\/ul>\n<p style=\"text-align: center;\"><strong>MATRICULACI\u00d3N 2026&nbsp;<\/strong><\/p>\n<p style=\"text-align: center;\"><em><strong>Descargar y completar la planilla de matriculaci\u00f3n y entregar personalmente a secci\u00f3n alumnos correspondiente a cada carrera<\/strong><\/em><\/p>\n<p><\/p>\n<ul>\n<li><span style=\"color: #000000;\"><strong><em>Profesorado de Artes Visuales con Orientaci\u00f3n en Producci\u00f3n&nbsp; &nbsp; &nbsp; &nbsp; &nbsp; &nbsp; &nbsp; &nbsp; &nbsp; &nbsp; &nbsp; &nbsp; &nbsp; &nbsp; &nbsp; &nbsp; &nbsp; &nbsp; &nbsp; &nbsp; &nbsp; &nbsp; &nbsp; &nbsp; &nbsp; &nbsp; &nbsp; &nbsp; &nbsp; &nbsp; &nbsp; &nbsp; &nbsp; &nbsp; &nbsp; &nbsp; &nbsp; &nbsp; &nbsp; &nbsp; &nbsp; &nbsp; &nbsp; &nbsp; &nbsp; &nbsp; &nbsp; &nbsp; &nbsp; &nbsp; &nbsp; &nbsp; &nbsp; &nbsp; &nbsp; &nbsp; &nbsp; &nbsp;&nbsp;<\/em><\/strong><\/span><\/li>\n<\/ul>\n\n\n<div class=\"wp-block-file\"><a id=\"wp-block-file--media-0c061273-142d-4d6b-96ff-f108073e5cfb\" href=\"https:\/\/isfda-sfe.infd.edu.ar\/sitio\/wp-content\/uploads\/2026\/03\/planilla-de-matriculacion-ARTES-VISUALES-2026-1.pdf\" target=\"_blank\" rel=\"noreferrer noopener\">Planilla de matriculaci\u00f3n ARTES VISUALES 2026<\/a><a href=\"https:\/\/isfda-sfe.infd.edu.ar\/sitio\/wp-content\/uploads\/2026\/03\/planilla-de-matriculacion-ARTES-VISUALES-2026-1.pdf\" class=\"wp-block-file__button wp-element-button\" download aria-describedby=\"wp-block-file--media-0c061273-142d-4d6b-96ff-f108073e5cfb\">Descarga<\/a><\/div>\n\n\n\n<div class=\"wp-block-file\"><a id=\"wp-block-file--media-b19fc39a-7978-431b-82d4-4d209f37fa32\" href=\"https:\/\/isfda-sfe.infd.edu.ar\/sitio\/wp-content\/uploads\/2026\/03\/ARTES-VISUALES_HORARIOS-2026.pdf\" target=\"_blank\" rel=\"noreferrer noopener\">ARTES VISUALES. HORARIOS-2026<\/a><a href=\"https:\/\/isfda-sfe.infd.edu.ar\/sitio\/wp-content\/uploads\/2026\/03\/ARTES-VISUALES_HORARIOS-2026.pdf\" class=\"wp-block-file__button wp-element-button\" download aria-describedby=\"wp-block-file--media-b19fc39a-7978-431b-82d4-4d209f37fa32\">Descarga<\/a><\/div>\n\n\n\n<ul>\n<li><strong><mark style=\"background-color:rgba(0, 0, 0, 0)\" class=\"has-inline-color has-black-color\"><em><strong>Profesorado<\/strong> de Da<\/em><\/mark><\/strong><em><strong><mark style=\"background-color:rgba(0, 0, 0, 0)\" class=\"has-inline-color has-black-color\">nza con Orientaci\u00f3n en Danza Contempor\u00e1nea<\/mark><\/strong><\/em>                                                                                                                                                                                                                                                                                                                                                                                                                                                                                                                                                                                                                                                                                                              <\/li>\n<\/ul>\n\n\n\n<div class=\"wp-block-file\"><a id=\"wp-block-file--media-edcaecac-5696-4a4e-85cf-44057dd1cb62\" href=\"https:\/\/isfda-sfe.infd.edu.ar\/sitio\/wp-content\/uploads\/2026\/03\/planilla-de-matriculacion-DANZA-CONTEMPORANEA-2026.pdf\" target=\"_blank\" rel=\"noreferrer noopener\">Planilla de matriculaci\u00f3n DANZA CONTEMPORANEA 2026<\/a><a href=\"https:\/\/isfda-sfe.infd.edu.ar\/sitio\/wp-content\/uploads\/2026\/03\/planilla-de-matriculacion-DANZA-CONTEMPORANEA-2026.pdf\" class=\"wp-block-file__button wp-element-button\" download aria-describedby=\"wp-block-file--media-edcaecac-5696-4a4e-85cf-44057dd1cb62\">Descarga<\/a><\/div>\n\n\n\n<div class=\"wp-block-file\"><a id=\"wp-block-file--media-71ad7fe6-509a-4144-acab-d28a75951a25\" href=\"https:\/\/isfda-sfe.infd.edu.ar\/sitio\/wp-content\/uploads\/2026\/03\/DANZA-CONTERMPORANEA_HORARIOS-2026.pdf\" target=\"_blank\" rel=\"noreferrer noopener\">DANZA CONTERMPORANEA. HORARIOS 2026<\/a><a href=\"https:\/\/isfda-sfe.infd.edu.ar\/sitio\/wp-content\/uploads\/2026\/03\/DANZA-CONTERMPORANEA_HORARIOS-2026.pdf\" class=\"wp-block-file__button wp-element-button\" download aria-describedby=\"wp-block-file--media-71ad7fe6-509a-4144-acab-d28a75951a25\">Descarga<\/a><\/div>\n\n\n\n<ul>\n<li><strong><em><mark style=\"background-color:rgba(0, 0, 0, 0)\" class=\"has-inline-color has-black-color\">Profesorado de Teatro<\/mark><\/em><\/strong>                                                                                                                                                                                                                                                                                                                                                                                                                                                                                                                                                                                                                                                                                                               <\/li>\n<\/ul>\n\n\n\n<div class=\"wp-block-file\"><a id=\"wp-block-file--media-f8e3bfe3-f15f-4d4d-8279-6855e48aee8b\" href=\"https:\/\/isfda-sfe.infd.edu.ar\/sitio\/wp-content\/uploads\/2026\/03\/planilla-de-matriculacion-TEATRO-2026-1.pdf\" target=\"_blank\" rel=\"noreferrer noopener\">Planilla de matriculacion TEATRO 2026<\/a><a href=\"https:\/\/isfda-sfe.infd.edu.ar\/sitio\/wp-content\/uploads\/2026\/03\/planilla-de-matriculacion-TEATRO-2026-1.pdf\" class=\"wp-block-file__button wp-element-button\" download aria-describedby=\"wp-block-file--media-f8e3bfe3-f15f-4d4d-8279-6855e48aee8b\">Descarga<\/a><\/div>\n\n\n\n<div class=\"wp-block-file\"><a id=\"wp-block-file--media-758d4c73-429f-42db-ae16-b2637f126086\" href=\"https:\/\/isfda-sfe.infd.edu.ar\/sitio\/wp-content\/uploads\/2026\/03\/TEATRO_HORARIOS-2026.pdf\" target=\"_blank\" rel=\"noreferrer noopener\">TEATRO. HORARIOS 2026<\/a><a href=\"https:\/\/isfda-sfe.infd.edu.ar\/sitio\/wp-content\/uploads\/2026\/03\/TEATRO_HORARIOS-2026.pdf\" class=\"wp-block-file__button wp-element-button\" download aria-describedby=\"wp-block-file--media-758d4c73-429f-42db-ae16-b2637f126086\">Descarga<\/a><\/div>\n\n\n\n<ul>\n<li><strong><mark style=\"background-color:rgba(0, 0, 0, 0)\" class=\"has-inline-color has-black-color\"><em>Profesorado de M\u00fasica<\/em><\/mark><\/strong>                                                                                                                                                                                               <\/li>\n<\/ul>\n\n\n\n<div class=\"wp-block-file\"><a id=\"wp-block-file--media-0de1d92f-e26c-49c0-bfd5-958d285d6236\" href=\"https:\/\/isfda-sfe.infd.edu.ar\/sitio\/wp-content\/uploads\/2026\/03\/planilla-de-matriculacion-MUSICA-2026.pdf\" target=\"_blank\" rel=\"noreferrer noopener\">Planilla de matriculaci\u00f3n M\u00daSICA 2026<\/a><a href=\"https:\/\/isfda-sfe.infd.edu.ar\/sitio\/wp-content\/uploads\/2026\/03\/planilla-de-matriculacion-MUSICA-2026.pdf\" class=\"wp-block-file__button wp-element-button\" download aria-describedby=\"wp-block-file--media-0de1d92f-e26c-49c0-bfd5-958d285d6236\">Descarga<\/a><\/div>\n\n\n\n<div class=\"wp-block-file\"><a id=\"wp-block-file--media-363b31fa-fc45-49e5-a58e-8ecbe294d137\" href=\"https:\/\/isfda-sfe.infd.edu.ar\/sitio\/wp-content\/uploads\/2026\/03\/MUSICA_HORARIOS-2026.pdf\" target=\"_blank\" rel=\"noreferrer noopener\">M\u00daSICA. HORARIOS 2026<\/a><a href=\"https:\/\/isfda-sfe.infd.edu.ar\/sitio\/wp-content\/uploads\/2026\/03\/MUSICA_HORARIOS-2026.pdf\" class=\"wp-block-file__button wp-element-button\" download aria-describedby=\"wp-block-file--media-363b31fa-fc45-49e5-a58e-8ecbe294d137\">Descarga<\/a><\/div>\n\n\n\n<p><\/p>\n","protected":false},"excerpt":{"rendered":"<p>LOS HORARIOS QUE SE PUBLICAN EST\u00c1N SUJETOS A MODIFICACI\u00d3N MATRICULACIONES: 2do a 4to a\u00f1o &#8211; del 25 de marzo al 1 de abril de 13.30 a 21.30 hs en secci\u00f3n alumnos de cada carrera.&nbsp; &nbsp; 1er a\u00f1o &#8211; del 6 al 10 de abril de 13.30 a 21.30 hs en secci\u00f3n alumnos de cada carrera. &#8230; <a title=\"MATRICULACIONES 2026 &#8211; NIVEL SUPERIOR\" class=\"read-more\" href=\"https:\/\/isfda-sfe.infd.edu.ar\/sitio\/matriculaciones-2026\/\" aria-label=\"More on MATRICULACIONES 2026 &#8211; NIVEL SUPERIOR\">[+]<\/a><\/p>\n","protected":false},"author":215,"featured_media":0,"parent":0,"menu_order":0,"comment_status":"closed","ping_status":"closed","template":"","meta":[],"acf":[],"_links":{"self":[{"href":"https:\/\/isfda-sfe.infd.edu.ar\/sitio\/wp-json\/wp\/v2\/pages\/1319"}],"collection":[{"href":"https:\/\/isfda-sfe.infd.edu.ar\/sitio\/wp-json\/wp\/v2\/pages"}],"about":[{"href":"https:\/\/isfda-sfe.infd.edu.ar\/sitio\/wp-json\/wp\/v2\/types\/page"}],"author":[{"embeddable":true,"href":"https:\/\/isfda-sfe.infd.edu.ar\/sitio\/wp-json\/wp\/v2\/users\/215"}],"replies":[{"embeddable":true,"href":"https:\/\/isfda-sfe.infd.edu.ar\/sitio\/wp-json\/wp\/v2\/comments?post=1319"}],"version-history":[{"count":65,"href":"https:\/\/isfda-sfe.infd.edu.ar\/sitio\/wp-json\/wp\/v2\/pages\/1319\/revisions"}],"predecessor-version":[{"id":3802,"href":"https:\/\/isfda-sfe.infd.edu.ar\/sitio\/wp-json\/wp\/v2\/pages\/1319\/revisions\/3802"}],"wp:attachment":[{"href":"https:\/\/isfda-sfe.infd.edu.ar\/sitio\/wp-json\/wp\/v2\/media?parent=1319"}],"curies":[{"name":"wp","href":"https:\/\/api.w.org\/{rel}","templated":true}]}}