{"id":1363,"date":"2020-07-07T13:09:12","date_gmt":"2020-07-07T16:09:12","guid":{"rendered":"https:\/\/isfda-sfe.infd.edu.ar\/sitio\/?page_id=1363"},"modified":"2022-06-29T17:43:00","modified_gmt":"2022-06-29T20:43:00","slug":"inscripcionesmesadeexamen","status":"publish","type":"page","link":"https:\/\/isfda-sfe.infd.edu.ar\/sitio\/inscripcionesmesadeexamen\/","title":{"rendered":"CENTRO DE ESTUDIANTES"},"content":{"rendered":"\n<p>Est\u00e1 en proceso de conformaci\u00f3n una Comisi\u00f3n Constituyente transitoria que trabajar\u00e1n en v\u00edsperas de formar el centro de estudiantes con el fin de modificar el estatuto.<\/p>\n\n\n\n<p>Para ello se convocar\u00e1 oportunamente a una Asamblea en fecha a convenir.<\/p>\n\n\n\n<p>En los siguientes links podr\u00e1n ir conociendo como se constituye y funciona un Centro de Estudiantes:<\/p>\n\n\n\n<p><a rel=\"noreferrer noopener\" href=\"https:\/\/isfda-sfe.infd.edu.ar\/sitio\/wp-content\/uploads\/2022\/06\/Constitucion-y-funcionamiento-de-los-Centros-de-Estudiantes.pdf\" target=\"_blank\">Ley N\u00b0 13392<\/a><\/p>\n\n\n\n<p> <\/p>\n","protected":false},"excerpt":{"rendered":"<p>Est\u00e1 en proceso de conformaci\u00f3n una Comisi\u00f3n Constituyente transitoria que trabajar\u00e1n en v\u00edsperas de formar el centro de estudiantes con el fin de modificar el estatuto. Para ello se convocar\u00e1 oportunamente a una Asamblea en fecha a convenir. En los siguientes links podr\u00e1n ir conociendo como se constituye y funciona un Centro de Estudiantes: Ley &#8230; <a title=\"CENTRO DE ESTUDIANTES\" class=\"read-more\" href=\"https:\/\/isfda-sfe.infd.edu.ar\/sitio\/inscripcionesmesadeexamen\/\" aria-label=\"More on CENTRO DE ESTUDIANTES\">[+]<\/a><\/p>\n","protected":false},"author":215,"featured_media":0,"parent":0,"menu_order":0,"comment_status":"closed","ping_status":"closed","template":"","meta":[],"acf":[],"_links":{"self":[{"href":"https:\/\/isfda-sfe.infd.edu.ar\/sitio\/wp-json\/wp\/v2\/pages\/1363"}],"collection":[{"href":"https:\/\/isfda-sfe.infd.edu.ar\/sitio\/wp-json\/wp\/v2\/pages"}],"about":[{"href":"https:\/\/isfda-sfe.infd.edu.ar\/sitio\/wp-json\/wp\/v2\/types\/page"}],"author":[{"embeddable":true,"href":"https:\/\/isfda-sfe.infd.edu.ar\/sitio\/wp-json\/wp\/v2\/users\/215"}],"replies":[{"embeddable":true,"href":"https:\/\/isfda-sfe.infd.edu.ar\/sitio\/wp-json\/wp\/v2\/comments?post=1363"}],"version-history":[{"count":10,"href":"https:\/\/isfda-sfe.infd.edu.ar\/sitio\/wp-json\/wp\/v2\/pages\/1363\/revisions"}],"predecessor-version":[{"id":1670,"href":"https:\/\/isfda-sfe.infd.edu.ar\/sitio\/wp-json\/wp\/v2\/pages\/1363\/revisions\/1670"}],"wp:attachment":[{"href":"https:\/\/isfda-sfe.infd.edu.ar\/sitio\/wp-json\/wp\/v2\/media?parent=1363"}],"curies":[{"name":"wp","href":"https:\/\/api.w.org\/{rel}","templated":true}]}}