{"id":2258,"date":"2023-11-30T21:48:15","date_gmt":"2023-12-01T00:48:15","guid":{"rendered":"https:\/\/isfda-sfe.infd.edu.ar\/sitio\/?page_id=2258"},"modified":"2026-02-19T10:53:18","modified_gmt":"2026-02-19T13:53:18","slug":"nivel-secundario","status":"publish","type":"page","link":"https:\/\/isfda-sfe.infd.edu.ar\/sitio\/nivel-secundario\/","title":{"rendered":"NIVEL SECUNDARIO"},"content":{"rendered":"\n<p><\/p>\n\n\n<div class=\"wp-block-image\">\n<figure class=\"aligncenter size-full is-resized\"><img decoding=\"async\" loading=\"lazy\" src=\"https:\/\/isfda-sfe.infd.edu.ar\/sitio\/wp-content\/uploads\/2024\/02\/image-3.png\" alt=\"\" class=\"wp-image-2410\" width=\"205\" height=\"205\" srcset=\"https:\/\/isfda-sfe.infd.edu.ar\/sitio\/wp-content\/uploads\/2024\/02\/image-3.png 700w, https:\/\/isfda-sfe.infd.edu.ar\/sitio\/wp-content\/uploads\/2024\/02\/image-3-500x500.png 500w\" sizes=\"(max-width: 205px) 100vw, 205px\" \/><\/figure><\/div>\n\n\n<p class=\"has-text-align-center\"><strong>ESCUELA SECUNDARIA &#8211; BACHILLER EN ARTES VISUALES CON ESPECIALIZACI\u00d3N EN PRODUCCI\u00d3N N\u00b0 6074<\/strong><\/p>\n\n\n\n<p class=\"has-text-align-center\">Anexo 2 del Instituto Superior de Formaci\u00f3n Docente en Artes N\u00b0 5074<\/p>\n\n\n\n<p class=\"has-text-align-center\"><\/p>\n\n\n\n<p class=\"has-text-align-center\">&#x1f4e3; \u00a1Atenci\u00f3n familias! &#x2712;&#xfe0f;<\/p>\n\n\n\n<p><strong>REUNION de padres INGRESANTES 1ER A\u00f1o<\/strong> <strong>2026<\/strong><\/p>\n\n\n\n<p>&#x1f5d3;&#xfe0f; Mi\u00e9rcoles 25\/2  <\/p>\n\n\n\n<p>&#x23f0; 20,15 HS.<\/p>\n\n\n\n<p>&#x1f4cd;Lugar: Iriondo N\u00b0 634 &#8211; PA<\/p>\n\n\n<div class=\"wp-block-image\">\n<figure class=\"aligncenter size-full is-resized\"><img decoding=\"async\" loading=\"lazy\" src=\"https:\/\/isfda-sfe.infd.edu.ar\/sitio\/wp-content\/uploads\/2026\/02\/WhatsApp-Image-2026-02-19-at-10.48.34.jpeg\" alt=\"\" class=\"wp-image-3325\" width=\"377\" height=\"485\"\/><\/figure><\/div>\n\n\n<hr class=\"wp-block-separator has-alpha-channel-opacity\"\/>\n\n\n\n<p><\/p>\n\n\n\n<p><\/p>\n\n\n\n<p><\/p>\n\n\n\n<p class=\"has-text-align-center\"><strong>Inscripciones para ingresantes a<\/strong> <strong>1er a\u00f1o 2026<\/strong><\/p>\n\n\n\n<p><strong><u>-13 DE OCTUBRE al 13 DE NOVIEMBRE <\/u><\/strong><\/p>\n\n\n\n<p><strong><u>&#8211; inscripci\u00f3n de hermanos\/as <\/u><\/strong><\/p>\n\n\n\n<p>&#8211;<strong><u> hijos\/as del personal docente y no docente del establecimiento&nbsp;<\/u><\/strong><\/p>\n\n\n\n<p><strong><u>&#8211; pre-inscripci\u00f3n a 1er a\u00f1o <\/u><\/strong><\/p>\n\n\n\n<p><\/p>\n\n\n\n<p class=\"has-text-align-center\"><\/p>\n\n\n<div class=\"wp-block-image\">\n<figure class=\"aligncenter size-full is-resized\"><img decoding=\"async\" loading=\"lazy\" src=\"https:\/\/isfda-sfe.infd.edu.ar\/sitio\/wp-content\/uploads\/2024\/02\/image.png\" alt=\"\" class=\"wp-image-2404\" width=\"412\" height=\"412\" srcset=\"https:\/\/isfda-sfe.infd.edu.ar\/sitio\/wp-content\/uploads\/2024\/02\/image.png 720w, https:\/\/isfda-sfe.infd.edu.ar\/sitio\/wp-content\/uploads\/2024\/02\/image-500x500.png 500w\" sizes=\"(max-width: 412px) 100vw, 412px\" \/><\/figure><\/div>\n\n\n<p><\/p>\n\n\n\n<p class=\"has-text-align-center\"><strong>Informes e inscripci\u00f3n:<\/strong><\/p>\n\n\n\n<p class=\"has-text-align-center\">Lunes a viernes de 14 a 18 hs<\/p>\n\n\n\n<p class=\"has-text-align-center\">Roca 1051<br>cel. (03482) 238278 (solo whatsapp)<\/p>\n\n\n\n<p class=\"has-text-align-center\">E-mail: searte6074@gmail.com<\/p>\n\n\n\n<p class=\"has-text-align-center\"><\/p>\n","protected":false},"excerpt":{"rendered":"<p>ESCUELA SECUNDARIA &#8211; BACHILLER EN ARTES VISUALES CON ESPECIALIZACI\u00d3N EN PRODUCCI\u00d3N N\u00b0 6074 Anexo 2 del Instituto Superior de Formaci\u00f3n Docente en Artes N\u00b0 5074 &#x1f4e3; \u00a1Atenci\u00f3n familias! &#x2712;&#xfe0f; REUNION de padres INGRESANTES 1ER A\u00f1o 2026 &#x1f5d3;&#xfe0f; Mi\u00e9rcoles 25\/2 &#x23f0; 20,15 HS. &#x1f4cd;Lugar: Iriondo N\u00b0 634 &#8211; PA Inscripciones para ingresantes a 1er a\u00f1o 2026 &#8230; <a title=\"NIVEL SECUNDARIO\" class=\"read-more\" href=\"https:\/\/isfda-sfe.infd.edu.ar\/sitio\/nivel-secundario\/\" aria-label=\"More on NIVEL SECUNDARIO\">[+]<\/a><\/p>\n","protected":false},"author":229,"featured_media":0,"parent":0,"menu_order":0,"comment_status":"closed","ping_status":"closed","template":"","meta":[],"acf":[],"_links":{"self":[{"href":"https:\/\/isfda-sfe.infd.edu.ar\/sitio\/wp-json\/wp\/v2\/pages\/2258"}],"collection":[{"href":"https:\/\/isfda-sfe.infd.edu.ar\/sitio\/wp-json\/wp\/v2\/pages"}],"about":[{"href":"https:\/\/isfda-sfe.infd.edu.ar\/sitio\/wp-json\/wp\/v2\/types\/page"}],"author":[{"embeddable":true,"href":"https:\/\/isfda-sfe.infd.edu.ar\/sitio\/wp-json\/wp\/v2\/users\/229"}],"replies":[{"embeddable":true,"href":"https:\/\/isfda-sfe.infd.edu.ar\/sitio\/wp-json\/wp\/v2\/comments?post=2258"}],"version-history":[{"count":11,"href":"https:\/\/isfda-sfe.infd.edu.ar\/sitio\/wp-json\/wp\/v2\/pages\/2258\/revisions"}],"predecessor-version":[{"id":3330,"href":"https:\/\/isfda-sfe.infd.edu.ar\/sitio\/wp-json\/wp\/v2\/pages\/2258\/revisions\/3330"}],"wp:attachment":[{"href":"https:\/\/isfda-sfe.infd.edu.ar\/sitio\/wp-json\/wp\/v2\/media?parent=2258"}],"curies":[{"name":"wp","href":"https:\/\/api.w.org\/{rel}","templated":true}]}}