{"id":2370,"date":"2024-01-16T12:03:18","date_gmt":"2024-01-16T15:03:18","guid":{"rendered":"https:\/\/isfda-sfe.infd.edu.ar\/sitio\/?page_id=2370"},"modified":"2026-01-07T10:33:02","modified_gmt":"2026-01-07T13:33:02","slug":"examenes-ciclo-nivelador","status":"publish","type":"page","link":"https:\/\/isfda-sfe.infd.edu.ar\/sitio\/examenes-ciclo-nivelador\/","title":{"rendered":"EX\u00c1MENES CICLO NIVELADOR"},"content":{"rendered":"\n<p><\/p>\n\n\n\n<p class=\"has-text-align-center\">                                                                                                        <\/p>\n\n\n\n<p class=\"has-text-align-center\">                                                                           <\/p>\n\n\n\n<p class=\"has-text-align-center\"><em><strong>Inscripci\u00f3n ex\u00e1menes 1er turno \u2013 2 (dos) llamados<\/strong><\/em><\/p>\n\n\n\n<p class=\"has-text-align-center\"><strong>&nbsp; &nbsp; &nbsp; &nbsp; &nbsp; &nbsp; &nbsp; &nbsp; &nbsp; &nbsp; &nbsp; &nbsp; &nbsp; &nbsp; &nbsp; &nbsp; &nbsp;1er llamado del 9 al 13 de febrero de 2026&nbsp; &nbsp;<\/strong><strong>\u2013 POR FORMULARIO ON LINE<\/strong><\/p>\n\n\n\n<p class=\"has-text-align-center\">\u00a0 \u00a0 \u00a0 \u00a0 \u00a0 \u00a0 \u00a0 \u00a0 \u00a0 \u00a0 \u00a0 \u00a0 \u00a0 \u00a0 \u00a0<strong>2do llamado del 2 al 5 de marzo de 2026 \u2013 POR FORMULARIO ON LINE<\/strong><\/p>\n\n\n\n<p><strong>ATENCI\u00d3N ESTUDIANTES:<\/strong><\/p>\n\n\n\n<ul>\n<li>Las inscripciones se realizar\u00e1n a trav\u00e9s de un formulario Google (en los link que se especifican a continuaci\u00f3n correspondiente a cada uno de los ciclos de nivelador)<\/li>\n\n\n\n<li>Una vez inscriptos recibir\u00e1n una copia autom\u00e1tica de dicha inscripci\u00f3n (constatar que el mail sea el correcto, de no visualizarla, chequear spam\/correo no deseado)<\/li>\n\n\n\n<li>Se env\u00eda un solo formulario por estudiante<\/li>\n\n\n\n<li>Los ex\u00e1menes comenzar\u00e1n a las\u00a0<strong>18 horas en la SEDE Reconquista \u2013 y a las 14 o 19 horas en el anexo de Villa Ocampo<\/strong><\/li>\n\n\n\n<li>Deber\u00e1n asistir con la&nbsp;<strong>libreta del estudiante<\/strong><\/li>\n<\/ul>\n\n\n\n<p><\/p>\n\n\n\n<p><\/p>\n\n\n\n<p><em><strong>CICLO NIVELADOR M\u00daSICA \u2013 RECONQUISTA:<\/strong><\/em><\/p>\n\n\n\n<div class=\"wp-block-group is-vertical is-layout-flex wp-container-4\">\n<div class=\"wp-block-group is-vertical is-layout-flex wp-container-3\">\n<div class=\"wp-block-group is-vertical is-layout-flex wp-container-1\">\n<p><strong>1er LLAMADO \u2013 FEBRERO<\/strong><\/p>\n\n\n\n<div class=\"wp-block-file\"><a id=\"wp-block-file--media-74f88e8d-56ca-48ed-951e-84721028c90e\" href=\"https:\/\/isfda-sfe.infd.edu.ar\/sitio\/wp-content\/uploads\/2026\/01\/RQTA-NIVELADOR.-EXAMENES-1er-llamado.-febrero-2026-1.pdf\" target=\"_blank\" rel=\"noreferrer noopener\">RQTA. NIVELADOR M\u00daSICA. EXAMENES FEBRERO 2026<\/a><a href=\"https:\/\/isfda-sfe.infd.edu.ar\/sitio\/wp-content\/uploads\/2026\/01\/RQTA-NIVELADOR.-EXAMENES-1er-llamado.-febrero-2026-1.pdf\" class=\"wp-block-file__button wp-element-button\" download aria-describedby=\"wp-block-file--media-74f88e8d-56ca-48ed-951e-84721028c90e\">Descarga<\/a><\/div>\n\n\n\n<p>Formulario inscripci\u00f3n disponible deL 9 al 13 de febrero                                                                                                                                                                                                                                                                                         <\/p>\n\n\n\n<p><a href=\"https:\/\/forms.gle\/VZwMPtPwkPkRJird7\" data-type=\"URL\" data-id=\"https:\/\/forms.gle\/VZwMPtPwkPkRJird7\">https:\/\/forms.gle\/VZwMPtPwkPkRJird7<\/a>                <\/p>\n<\/div>\n\n\n\n<div class=\"wp-block-group is-vertical is-layout-flex wp-container-2\">\n<p><strong>2do LLAMADO &#8211; MARZO<\/strong><\/p>\n\n\n\n<div class=\"wp-block-file\"><a id=\"wp-block-file--media-74f88e8d-56ca-48ed-951e-84721028c90e\" href=\"https:\/\/isfda-sfe.infd.edu.ar\/sitio\/wp-content\/uploads\/2026\/01\/RQTA-NIVELADOR.-EXAMENES-2do-llamado.-marzo-2026-2.pdf\" target=\"_blank\" rel=\"noreferrer noopener\">RQTA. NIVELADOR M\u00daSICA. EXAMENES MARZO 2026<\/a><a href=\"https:\/\/isfda-sfe.infd.edu.ar\/sitio\/wp-content\/uploads\/2026\/01\/RQTA-NIVELADOR.-EXAMENES-2do-llamado.-marzo-2026-2.pdf\" class=\"wp-block-file__button wp-element-button\" download aria-describedby=\"wp-block-file--media-74f88e8d-56ca-48ed-951e-84721028c90e\">Descarga<\/a><\/div>\n\n\n\n<p>Formulario inscripci\u00f3n disponible del 2 al 5 de marzo<\/p>\n\n\n\n<p><a href=\"https:\/\/forms.gle\/95hiyCYRrgZBJgw49\">https:\/\/forms.gle\/95hiyCYRrgZBJgw49<\/a><\/p>\n\n\n\n<p>                                                                                                                                                                                                                                                                                                                <\/p>\n<\/div>\n<\/div>\n<\/div>\n\n\n\n<p><\/p>\n\n\n\n<p><\/p>\n\n\n\n<p><em><strong>CICLO NIVELADOR M\u00daSICA \u2013 VILLA OCAMPO:<\/strong><\/em><\/p>\n\n\n\n<div class=\"wp-block-group is-vertical is-layout-flex wp-container-6\">\n<div class=\"wp-block-group is-vertical is-layout-flex wp-container-5\">\n<p><strong>1er LLAMADO \u2013 FEBRERO<\/strong> <\/p>\n\n\n\n<div class=\"wp-block-file\"><a id=\"wp-block-file--media-fc5e9734-902b-4cf6-8be1-a6fdfac5d23e\" href=\"https:\/\/isfda-sfe.infd.edu.ar\/sitio\/wp-content\/uploads\/2026\/01\/V.O-NIVELADOR.-EXAMENES-1er-llamado.-febrero-2026-1.pdf\" target=\"_blank\" rel=\"noreferrer noopener\">V.O. NIVELADOR M\u00daSICA. EXAMENES FEBRERO 2026<\/a><a href=\"https:\/\/isfda-sfe.infd.edu.ar\/sitio\/wp-content\/uploads\/2026\/01\/V.O-NIVELADOR.-EXAMENES-1er-llamado.-febrero-2026-1.pdf\" class=\"wp-block-file__button wp-element-button\" download aria-describedby=\"wp-block-file--media-fc5e9734-902b-4cf6-8be1-a6fdfac5d23e\">Descarga<\/a><\/div>\n\n\n\n<p> Formulario inscripci\u00f3n disponible del 9 al 13 de febrero                                <\/p>\n\n\n\n<p> <a href=\"https:\/\/forms.gle\/6wF849uak1Uwxot46\">https:\/\/fhttps:\/\/docs.google.com\/forms\/d\/e\/1FAIpQLScs <\/a>               <\/p>\n\n\n\n<p> <strong>2do LLAMADO &#8211; MARZO<\/strong><\/p>\n\n\n\n<div class=\"wp-block-file\"><a id=\"wp-block-file--media-74f88e8d-56ca-48ed-951e-84721028c90e\" href=\"https:\/\/isfda-sfe.infd.edu.ar\/sitio\/wp-content\/uploads\/2026\/01\/V.O-NIVELADOR.-EXAMENES-2do-llamado.-marzo-2026-1.pdf\" target=\"_blank\" rel=\"noreferrer noopener\">V.O. NIVELADOR M\u00daSICA. EXAMENES MARZO 2026<\/a><a href=\"https:\/\/isfda-sfe.infd.edu.ar\/sitio\/wp-content\/uploads\/2026\/01\/V.O-NIVELADOR.-EXAMENES-2do-llamado.-marzo-2026-1.pdf\" class=\"wp-block-file__button wp-element-button\" download aria-describedby=\"wp-block-file--media-74f88e8d-56ca-48ed-951e-84721028c90e\">Descarga<\/a><\/div>\n\n\n\n<p>Formulario inscripci\u00f3n disponible del 2 al 5 de marzo<\/p>\n\n\n\n<p><a href=\"https:\/\/forms.gle\/2c8V998q55Dksi899\">https:\/\/docs.google.com\/forms\/d\/e\/1FAIpQLSd26jZMLmU<\/a><\/p>\n\n\n\n<p> <\/p>\n\n\n\n<p>                                                                                                                                                                                                                                                                                                                                                                 <\/p>\n<\/div>\n\n\n\n<p>                <\/p>\n\n\n\n<p><\/p>\n\n\n\n<p class=\"has-text-align-center\">                                                                                                              <\/p>\n\n\n\n<p class=\"has-text-align-center\">                                                                                                                                                                                                                                                                                                                                                                                                               <\/p>\n\n\n\n<p class=\"has-text-align-center\"><em>INFORMES<\/em>:                                                                                                         <\/p>\n<\/div>\n\n\n\n<p class=\"has-text-align-center\">SEDE RECONQUISTA<\/p>\n\n\n\n<p class=\"has-text-align-center\">Lunes a viernes de 12 a 22 hs<\/p>\n\n\n\n<p class=\"has-text-align-center\">Iriondo 634 \u2013 Planta Alta<\/p>\n\n\n\n<p class=\"has-text-align-center\">Cel: 3482 \u2013 565518\u00a0<\/p>\n\n\n\n<p><\/p>\n\n\n\n<p class=\"has-text-align-center\">ANEXO VILLA OCAMPO<\/p>\n\n\n\n<p class=\"has-text-align-center\">Lunes a viernes de 8.30 a 12 hs<\/p>\n\n\n\n<p class=\"has-text-align-center\">-Casa de la Cultura \u00abRa\u00fal Scalabrini Ortiz\u00bb &#8211; <\/p>\n\n\n\n<p class=\"has-text-align-center\">Calle Tibaldo N\u00b0 1240 <\/p>\n\n\n\n<p class=\"has-text-align-center\">Tel. 466682<\/p>\n","protected":false},"excerpt":{"rendered":"<p>Inscripci\u00f3n ex\u00e1menes 1er turno \u2013 2 (dos) llamados &nbsp; &nbsp; &nbsp; &nbsp; &nbsp; &nbsp; &nbsp; &nbsp; &nbsp; &nbsp; &nbsp; &nbsp; &nbsp; &nbsp; &nbsp; &nbsp; &nbsp;1er llamado del 9 al 13 de febrero de 2026&nbsp; &nbsp;\u2013 POR FORMULARIO ON LINE \u00a0 \u00a0 \u00a0 \u00a0 \u00a0 \u00a0 \u00a0 \u00a0 \u00a0 \u00a0 \u00a0 \u00a0 \u00a0 \u00a0 \u00a02do llamado &#8230; <a title=\"EX\u00c1MENES CICLO NIVELADOR\" class=\"read-more\" href=\"https:\/\/isfda-sfe.infd.edu.ar\/sitio\/examenes-ciclo-nivelador\/\" aria-label=\"More on EX\u00c1MENES CICLO NIVELADOR\">[+]<\/a><\/p>\n","protected":false},"author":229,"featured_media":0,"parent":0,"menu_order":0,"comment_status":"closed","ping_status":"closed","template":"","meta":[],"acf":[],"_links":{"self":[{"href":"https:\/\/isfda-sfe.infd.edu.ar\/sitio\/wp-json\/wp\/v2\/pages\/2370"}],"collection":[{"href":"https:\/\/isfda-sfe.infd.edu.ar\/sitio\/wp-json\/wp\/v2\/pages"}],"about":[{"href":"https:\/\/isfda-sfe.infd.edu.ar\/sitio\/wp-json\/wp\/v2\/types\/page"}],"author":[{"embeddable":true,"href":"https:\/\/isfda-sfe.infd.edu.ar\/sitio\/wp-json\/wp\/v2\/users\/229"}],"replies":[{"embeddable":true,"href":"https:\/\/isfda-sfe.infd.edu.ar\/sitio\/wp-json\/wp\/v2\/comments?post=2370"}],"version-history":[{"count":43,"href":"https:\/\/isfda-sfe.infd.edu.ar\/sitio\/wp-json\/wp\/v2\/pages\/2370\/revisions"}],"predecessor-version":[{"id":3316,"href":"https:\/\/isfda-sfe.infd.edu.ar\/sitio\/wp-json\/wp\/v2\/pages\/2370\/revisions\/3316"}],"wp:attachment":[{"href":"https:\/\/isfda-sfe.infd.edu.ar\/sitio\/wp-json\/wp\/v2\/media?parent=2370"}],"curies":[{"name":"wp","href":"https:\/\/api.w.org\/{rel}","templated":true}]}}