{"id":2373,"date":"2024-01-16T12:05:08","date_gmt":"2024-01-16T15:05:08","guid":{"rendered":"https:\/\/isfda-sfe.infd.edu.ar\/sitio\/?page_id=2373"},"modified":"2025-12-23T17:21:32","modified_gmt":"2025-12-23T20:21:32","slug":"examenes-nivel-secundario","status":"publish","type":"page","link":"https:\/\/isfda-sfe.infd.edu.ar\/sitio\/examenes-nivel-secundario\/","title":{"rendered":"EX\u00c1MENES NIVEL SECUNDARIO"},"content":{"rendered":"\n<p><\/p>\n\n\n\n<p class=\"has-text-align-center\"><strong>MESAS DE EX\u00c1MENES 2026<\/strong><\/p>\n\n\n\n<p><strong>Escuela Secundaria de Arte N\u00b0 6074 \u2013<\/strong><\/p>\n\n\n\n<p><strong>Mesas de ex\u00e1menes FEBRERO 2026 &#8211; 1er a\u00f1o<\/strong><\/p>\n\n\n\n<div class=\"wp-block-file\"><object class=\"wp-block-file__embed\" data=\"https:\/\/isfda-sfe.infd.edu.ar\/sitio\/wp-content\/uploads\/2025\/12\/Febrero-mesas-de-examenes_-1er-ano_26.pdf\" type=\"application\/pdf\" style=\"width:100%;height:600px\" aria-label=\"Incrustado de Febrero-mesas-de-examenes_-1er-ano_26.\"><\/object><a id=\"wp-block-file--media-4b2cdf83-3878-48ef-8fb5-bbce7cdb887d\" href=\"https:\/\/isfda-sfe.infd.edu.ar\/sitio\/wp-content\/uploads\/2025\/12\/Febrero-mesas-de-examenes_-1er-ano_26.pdf\">Febrero-mesas-de-examenes_-1er-ano_26<\/a><a href=\"https:\/\/isfda-sfe.infd.edu.ar\/sitio\/wp-content\/uploads\/2025\/12\/Febrero-mesas-de-examenes_-1er-ano_26.pdf\" class=\"wp-block-file__button wp-element-button\" download aria-describedby=\"wp-block-file--media-4b2cdf83-3878-48ef-8fb5-bbce7cdb887d\">Descarga<\/a><\/div>\n\n\n\n<p><\/p>\n\n\n\n<p><strong>Mesas de ex\u00e1menes FEBRERO 2026 &#8211; 2do a\u00f1o<\/strong><\/p>\n\n\n\n<div class=\"wp-block-file\"><object class=\"wp-block-file__embed\" data=\"https:\/\/isfda-sfe.infd.edu.ar\/sitio\/wp-content\/uploads\/2025\/12\/Febrero-mesas-de-examenes_-2do-ano_26.pdf\" type=\"application\/pdf\" style=\"width:100%;height:600px\" aria-label=\"Incrustado de Febrero-mesas-de-examenes_-2do-ano_26.\"><\/object><a id=\"wp-block-file--media-b889f7a9-6384-455e-b47b-2f35d6fe2c70\" href=\"https:\/\/isfda-sfe.infd.edu.ar\/sitio\/wp-content\/uploads\/2025\/12\/Febrero-mesas-de-examenes_-2do-ano_26.pdf\">Febrero-mesas-de-examenes_-2do-ano_26<\/a><a href=\"https:\/\/isfda-sfe.infd.edu.ar\/sitio\/wp-content\/uploads\/2025\/12\/Febrero-mesas-de-examenes_-2do-ano_26.pdf\" class=\"wp-block-file__button wp-element-button\" download aria-describedby=\"wp-block-file--media-b889f7a9-6384-455e-b47b-2f35d6fe2c70\">Descarga<\/a><\/div>\n\n\n\n<p><\/p>\n","protected":false},"excerpt":{"rendered":"<p>MESAS DE EX\u00c1MENES 2026 Escuela Secundaria de Arte N\u00b0 6074 \u2013 Mesas de ex\u00e1menes FEBRERO 2026 &#8211; 1er a\u00f1o Mesas de ex\u00e1menes FEBRERO 2026 &#8211; 2do a\u00f1o<\/p>\n","protected":false},"author":229,"featured_media":0,"parent":0,"menu_order":0,"comment_status":"closed","ping_status":"closed","template":"","meta":[],"acf":[],"_links":{"self":[{"href":"https:\/\/isfda-sfe.infd.edu.ar\/sitio\/wp-json\/wp\/v2\/pages\/2373"}],"collection":[{"href":"https:\/\/isfda-sfe.infd.edu.ar\/sitio\/wp-json\/wp\/v2\/pages"}],"about":[{"href":"https:\/\/isfda-sfe.infd.edu.ar\/sitio\/wp-json\/wp\/v2\/types\/page"}],"author":[{"embeddable":true,"href":"https:\/\/isfda-sfe.infd.edu.ar\/sitio\/wp-json\/wp\/v2\/users\/229"}],"replies":[{"embeddable":true,"href":"https:\/\/isfda-sfe.infd.edu.ar\/sitio\/wp-json\/wp\/v2\/comments?post=2373"}],"version-history":[{"count":9,"href":"https:\/\/isfda-sfe.infd.edu.ar\/sitio\/wp-json\/wp\/v2\/pages\/2373\/revisions"}],"predecessor-version":[{"id":3284,"href":"https:\/\/isfda-sfe.infd.edu.ar\/sitio\/wp-json\/wp\/v2\/pages\/2373\/revisions\/3284"}],"wp:attachment":[{"href":"https:\/\/isfda-sfe.infd.edu.ar\/sitio\/wp-json\/wp\/v2\/media?parent=2373"}],"curies":[{"name":"wp","href":"https:\/\/api.w.org\/{rel}","templated":true}]}}