{"id":772,"date":"2018-06-29T19:13:33","date_gmt":"2018-06-29T22:13:33","guid":{"rendered":"https:\/\/isfda-sfe.infd.edu.ar\/sitio\/el-instituto\/"},"modified":"2023-12-27T11:31:01","modified_gmt":"2023-12-27T14:31:01","slug":"el-instituto","status":"publish","type":"page","link":"https:\/\/isfda-sfe.infd.edu.ar\/sitio\/el-instituto\/","title":{"rendered":"El Instituto"},"content":{"rendered":"<p style=\"text-align: center;\"><span style=\"font-size: 24pt; color: #000000;\">\u00a0<strong><span style=\"font-family: tahoma,arial,helvetica,sans-serif;\">INSTITUTO SUPERIOR DE FORMACI\u00d3N DOCENTE EN ARTES N\u00ba 5074\u00a0<\/span><\/strong><\/span><\/p>\n<p style=\"text-align: center;\"><span style=\"font-size: 12pt;\"><span style=\"font-size: 18pt;\"><strong>\u00a0<\/strong><span style=\"color: #000000;\"><strong><span style=\"font-family: tahoma,arial,helvetica,sans-serif;\"><span style=\"font-size: 24pt;\">\u00abGENERAL MANUEL BELGRANO\u00bb<\/span><\/span><\/strong><\/span><\/span><\/span><\/p>\n<p style=\"text-align: center;\"><em><span style=\"color: #000000;\"><span style=\"font-size: 24pt;\"><span style=\"font-size: 14pt;\"><span style=\"font-size: 14pt;\"><b>Ministerio de <\/b><\/span><span style=\"font-size: 14pt;\"><b>Cultura de la Pcia de Santa Fe<\/b><\/span><span style=\"font-size: 24pt;\"><span style=\"font-size: 14pt;\"><b>\u00a0<\/b><\/span><\/span><\/span><\/span><\/span><\/em><\/p>\n<p style=\"text-align: center;\"><span style=\"color: #000000;\"><span style=\"font-size: 24pt;\"><span style=\"font-size: 14pt;\"><span style=\"font-size: 24pt;\"><span style=\"font-size: 14pt;\"><b>Ministra: Susana Rueda<\/b><\/span><\/span><\/span><\/span><\/span><\/p>\n<p style=\"text-align: center;\"><em><span style=\"color: #000000;\"><span style=\"font-size: 24pt;\"><strong><span style=\"font-size: 14pt;\">\u00a0Subsecretar\u00eda\u00a0<\/span><\/strong><\/span><span style=\"font-size: 24pt;\"><strong><span style=\"font-size: 14pt;\">de Educaci\u00f3n Art\u00edstica\u00a0<\/span><\/strong><\/span><\/span><\/em><\/p>\n<p style=\"text-align: center;\"><span style=\"color: #000000;\"><span style=\"font-size: 24pt;\"><strong><span style=\"font-size: 14pt;\"> Subsecretario de educaci\u00f3n art\u00edstica: Mart\u00edn Illia <\/span><\/strong><\/span><\/span><\/p>\n<p style=\"text-align: center;\"><span style=\"color: #000000;\"><span style=\"font-size: 24pt;\"><strong><span style=\"font-size: 14pt;\">Supervisor: Pablo Fossa<\/span><\/strong><\/span><\/span><\/p>\n","protected":false},"excerpt":{"rendered":"<p>\u00a0INSTITUTO SUPERIOR DE FORMACI\u00d3N DOCENTE EN ARTES N\u00ba 5074\u00a0 \u00a0\u00abGENERAL MANUEL BELGRANO\u00bb Ministerio de Cultura de la Pcia de Santa Fe\u00a0 Ministra: Susana Rueda \u00a0Subsecretar\u00eda\u00a0de Educaci\u00f3n Art\u00edstica\u00a0 Subsecretario de educaci\u00f3n art\u00edstica: Mart\u00edn Illia Supervisor: Pablo Fossa<\/p>\n","protected":false},"author":229,"featured_media":0,"parent":0,"menu_order":0,"comment_status":"closed","ping_status":"closed","template":"","meta":[],"acf":[],"_links":{"self":[{"href":"https:\/\/isfda-sfe.infd.edu.ar\/sitio\/wp-json\/wp\/v2\/pages\/772"}],"collection":[{"href":"https:\/\/isfda-sfe.infd.edu.ar\/sitio\/wp-json\/wp\/v2\/pages"}],"about":[{"href":"https:\/\/isfda-sfe.infd.edu.ar\/sitio\/wp-json\/wp\/v2\/types\/page"}],"author":[{"embeddable":true,"href":"https:\/\/isfda-sfe.infd.edu.ar\/sitio\/wp-json\/wp\/v2\/users\/229"}],"replies":[{"embeddable":true,"href":"https:\/\/isfda-sfe.infd.edu.ar\/sitio\/wp-json\/wp\/v2\/comments?post=772"}],"version-history":[{"count":4,"href":"https:\/\/isfda-sfe.infd.edu.ar\/sitio\/wp-json\/wp\/v2\/pages\/772\/revisions"}],"predecessor-version":[{"id":2337,"href":"https:\/\/isfda-sfe.infd.edu.ar\/sitio\/wp-json\/wp\/v2\/pages\/772\/revisions\/2337"}],"wp:attachment":[{"href":"https:\/\/isfda-sfe.infd.edu.ar\/sitio\/wp-json\/wp\/v2\/media?parent=772"}],"curies":[{"name":"wp","href":"https:\/\/api.w.org\/{rel}","templated":true}]}}