{"id":774,"date":"2018-07-10T12:52:32","date_gmt":"2018-07-10T15:52:32","guid":{"rendered":"https:\/\/isfda-sfe.infd.edu.ar\/sitio\/?page_id=774"},"modified":"2026-02-09T13:12:40","modified_gmt":"2026-02-09T16:12:40","slug":"mesas-de-examenes","status":"publish","type":"page","link":"https:\/\/isfda-sfe.infd.edu.ar\/sitio\/mesas-de-examenes\/","title":{"rendered":"EX\u00c1MENES NIVEL SUPERIOR"},"content":{"rendered":"<p style=\"text-align: center;\"><em><strong>Inscripci\u00f3n ex\u00e1menes 1er turno &#8211; 2 (dos) llamados<\/strong><\/em><\/p>\n<p style=\"text-align: center;\"><strong>\u00a0 \u00a0 \u00a0 \u00a0 \u00a0 \u00a0 \u00a0 \u00a0 \u00a0 \u00a0 \u00a0 \u00a0 \u00a0 \u00a0 \u00a0 \u00a0 \u00a01er llamado del 9 al 13 de febrero de 2026\u00a0 \u00a0<\/strong><strong>&#8211; POR FORMULARIO ON LINE<\/strong><\/p>\n<p>\u00a0 \u00a0 \u00a0 \u00a0 \u00a0 \u00a0 \u00a0 \u00a0 \u00a0 \u00a0 \u00a0 \u00a0 \u00a0 \u00a0 \u00a0 \u00a0 \u00a0 \u00a0 \u00a0 \u00a0 \u00a0 \u00a0 \u00a0 \u00a0 \u00a0 \u00a0 \u00a0 \u00a0 \u00a0 \u00a0 \u00a0 \u00a0 \u00a0 \u00a0 \u00a0 <strong>2do llamado del 2 al 5 de marzo de 2026 &#8211; POR FORMULARIO ON LINE<\/strong><\/p>\n<p><strong>\u00a0 \u00a0 \u00a0 \u00a0 \u00a0 \u00a0 \u00a0 \u00a0 \u00a0 \u00a0 \u00a0 \u00a0 \u00a0 \u00a0 \u00a0 \u00a0 \u00a0 \u00a0 \u00a0 \u00a0 \u00a0 \u00a0 \u00a0 \u00a0 \u00a0 \u00a0 \u00a0 \u00a0 \u00a0 \u00a0 \u00a0 \u00a0 \u00a0 \u00a0<\/strong><strong>\u00a0 \u00a0 \u00a0 \u00a0 \u00a0 \u00a0 \u00a0 \u00a0 \u00a0 \u00a0 \u00a0 \u00a0 \u00a0 \u00a0 \u00a0 \u00a0 \u00a0\u00a0<\/strong><\/p>\n<p><strong>\u00a0 <\/strong><b>ATENCI\u00d3N ESTUDIANTES:<\/b><\/p>\n<ul>\n<li>Las inscripciones se realizar\u00e1n a trav\u00e9s de un formulario Google (en los link que se especifican a continuaci\u00f3n correspondiente a cada carrera)<\/li>\n<li>Una vez inscriptos recibir\u00e1n una copia autom\u00e1tica de dicha inscripci\u00f3n (constatar que el mail sea el correcto, de no visualizarla, chequear spam\/correo no deseado)<\/li>\n<li>Se env\u00eda un solo formulario por estudiante<\/li>\n<li>\n<div class=\"o9v6fnle cxmmr5t8 oygrvhab hcukyx3x c1et5uql ii04i59q\">\n<div dir=\"auto\">Al momento de realizar la inscripci\u00f3n tener en cuenta el r\u00e9gimen de correlatividades <strong>\u00a0\u2192 <a href=\"https:\/\/isfda-sfe.infd.edu.ar\/sitio\/reglamentos-academicos\/\" target=\"_blank\" rel=\"noopener\">Ver<\/a>.<\/strong>\u00a0<\/div>\n<\/div>\n<\/li>\n<li>Los ex\u00e1menes comenzar\u00e1n a las <strong>18 horas\u00a0<\/strong><\/li>\n<li>Deber\u00e1n asistir con la <strong>libreta del estudiante<\/strong><\/li>\n<\/ul>\n<div class=\"o9v6fnle cxmmr5t8 oygrvhab hcukyx3x c1et5uql ii04i59q\">\n<div dir=\"auto\">\n<div dir=\"auto\">\u00a0<\/div>\n<div dir=\"auto\"><em><strong>PROFESORADO DE ARTES VISUALES CON ORIENTACI\u00d3N EN PRODUCCI\u00d3N:<\/strong><\/em><\/div>\n<div dir=\"auto\"><strong>\u00a01\u00b0 Llamado FEBRERO<\/strong><\/div>\n<\/div>\n<div dir=\"auto\"><a href=\"https:\/\/isfda-sfe.infd.edu.ar\/sitio\/wp-content\/uploads\/2026\/01\/ARTES.-EXAMENES-1er-llamado.-febrero-2026.pdf\">ARTES VISUALES. EX\u00c1MENES FEBRERO 2026<\/a><\/div>\n<div dir=\"auto\">\n<div dir=\"auto\">Formulario inscripci\u00f3n disponible del 9 al 13 de febrero<\/div>\n<div dir=\"auto\"><a href=\"https:\/\/docs.google.com\/forms\/d\/e\/1FAIpQLSfRlHJ5O4Rxyj5bEqk4-nQJC9v8H1G-hMQleJUZV9S3ZQ6l_g\/viewform?usp=dialog\">https:\/\/forms.gle\/AJs6ab1MrMaSYUae<\/a><\/div>\n<div dir=\"auto\">\n<div dir=\"auto\">\n<div dir=\"auto\"><strong>2\u00b0 Llamado MARZO<\/strong><\/div>\n<\/div>\n<div dir=\"auto\"><a href=\"https:\/\/isfda-sfe.infd.edu.ar\/sitio\/wp-content\/uploads\/2026\/01\/ARTES.-EXAMENES-2do-llamado.-marzo-2026.pdf\">ARTES. EX\u00c1MENES MARZO 2026<\/a><\/div>\n<div dir=\"auto\">\n<div dir=\"auto\">Formulario inscripci\u00f3n disponible del 2 al 5 de marzo<\/div>\n<div dir=\"auto\"><a href=\"https:\/\/docs.google.com\/forms\/d\/e\/1FAIpQLSdBrRspE03fSHKEJNQFeZaXk7_NrNadtMbHi4Y5fgMB37JpPw\/viewform?usp=dialog\">https:\/\/forms.gle\/AJs6ab1MrMaSYUae<\/a><\/div>\n<\/div>\n<\/div>\n<\/div>\n<div dir=\"auto\">\n<div dir=\"auto\">\n<div class=\"wp-block-group is-vertical is-layout-flex wp-container-1\">\u00a0<\/div>\n<div class=\"wp-block-group is-vertical is-layout-flex wp-container-2\">\u00a0<\/div>\n<\/div>\n<div dir=\"auto\"><em><strong>PROFESORADO DE M\u00daSICA:<\/strong><\/em><\/div>\n<\/div>\n<div dir=\"auto\">\n<div dir=\"auto\">\n<div dir=\"auto\">\n<div dir=\"auto\"><strong>1\u00b0 Llamado FEBRERO<\/strong><\/div>\n<\/div>\n<div dir=\"auto\"><a href=\"https:\/\/isfda-sfe.infd.edu.ar\/sitio\/wp-content\/uploads\/2026\/01\/MUSICA.-EXAMENES-1er-llamado.-febrero-2026.pdf\">M\u00daSICA. EX\u00c1MENES FEBRERO 2026<\/a><\/div>\n<div dir=\"auto\">\n<div dir=\"auto\">Formulario inscripci\u00f3n disponible del 9 al 13 de febrero<\/div>\n<div dir=\"auto\"><a href=\"https:\/\/docs.google.com\/forms\/d\/e\/1FAIpQLSfaiyplGHuwptTO01nqdtiu9V-QN8mKGeEYf0ioFncduiFBpA\/viewform?usp=dialog\">https:\/\/forms.gle\/AJs6ab1MrMaSYUae9<\/a><\/div>\n<\/div>\n<\/div>\n<\/div>\n<\/div>\n<div dir=\"auto\">\n<div dir=\"auto\">\n<div dir=\"auto\"><strong>2\u00b0 Llamado MARZO<\/strong><\/div>\n<\/div>\n<div dir=\"auto\"><a href=\"https:\/\/isfda-sfe.infd.edu.ar\/sitio\/wp-content\/uploads\/2026\/01\/MUSICA.-EXAMENES-2do-llamado.-marzo-2026.pdf\">M\u00daSICA. EX\u00c1MENES MARZO 2026<\/a><\/div>\n<div dir=\"auto\">\n<div dir=\"auto\">Formulario inscripci\u00f3n disponible del 2 al 5 de marzo<\/div>\n<div dir=\"auto\"><a href=\"https:\/\/docs.google.com\/forms\/d\/e\/1FAIpQLSfLkebvDN6AFrXPotme_AcDaALCCJ2w325j51ZVTrhvGB5ETQ\/viewform?usp=dialog\">https:\/\/forms.gle\/AJs6ab1MrMaSYUae<\/a><\/div>\n<\/div>\n<\/div>\n<div dir=\"auto\">\u00a0<\/div>\n<div dir=\"auto\">\u00a0<\/div>\n<div dir=\"auto\"><em><strong>PROFESORADO DE DANZA CON ORIENTACI\u00d3N EN DANZA CONTEMPOR\u00c1NEA:<\/strong><\/em><\/div>\n<div class=\"o9v6fnle cxmmr5t8 oygrvhab hcukyx3x c1et5uql ii04i59q\">\n<div dir=\"auto\">\n<div dir=\"auto\">\n<div dir=\"auto\">\n<div dir=\"auto\"><strong>1\u00b0 Llamado FEBRERO<\/strong><\/div>\n<\/div>\n<div dir=\"auto\"><a href=\"https:\/\/isfda-sfe.infd.edu.ar\/sitio\/wp-content\/uploads\/2026\/01\/DANZA.-EXAMENES-1er-llamado.-febrero-2026.pdf\">DANZA. EX\u00c1MENES FEBRERO 2026<\/a><\/div>\n<div dir=\"auto\">\n<div dir=\"auto\">Formulario inscripci\u00f3n disponible del 9 al 13 de febrero<\/div>\n<div dir=\"auto\"><a href=\"https:\/\/docs.google.com\/forms\/d\/e\/1FAIpQLSemYOorPMI-GK4z2O47z5UWttE7pl9cK7VsA4CNYCQBp8XLcA\/viewform?usp=header\">https:\/\/forms.gle\/AJs6ab1MrMaSYUae9<\/a><\/div>\n<\/div>\n<\/div>\n<div dir=\"auto\">\n<div dir=\"auto\">\n<div dir=\"auto\">\n<div dir=\"auto\">\n<div dir=\"auto\"><strong>2\u00b0 Llamado MARZO<\/strong><\/div>\n<\/div>\n<\/div>\n<\/div>\n<div dir=\"auto\">\n<div dir=\"auto\"><a href=\"https:\/\/isfda-sfe.infd.edu.ar\/sitio\/wp-content\/uploads\/2026\/01\/DANZA.-EXAMENES-2do-llamado.-marzo-2026.pdf\">DANZA. EX\u00c1MENES MARZO 2026<\/a><\/div>\n<div dir=\"auto\">\n<div dir=\"auto\">Formulario inscripci\u00f3n disponible del 2 al 5 de marzo<\/div>\n<div dir=\"auto\"><a href=\"https:\/\/docs.google.com\/forms\/d\/e\/1FAIpQLScEVu69bOPGY1Co13FqtHIAxrUmefZzJAkLoK4dZJUh3fL2Yg\/viewform?usp=header\">https:\/\/forms.gle\/AJs6ab1MrMaSYUae<\/a><\/div>\n<\/div>\n<\/div>\n<\/div>\n<\/div>\n<div dir=\"auto\">\u00a0<\/div>\n<div dir=\"auto\">\n<div dir=\"auto\">\n<div dir=\"auto\">\u00a0<\/div>\n<\/div>\n<\/div>\n<div dir=\"auto\"><em><strong>PROFESORADO DE TEATRO:<\/strong><\/em><\/div>\n<div dir=\"auto\">\n<div dir=\"auto\">\n<div dir=\"auto\"><strong>1\u00b0 Llamado FEBRERO<\/strong><\/div>\n<\/div>\n<div dir=\"auto\"><a href=\"https:\/\/isfda-sfe.infd.edu.ar\/sitio\/wp-content\/uploads\/2026\/01\/TEATRO.-EXAMENES-1er-llamado.-febrero-2026-1.pdf\">TEATRO. EX\u00c1MENES FEBRERO 2026<\/a><\/div>\n<div dir=\"auto\">Formulario inscripci\u00f3n disponible del 9 al 13 de febrero<\/div>\n<div dir=\"auto\">\n<div dir=\"auto\"><a href=\"https:\/\/docs.google.com\/forms\/d\/e\/1FAIpQLSe786fwY9cwTeqDYiLUoBJgduCqMnmxj3Hc3WZ35cqeTtcnxQ\/viewform?usp=sf_link\">https:\/\/forms.gle\/AJs6ab1MrMaSYUae9<\/a><\/div>\n<\/div>\n<\/div>\n<div dir=\"auto\">\n<div dir=\"auto\">\n<div dir=\"auto\">\n<div dir=\"auto\">\n<div dir=\"auto\"><strong>2\u00b0 Llamado MARZO<\/strong><\/div>\n<\/div>\n<div dir=\"auto\"><a href=\"https:\/\/isfda-sfe.infd.edu.ar\/sitio\/wp-content\/uploads\/2026\/01\/TEATRO.-EXAMENES-2do-llamado.-marzo-2026.pdf\">TEATRO. EX\u00c1MENES MARZO 2026<\/a><\/div>\n<div dir=\"auto\">\n<div dir=\"auto\">Formulario inscripci\u00f3n disponible del 2 al 5 de marzo<\/div>\n<div dir=\"auto\"><a href=\"https:\/\/docs.google.com\/forms\/d\/e\/1FAIpQLSdANFRxY3KoNxovMmI7r485VQg9pOyXb03sIjHi-I7wjATQWQ\/viewform?usp=dialog\">https:\/\/forms.gle\/AJs6ab1MrMaSYUae<\/a><\/div>\n<\/div>\n<\/div>\n<\/div>\n<\/div>\n<div dir=\"auto\">\u00a0<\/div>\n<\/div>\n<div class=\"o9v6fnle cxmmr5t8 oygrvhab hcukyx3x c1et5uql ii04i59q\">\n<div dir=\"auto\">\u00a0<\/div>\n<\/div>\n<div class=\"o9v6fnle cxmmr5t8 oygrvhab hcukyx3x c1et5uql ii04i59q\">\n<div dir=\"auto\">\u00a0<\/div>\n<\/div>\n<p style=\"text-align: center;\"><span style=\"font-family: comic sans ms,sans-serif;\"><span style=\"font-size: 14pt;\"><span style=\"background-color: #ffffff;\">INFORMES:<\/span><\/span><\/span><\/p>\n<p style=\"text-align: center;\"><span style=\"font-family: comic sans ms,sans-serif;\"><span style=\"font-size: 14pt;\"><span style=\"background-color: #ffffff;\">Lunes a viernes de 13 a 22 hs<\/span><\/span><\/span><\/p>\n<p style=\"text-align: center;\"><span style=\"font-family: comic sans ms,sans-serif;\"><span style=\"font-size: 14pt;\"><span style=\"background-color: #ffffff;\">Iriondo 634 &#8211; Planta Alta<\/span><\/span><\/span><\/p>\n<p style=\"text-align: center;\"><span style=\"font-family: 'comic sans ms', sans-serif; font-size: 14pt;\"><span style=\"font-family: comic sans ms,sans-serif;\"><span style=\"font-family: comic sans ms,sans-serif;\"><span style=\"font-size: 14pt;\"><span style=\"background-color: #ffffff;\">Cel: 3482 &#8211; 565518<\/span><\/span><\/span><\/span><\/span><\/p>\n<p style=\"text-align: center;\">\u00a0<\/p>\n<p style=\"text-align: justify;\"><span style=\"font-family: comic sans ms,sans-serif;\"><span style=\"font-size: 14pt;\"><span style=\"background-color: #ffffff;\">\u00a0\u00a0 \u00a0 \u00a0 \u00a0 \u00a0 \u00a0 \u00a0 \u00a0 \u00a0 \u00a0<\/span><\/span><\/span><\/p>\n<p style=\"text-align: center;\"><span style=\"font-size: 12pt;\"><span style=\"font-family: arial black,avant garde;\"><span style=\"font-size: 10pt;\">\u00a0<\/span><\/span><\/span><\/p>\n\n\n<p><\/p>\n\n\n\n<p><\/p>\n","protected":false},"excerpt":{"rendered":"<p>Inscripci\u00f3n ex\u00e1menes 1er turno &#8211; 2 (dos) llamados \u00a0 \u00a0 \u00a0 \u00a0 \u00a0 \u00a0 \u00a0 \u00a0 \u00a0 \u00a0 \u00a0 \u00a0 \u00a0 \u00a0 \u00a0 \u00a0 \u00a01er llamado del 9 al 13 de febrero de 2026\u00a0 \u00a0&#8211; POR FORMULARIO ON LINE \u00a0 \u00a0 \u00a0 \u00a0 \u00a0 \u00a0 \u00a0 \u00a0 \u00a0 \u00a0 \u00a0 \u00a0 \u00a0 \u00a0 \u00a0 \u00a0 &#8230; <a title=\"EX\u00c1MENES NIVEL SUPERIOR\" class=\"read-more\" href=\"https:\/\/isfda-sfe.infd.edu.ar\/sitio\/mesas-de-examenes\/\" aria-label=\"More on EX\u00c1MENES NIVEL SUPERIOR\">[+]<\/a><\/p>\n","protected":false},"author":229,"featured_media":0,"parent":0,"menu_order":0,"comment_status":"closed","ping_status":"closed","template":"","meta":[],"acf":[],"_links":{"self":[{"href":"https:\/\/isfda-sfe.infd.edu.ar\/sitio\/wp-json\/wp\/v2\/pages\/774"}],"collection":[{"href":"https:\/\/isfda-sfe.infd.edu.ar\/sitio\/wp-json\/wp\/v2\/pages"}],"about":[{"href":"https:\/\/isfda-sfe.infd.edu.ar\/sitio\/wp-json\/wp\/v2\/types\/page"}],"author":[{"embeddable":true,"href":"https:\/\/isfda-sfe.infd.edu.ar\/sitio\/wp-json\/wp\/v2\/users\/229"}],"replies":[{"embeddable":true,"href":"https:\/\/isfda-sfe.infd.edu.ar\/sitio\/wp-json\/wp\/v2\/comments?post=774"}],"version-history":[{"count":112,"href":"https:\/\/isfda-sfe.infd.edu.ar\/sitio\/wp-json\/wp\/v2\/pages\/774\/revisions"}],"predecessor-version":[{"id":3321,"href":"https:\/\/isfda-sfe.infd.edu.ar\/sitio\/wp-json\/wp\/v2\/pages\/774\/revisions\/3321"}],"wp:attachment":[{"href":"https:\/\/isfda-sfe.infd.edu.ar\/sitio\/wp-json\/wp\/v2\/media?parent=774"}],"curies":[{"name":"wp","href":"https:\/\/api.w.org\/{rel}","templated":true}]}}