{"id":785,"date":"2018-06-29T19:13:39","date_gmt":"2018-06-29T22:13:39","guid":{"rendered":"https:\/\/isfda-sfe.infd.edu.ar\/sitio\/profesorado-de-artes-visuales\/"},"modified":"2026-03-25T09:40:38","modified_gmt":"2026-03-25T12:40:38","slug":"profesorado-de-artes-visuales","status":"publish","type":"page","link":"https:\/\/isfda-sfe.infd.edu.ar\/sitio\/profesorado-de-artes-visuales\/","title":{"rendered":"Profesorado de Artes Visuales con orientaci\u00f3n en Producci\u00f3n"},"content":{"rendered":"<p style=\"text-align: center;\"><span style=\"font-family: Arial; color: #cc6600; font-size: 14pt;\" data-mce-mark=\"1\"><strong>ESTRUCTURA CURRICULAR POR A\u00d1O Y POR CAMPO DE FORMACI\u00d3N<\/strong><\/span><span style=\"color: #003366;\" data-mce-mark=\"1\">\u00a0<\/span><\/p>\n<p>\u00a0<\/p>\n<table border=\"1\" cellspacing=\"0\" cellpadding=\"0\" align=\"left\">\n<tbody>\n<tr style=\"background-color: #f68d08;\">\n<td colspan=\"2\" valign=\"top\" width=\"642\">\n<p style=\"text-align: center;\"><strong>PRIMER\u00a0<\/strong><strong>A\u00d1O<\/strong><\/p>\n<\/td>\n<\/tr>\n<tr>\n<td valign=\"top\" width=\"352\">\n<p style=\"text-align: center;\"><strong>Unidad curricular<\/strong><\/p>\n<\/td>\n<td valign=\"top\" width=\"290\">\n<p style=\"text-align: center;\"><strong>Formato curricular<\/strong><\/p>\n<\/td>\n<\/tr>\n<tr>\n<td colspan=\"2\" valign=\"top\" width=\"352\">\n<p style=\"text-align: justify;\"><strong><strong>CAMPO DE LA FORMACI\u00d3N GENERAL<\/strong><\/strong><\/p>\n<\/td>\n<\/tr>\n<tr>\n<td valign=\"top\" width=\"352\">PEDAGOG\u00cdA<\/td>\n<td valign=\"top\" width=\"290\">MATERIA<\/td>\n<\/tr>\n<tr>\n<td valign=\"top\" width=\"352\">DID\u00c1CTICA Y CURRICULUM<\/td>\n<td valign=\"top\" width=\"290\">MATERIA<\/td>\n<\/tr>\n<tr>\n<td valign=\"top\" width=\"352\">PSICOLOGIA Y EDUCACI\u00d3N<\/td>\n<td valign=\"top\" width=\"290\">MATERIA<\/td>\n<\/tr>\n<tr>\n<td valign=\"top\" width=\"352\">PROBLEM\u00c1TICA DE LA CULTURA\u00a0ARGENTINA Y LATINOAMERICANA<\/td>\n<td valign=\"top\" width=\"290\">MATERIA<\/td>\n<\/tr>\n<tr>\n<td colspan=\"2\" valign=\"top\" width=\"642\"><strong>CAMPO DE LA FORMACI\u00d3N ESPECIFICA<\/strong><\/td>\n<\/tr>\n<tr>\n<td valign=\"top\" width=\"352\">FORMA Y COLOR I<\/td>\n<td valign=\"top\" width=\"290\">TALLER<\/td>\n<\/tr>\n<tr>\n<td valign=\"top\" width=\"352\">LENGUAJE VISUAL I<\/td>\n<td valign=\"top\" width=\"290\">MATERIA<\/td>\n<\/tr>\n<tr>\n<td valign=\"top\" width=\"352\">PRODUCCI\u00d3N EN EL PLANO I\n<p>\u00a0<\/p>\n<p>Dibujo \/ Pintura<\/p>\n<\/td>\n<td valign=\"top\" width=\"290\">TALLER<\/td>\n<\/tr>\n<tr>\n<td valign=\"top\" width=\"352\">PRODUCCI\u00d3N EN EL ESPACIO I\n<p>\u00a0<\/p>\n<p>Cer\u00e1mica \/ Escultura<\/p>\n<\/td>\n<td valign=\"top\" width=\"290\">TALLER<\/td>\n<\/tr>\n<tr>\n<td valign=\"top\" width=\"352\">PROBLEM\u00c1TICA HIST\u00d3RICA DEL\u00a0ARTE I<\/td>\n<td valign=\"top\" width=\"290\">MATERIA<\/td>\n<\/tr>\n<tr>\n<td colspan=\"2\" valign=\"top\" width=\"642\"><strong>CAMPO DE LA FORMACI\u00d3N EN LA PR\u00c1CTICA PROFESIONAL<\/strong><\/td>\n<\/tr>\n<tr>\n<td valign=\"top\" width=\"352\">PR\u00c1CTICA DOCENTE I:\u00a0Escenarios educativos<\/td>\n<td valign=\"top\" width=\"290\">TALLER<\/td>\n<\/tr>\n<\/tbody>\n<\/table>\n<table border=\"1\" cellspacing=\"0\" cellpadding=\"0\">\n<tbody>\n<tr style=\"background-color: #f68d08;\">\n<td colspan=\"2\" valign=\"top\" width=\"642\">\n<p style=\"text-align: center;\"><strong>SEGUNDO A\u00d1O<\/strong><\/p>\n<\/td>\n<\/tr>\n<tr>\n<td valign=\"top\" width=\"347\">\n<p style=\"text-align: center;\"><strong>Unidad curricular<\/strong><\/p>\n<\/td>\n<td valign=\"top\" width=\"295\">\n<p style=\"text-align: center;\"><strong>Formato curricular<\/strong><\/p>\n<\/td>\n<\/tr>\n<tr>\n<td colspan=\"2\" valign=\"top\" width=\"642\"><strong>CAMPO DE LA FORMACI\u00d3N GENERAL<\/strong><\/td>\n<\/tr>\n<tr>\n<td valign=\"top\" width=\"347\">HISTORIA SOCIAL Y POLITICA DE LA\u00a0EDUCACION ARGENTINA<\/td>\n<td valign=\"top\" width=\"295\">MATERIA<\/td>\n<\/tr>\n<tr>\n<td valign=\"top\" width=\"347\">ANTROPOLOG\u00cdA SOCIOCULTURAL<\/td>\n<td valign=\"top\" width=\"295\">MATERIA<\/td>\n<\/tr>\n<tr>\n<td colspan=\"2\" valign=\"top\" width=\"642\"><strong>CAMPO DE LA FORMACI\u00d3N ESPECIFICA<\/strong><\/td>\n<\/tr>\n<tr>\n<td valign=\"top\" width=\"347\">DID\u00c1CTICA DE LAS ARTES VISUALES I<\/td>\n<td valign=\"top\" width=\"295\">MATERIA<\/td>\n<\/tr>\n<tr>\n<td valign=\"top\" width=\"347\">SUJETOS DE LA EDUCACI\u00d3N I<\/td>\n<td valign=\"top\" width=\"295\">MATERIA<\/td>\n<\/tr>\n<tr>\n<td valign=\"top\" width=\"347\">FORMA Y COLOR II<\/td>\n<td valign=\"top\" width=\"295\">TALLER<\/td>\n<\/tr>\n<tr>\n<td valign=\"top\" width=\"347\">LENGUAJE VISUAL II<\/td>\n<td valign=\"top\" width=\"295\">MATERIA<\/td>\n<\/tr>\n<tr>\n<td valign=\"top\" width=\"347\">PRODUCCI\u00d3N EN EL PLANO II:\n<p>\u00a0<\/p>\n<p>Dibujo \/ Pintura<\/p>\n<\/td>\n<td valign=\"top\" width=\"295\">TALLER<\/td>\n<\/tr>\n<tr>\n<td valign=\"top\" width=\"347\">PRODUCCI\u00d3N EN EL ESPACIO II:\n<p>\u00a0<\/p>\n<p>Cer\u00e1mica \/ Escultura<\/p>\n<\/td>\n<td valign=\"top\" width=\"295\">TALLER<\/td>\n<\/tr>\n<tr>\n<td valign=\"top\" width=\"347\">GR\u00c1FICA Y T\u00c9CNICAS DE IMPRESI\u00d3N I<\/td>\n<td valign=\"top\" width=\"295\">TALLER<\/td>\n<\/tr>\n<tr>\n<td valign=\"top\" width=\"347\">PROBLEM\u00c1TICA HIST\u00d3RICA DEL\u00a0ARTE II<\/td>\n<td valign=\"top\" width=\"295\">MATERIA<\/td>\n<\/tr>\n<tr>\n<td colspan=\"2\" valign=\"top\" width=\"642\"><strong>CAMPO DE LA FORMACI\u00d3N EN LA PR\u00c1CTICA PROFESIONAL<\/strong><\/td>\n<\/tr>\n<tr>\n<td valign=\"top\" width=\"347\">PR\u00c1CTICA DOCENTE II:\u00a0La instituci\u00f3n escolar<\/td>\n<td valign=\"top\" width=\"295\">TALLER<\/td>\n<\/tr>\n<\/tbody>\n<\/table>\n<table border=\"1\" cellspacing=\"0\" cellpadding=\"0\">\n<tbody>\n<tr style=\"background-color: #f68d08;\">\n<td colspan=\"2\" valign=\"top\" width=\"642\">\n<p style=\"text-align: center;\"><strong>TERCER A\u00d1O<\/strong><\/p>\n<\/td>\n<\/tr>\n<tr>\n<td style=\"text-align: center;\" valign=\"top\" width=\"352\"><strong>Unidad curricular<\/strong><\/td>\n<td style=\"text-align: center;\" valign=\"top\" width=\"290\"><strong>Formato curricular<\/strong><\/td>\n<\/tr>\n<tr>\n<td colspan=\"2\" valign=\"top\" width=\"642\"><strong>CAMPO DE LA FORMACI\u00d3N GENERAL<\/strong><\/td>\n<\/tr>\n<tr>\n<td valign=\"top\" width=\"352\">PROBLEM\u00c1TICA FILOS\u00d3FICA<\/td>\n<td valign=\"top\" width=\"290\">MATERIA<\/td>\n<\/tr>\n<tr>\n<td valign=\"top\" width=\"352\">EDUCACION SEXUAL INTEGRAL<\/td>\n<td valign=\"top\" width=\"290\">SEMINARIO<\/td>\n<\/tr>\n<tr>\n<td colspan=\"2\" valign=\"top\" width=\"642\"><strong>CAMPO DE LA FORMACI\u00d3N ESPECIFICA<\/strong><\/td>\n<\/tr>\n<tr>\n<td valign=\"top\" width=\"352\">DID\u00c1CTICA DE LAS ARTES VISUALES II<\/td>\n<td valign=\"top\" width=\"290\">MATERIA<\/td>\n<\/tr>\n<tr>\n<td valign=\"top\" width=\"352\">SUJETOS DE LA EDUCACION II<\/td>\n<td valign=\"top\" width=\"290\">MATERIA<\/td>\n<\/tr>\n<tr>\n<td valign=\"top\" width=\"352\">LENGUAJE VISUAL III<\/td>\n<td valign=\"top\" width=\"290\">MATERIA<\/td>\n<\/tr>\n<tr>\n<td valign=\"top\" width=\"352\">PRODUCCION EN EL PLANO III:\n<p>\u00a0<\/p>\n<p>Dibujo \/ Pintura<\/p>\n<\/td>\n<td valign=\"top\" width=\"290\">TALLER<\/td>\n<\/tr>\n<tr>\n<td valign=\"top\" width=\"352\">PRODUCCI\u00d3N EN EL ESPACIO III:\n<p>\u00a0<\/p>\n<p>Cer\u00e1mica \/ Escultura<\/p>\n<\/td>\n<td valign=\"top\" width=\"290\">TALLER<\/td>\n<\/tr>\n<tr>\n<td valign=\"top\" width=\"352\">GR\u00c1FICA Y T\u00c9CNICAS DE IMPRESI\u00d3N II<\/td>\n<td valign=\"top\" width=\"290\">TALLER<\/td>\n<\/tr>\n<tr>\n<td valign=\"top\" width=\"352\">PROBLEM\u00c1TICA DEL ARTE\u00a0ARGENTINO Y LATINOAMERICANO<\/td>\n<td valign=\"top\" width=\"290\">MATERIA<\/td>\n<\/tr>\n<tr>\n<td valign=\"top\" width=\"352\">UDI<\/td>\n<td valign=\"top\" width=\"290\">TALLER<\/td>\n<\/tr>\n<tr>\n<td colspan=\"2\" valign=\"top\" width=\"642\"><strong>CAMPO DE LA FORMACI\u00d3N EN LA PR\u00c1CTICA PROFESIONAL<\/strong><\/td>\n<\/tr>\n<tr>\n<td valign=\"top\" width=\"352\">PR\u00c1CTICA DOCENTE III: La clase, los procesos del aprender y del ense\u00f1ar<\/td>\n<td valign=\"top\" width=\"290\">TALLER<\/td>\n<\/tr>\n<\/tbody>\n<\/table>\n<table border=\"1\" cellspacing=\"0\" cellpadding=\"0\">\n<tbody>\n<tr style=\"background-color: #f68d08;\">\n<td colspan=\"2\" valign=\"top\" width=\"642\">\n<p style=\"text-align: center;\"><strong>CUARTO A\u00d1O<\/strong><\/p>\n<\/td>\n<\/tr>\n<tr>\n<td valign=\"top\" width=\"351\">\n<p style=\"text-align: center;\"><strong>Unidad curricular<\/strong><\/p>\n<\/td>\n<td valign=\"top\" width=\"291\">\n<p style=\"text-align: center;\"><strong>Formato curricular<\/strong><\/p>\n<\/td>\n<\/tr>\n<tr>\n<td colspan=\"2\" valign=\"top\" width=\"642\"><strong>CAMPO DE LA FORMACI\u00d3N GENERAL<\/strong><\/td>\n<\/tr>\n<tr>\n<td valign=\"top\" width=\"351\">\u00c9TICA Y TRABAJO DOCENTE<\/td>\n<td valign=\"top\" width=\"291\">MATERIA<\/td>\n<\/tr>\n<tr>\n<td valign=\"top\" width=\"351\">PR\u00c1CTICAS INVESTIGATIVAS<\/td>\n<td valign=\"top\" width=\"291\">MATERIA<\/td>\n<\/tr>\n<tr>\n<td valign=\"top\" width=\"351\">EST\u00c9TICA<\/td>\n<td valign=\"top\" width=\"291\">MATERIA<\/td>\n<\/tr>\n<tr>\n<td colspan=\"2\" valign=\"top\" width=\"642\"><strong>CAMPO DE LA FORMACI\u00d3N ESPECIFICA<\/strong><\/td>\n<\/tr>\n<tr>\n<td valign=\"top\" width=\"351\">PROYECTO DE PRODUCCI\u00d3N EN EL PLANO:\n<p>\u00a0<\/p>\n<p>Dibujo \/ Pintura<\/p>\n<\/td>\n<td valign=\"top\" width=\"291\">TALLER<\/td>\n<\/tr>\n<tr>\n<td valign=\"top\" width=\"351\">PROYECTO DE PRODUCCI\u00d3N EN EL ESPACIO:\n<p>\u00a0<\/p>\n<p>Cer\u00e1mica \/ Escultura<\/p>\n<\/td>\n<td valign=\"top\" width=\"291\">TALLER<\/td>\n<\/tr>\n<tr>\n<td valign=\"top\" width=\"351\">GR\u00c1FICA Y T\u00c9CNICAS DE IMPRESI\u00d3N III<\/td>\n<td valign=\"top\" width=\"291\">TALLER<\/td>\n<\/tr>\n<tr>\n<td valign=\"top\" width=\"351\">TECNOLOG\u00cdAS DE LA IMAGEN<\/td>\n<td valign=\"top\" width=\"291\">TALLER<\/td>\n<\/tr>\n<tr>\n<td valign=\"top\" width=\"351\">EST\u00c9TICAS CONTEMPOR\u00c1NEAS<\/td>\n<td valign=\"top\" width=\"291\">MATERIA<\/td>\n<\/tr>\n<tr>\n<td colspan=\"2\" valign=\"top\" width=\"642\"><strong>CAMPO DE LA FORMACI\u00d3N EN LA PR\u00c1CTICA PROFESIONAL<\/strong><\/td>\n<\/tr>\n<tr>\n<td valign=\"top\" width=\"351\">PR\u00c1CTICA DOCENTE IV Residencia: El Rol Docente y su Pr\u00e1ctica<\/td>\n<td valign=\"top\" width=\"291\">TALLER<\/td>\n<\/tr>\n<\/tbody>\n<\/table>\n\n\n<div class=\"wp-block-file\"><a id=\"wp-block-file--media-82934e11-b377-4133-8dbe-7d38a9fa44e1\" href=\"https:\/\/isfda-sfe.infd.edu.ar\/sitio\/wp-content\/uploads\/2026\/03\/Artes-Visuales.2022-modificacion-regimen-de-correlatividades.pdf\" target=\"_blank\" rel=\"noreferrer noopener\">Artes Visuales. Regimen de correlatividades<\/a><a href=\"https:\/\/isfda-sfe.infd.edu.ar\/sitio\/wp-content\/uploads\/2026\/03\/Artes-Visuales.2022-modificacion-regimen-de-correlatividades.pdf\" class=\"wp-block-file__button wp-element-button\" download aria-describedby=\"wp-block-file--media-82934e11-b377-4133-8dbe-7d38a9fa44e1\">Descarga<\/a><\/div>\n\n\n\n<p>Decreto N\u00b0 4199\/15: Reglamento Acad\u00e9mico Marco \u2013 Res. ME N\u00ba 296\/16-Res. MIyC N\u00ba 123\/16 &#8211; Disp. N\u00ba 8\/22<\/p>\n","protected":false},"excerpt":{"rendered":"<p>ESTRUCTURA CURRICULAR POR A\u00d1O Y POR CAMPO DE FORMACI\u00d3N\u00a0 \u00a0 PRIMER\u00a0A\u00d1O Unidad curricular Formato curricular CAMPO DE LA FORMACI\u00d3N GENERAL PEDAGOG\u00cdA MATERIA DID\u00c1CTICA Y CURRICULUM MATERIA PSICOLOGIA Y EDUCACI\u00d3N MATERIA PROBLEM\u00c1TICA DE LA CULTURA\u00a0ARGENTINA Y LATINOAMERICANA MATERIA CAMPO DE LA FORMACI\u00d3N ESPECIFICA FORMA Y COLOR I TALLER LENGUAJE VISUAL I MATERIA PRODUCCI\u00d3N EN EL PLANO &#8230; <a title=\"Profesorado de Artes Visuales con orientaci\u00f3n en Producci\u00f3n\" class=\"read-more\" href=\"https:\/\/isfda-sfe.infd.edu.ar\/sitio\/profesorado-de-artes-visuales\/\" aria-label=\"More on Profesorado de Artes Visuales con orientaci\u00f3n en Producci\u00f3n\">[+]<\/a><\/p>\n","protected":false},"author":229,"featured_media":0,"parent":0,"menu_order":0,"comment_status":"closed","ping_status":"closed","template":"","meta":[],"acf":[],"_links":{"self":[{"href":"https:\/\/isfda-sfe.infd.edu.ar\/sitio\/wp-json\/wp\/v2\/pages\/785"}],"collection":[{"href":"https:\/\/isfda-sfe.infd.edu.ar\/sitio\/wp-json\/wp\/v2\/pages"}],"about":[{"href":"https:\/\/isfda-sfe.infd.edu.ar\/sitio\/wp-json\/wp\/v2\/types\/page"}],"author":[{"embeddable":true,"href":"https:\/\/isfda-sfe.infd.edu.ar\/sitio\/wp-json\/wp\/v2\/users\/229"}],"replies":[{"embeddable":true,"href":"https:\/\/isfda-sfe.infd.edu.ar\/sitio\/wp-json\/wp\/v2\/comments?post=785"}],"version-history":[{"count":20,"href":"https:\/\/isfda-sfe.infd.edu.ar\/sitio\/wp-json\/wp\/v2\/pages\/785\/revisions"}],"predecessor-version":[{"id":3787,"href":"https:\/\/isfda-sfe.infd.edu.ar\/sitio\/wp-json\/wp\/v2\/pages\/785\/revisions\/3787"}],"wp:attachment":[{"href":"https:\/\/isfda-sfe.infd.edu.ar\/sitio\/wp-json\/wp\/v2\/media?parent=785"}],"curies":[{"name":"wp","href":"https:\/\/api.w.org\/{rel}","templated":true}]}}