{"id":790,"date":"2018-06-29T19:13:41","date_gmt":"2018-06-29T22:13:41","guid":{"rendered":"https:\/\/isfda-sfe.infd.edu.ar\/sitio\/profesorado-de-musica\/"},"modified":"2024-02-21T16:25:23","modified_gmt":"2024-02-21T19:25:23","slug":"profesorado-de-musica","status":"publish","type":"page","link":"https:\/\/isfda-sfe.infd.edu.ar\/sitio\/profesorado-de-musica\/","title":{"rendered":"Profesorado de M\u00fasica"},"content":{"rendered":"<p style=\"text-align: center;\"><strong><span style=\"font-size: 14pt;\"><span style=\"color: #ff6600;\">\u00a0\u00a0\u00a0\u00a0\u00a0<\/span><\/span><span style=\"font-size: 14pt;\"><span style=\"color: #ff6600;\">\u00a0<\/span><span style=\"color: #ff6600;\"><span style=\"color: #3366ff;\">ESTRUCTURA CURRICULAR POR A\u00d1O Y POR CAMPO DE FORMACI\u00d3N<\/span><\/span><\/span><\/strong><\/p>\n<p style=\"text-align: center;\"><span style=\"font-size: 14pt;\">\u00a0<\/span><\/p>\n<table border=\"1\" cellspacing=\"0\" cellpadding=\"0\">\n<tbody>\n<tr style=\"background-color: #3ed2de;\">\n<td colspan=\"2\" valign=\"top\" width=\"566\">\n<p style=\"text-align: center;\"><strong>PRIMER A\u00d1O<\/strong><\/p>\n<\/td>\n<\/tr>\n<tr>\n<td style=\"text-align: center;\" valign=\"top\" width=\"321\"><strong>Unidad curricular<\/strong><\/td>\n<td style=\"text-align: center;\" valign=\"top\" width=\"246\"><strong>Formato curricular<\/strong><\/td>\n<\/tr>\n<tr>\n<td colspan=\"2\" valign=\"top\" width=\"566\"><strong>CAMPO DE LA FORMACI\u00d3N GENERAL<\/strong><\/td>\n<\/tr>\n<tr>\n<td valign=\"top\" width=\"321\">PEDAGOG\u00cdA<\/td>\n<td valign=\"top\" width=\"246\">MATERIA<\/td>\n<\/tr>\n<tr>\n<td valign=\"top\" width=\"321\">DID\u00c1CTICA Y CURRICULUM<\/td>\n<td valign=\"top\" width=\"246\">MATERIA<\/td>\n<\/tr>\n<tr>\n<td valign=\"top\" width=\"321\">PSICOLOGIA Y EDUCACI\u00d3N<\/td>\n<td valign=\"top\" width=\"246\">MATERIA<\/td>\n<\/tr>\n<tr>\n<td valign=\"top\" width=\"321\">PROBLEM\u00c1TICA DE LA CULTURA\u00a0ARGENTINA Y LATINOAMERICANA<\/td>\n<td valign=\"top\" width=\"246\">MATERIA<\/td>\n<\/tr>\n<tr>\n<td colspan=\"2\" valign=\"top\" width=\"566\"><strong>CAMPO DE LA FORMACI\u00d3N ESPECIFICA<\/strong><\/td>\n<\/tr>\n<tr>\n<td valign=\"top\" width=\"321\">LENGUAJE MUSICAL I<\/td>\n<td valign=\"top\" width=\"246\">TALLER<\/td>\n<\/tr>\n<tr>\n<td valign=\"top\" width=\"321\">HISTORIA DE LA M\u00daSICA Y SU\u00a0CONTEXTO SOCIAL I<\/td>\n<td valign=\"top\" width=\"246\">MATERIA<\/td>\n<\/tr>\n<tr>\n<td valign=\"top\" width=\"321\">PR\u00c1CTICA INSTRUMENTAL I:\n<p>Pr\u00e1ctica de conjunto<\/p>\n<p>Instrumento elegido<\/p>\n<p>Instrumento complementario<\/p>\n<\/td>\n<td valign=\"top\" width=\"246\">TALLER<\/td>\n<\/tr>\n<tr>\n<td valign=\"top\" width=\"321\">PR\u00c1CTICA VOCAL I:\n<p>Canto colectivo<\/p>\n<p>Canto individual y Eufon\u00eda<\/p>\n<\/td>\n<td valign=\"top\" width=\"246\">TALLER<\/td>\n<\/tr>\n<tr>\n<td valign=\"top\" width=\"321\">UDI<\/td>\n<td valign=\"top\" width=\"246\">TALLER<\/td>\n<\/tr>\n<tr>\n<td colspan=\"2\" valign=\"top\" width=\"566\"><strong>CAMPO DE LA FORMACI\u00d3N EN LA PR\u00c1CTICA PROFESIONAL<\/strong><\/td>\n<\/tr>\n<tr>\n<td valign=\"top\" width=\"321\">PR\u00c1CTICA DOCENTE I:\u00a0Escenarios educativos<\/td>\n<td valign=\"top\" width=\"246\">TALLER<\/td>\n<\/tr>\n<\/tbody>\n<\/table>\n<p style=\"text-align: center;\">\u00a0<span style=\"color: #33cccc;\">\u00a0<\/span><\/p>\n<table border=\"1\" cellspacing=\"0\" cellpadding=\"0\">\n<tbody>\n<tr style=\"background-color: #3ed2de;\">\n<td style=\"text-align: center;\" colspan=\"2\" valign=\"top\" width=\"566\"><strong>SEGUNDO A\u00d1O<\/strong><\/td>\n<\/tr>\n<tr>\n<td style=\"text-align: center;\" valign=\"top\" width=\"314\"><strong>Unidad curricular<\/strong><\/td>\n<td style=\"text-align: center;\" valign=\"top\" width=\"252\"><strong>Formato curricular<\/strong><\/td>\n<\/tr>\n<tr>\n<td colspan=\"2\" valign=\"top\" width=\"566\"><strong>CAMPO DE LA FORMACI\u00d3N GENERAL<\/strong><\/td>\n<\/tr>\n<tr>\n<td valign=\"top\" width=\"314\">HISTORIA SOCIAL Y POLITICA DE LA\u00a0EDUCACION ARGENTINA<\/td>\n<td valign=\"top\" width=\"252\">MATERIA<\/td>\n<\/tr>\n<tr>\n<td valign=\"top\" width=\"314\">ANTROPOLOG\u00cdA SOCIOCULTURAL<\/td>\n<td valign=\"top\" width=\"252\">MATERIA<\/td>\n<\/tr>\n<tr>\n<td colspan=\"2\" valign=\"top\" width=\"566\"><strong>CAMPO DE LA FORMACI\u00d3N ESPECIFICA<\/strong><\/td>\n<\/tr>\n<tr>\n<td valign=\"top\" width=\"314\">SUJETOS DE LA EDUCACI\u00d3N I<\/td>\n<td valign=\"top\" width=\"252\">MATERIA<\/td>\n<\/tr>\n<tr>\n<td valign=\"top\" width=\"314\">DID\u00c1CTICA DE LA M\u00daSICA I<\/td>\n<td valign=\"top\" width=\"252\">MATERIA<\/td>\n<\/tr>\n<tr>\n<td valign=\"top\" width=\"314\">ARMON\u00cdA Y AN\u00c1LISIS MUSICAL I<\/td>\n<td valign=\"top\" width=\"252\">TALLER<\/td>\n<\/tr>\n<tr>\n<td valign=\"top\" width=\"314\">LENGUAJE MUSICAL II<\/td>\n<td valign=\"top\" width=\"252\">TALLER<\/td>\n<\/tr>\n<tr>\n<td valign=\"top\" width=\"314\">HISTORIA DE LA M\u00daSICA Y SU\u00a0CONTEXTO SOCIAL II<\/td>\n<td valign=\"top\" width=\"252\">MATERIA<\/td>\n<\/tr>\n<tr>\n<td valign=\"top\" width=\"314\">PR\u00c1CTICA INSTRUMENTAL II\n<p>Pr\u00e1ctica de conjunto<\/p>\n<p>Instrumento elegido<\/p>\n<p>Instrumento complementario<\/p>\n<\/td>\n<td valign=\"top\" width=\"252\">TALLER<\/td>\n<\/tr>\n<tr>\n<td valign=\"top\" width=\"314\">PR\u00c1CTICA VOCAL II\n<p>Canto colectivo<\/p>\n<p>Canto individual y Eufon\u00eda<\/p>\n<\/td>\n<td valign=\"top\" width=\"252\">TALLER<\/td>\n<\/tr>\n<tr>\n<td colspan=\"2\" valign=\"top\" width=\"566\"><strong>CAMPO DE LA FORMACI\u00d3N EN LA PR\u00c1CTICA PROFESIONAL<\/strong><\/td>\n<\/tr>\n<tr>\n<td valign=\"top\" width=\"314\">PR\u00c1CTICA DOCENTE II:\u00a0La instituci\u00f3n escolar<\/td>\n<td valign=\"top\" width=\"252\">TALLER<\/td>\n<\/tr>\n<\/tbody>\n<\/table>\n<table border=\"1\" cellspacing=\"0\" cellpadding=\"0\">\n<tbody>\n<tr style=\"background-color: #3ed2de;\">\n<td style=\"text-align: center;\" colspan=\"2\" valign=\"top\" width=\"566\"><strong>TERCER A\u00d1O<\/strong><\/td>\n<\/tr>\n<tr>\n<td style=\"text-align: center;\" valign=\"top\" width=\"312\"><strong>Unidad curricular<\/strong><\/td>\n<td style=\"text-align: center;\" valign=\"top\" width=\"254\"><strong>Formato curricular<\/strong><\/td>\n<\/tr>\n<tr>\n<td colspan=\"2\" valign=\"top\" width=\"566\"><strong>CAMPO DE LA FORMACI\u00d3N GENERAL<\/strong><\/td>\n<\/tr>\n<tr>\n<td valign=\"top\" width=\"312\">PROBLEM\u00c1TICA FILOS\u00d3FICA<\/td>\n<td valign=\"top\" width=\"254\">MATERIA<\/td>\n<\/tr>\n<tr>\n<td valign=\"top\" width=\"312\">EDUCACION SEXUAL INTEGRAL<\/td>\n<td valign=\"top\" width=\"254\">SEMINARIO<\/td>\n<\/tr>\n<tr>\n<td colspan=\"2\" valign=\"top\" width=\"566\"><strong>CAMPO DE LA FORMACI\u00d3N ESPECIFICA<\/strong><\/td>\n<\/tr>\n<tr>\n<td valign=\"top\" width=\"312\">SUJETOS DE LA EDUCACION II<\/td>\n<td valign=\"top\" width=\"254\">MATERIA<\/td>\n<\/tr>\n<tr>\n<td valign=\"top\" width=\"312\">DID\u00c1CTICA DE LA M\u00daSICA II<\/td>\n<td valign=\"top\" width=\"254\">MATERIA<\/td>\n<\/tr>\n<tr>\n<td valign=\"top\" width=\"312\">DIRECCI\u00d3N CORAL<\/td>\n<td valign=\"top\" width=\"254\">TALLER<\/td>\n<\/tr>\n<tr>\n<td valign=\"top\" width=\"312\">ARMON\u00cdA Y AN\u00c1LISIS MUSICAL II<\/td>\n<td valign=\"top\" width=\"254\">TALLER<\/td>\n<\/tr>\n<tr>\n<td valign=\"top\" width=\"312\">LENGUAJE MUSICAL III<\/td>\n<td valign=\"top\" width=\"254\">TALLER<\/td>\n<\/tr>\n<tr>\n<td valign=\"top\" width=\"312\">HISTORIA DE LA M\u00daSICA Y SU CONTEXTO SOCIALIII<\/td>\n<td valign=\"top\" width=\"254\">MATERIA<\/td>\n<\/tr>\n<tr>\n<td valign=\"top\" width=\"312\">PR\u00c1CTICA INSTRUMENTAL III\n<p>Pr\u00e1ctica de conjunto<\/p>\n<p>Instrumento elegido<\/p>\n<p>Instrumento complementario<\/p>\n<\/td>\n<td valign=\"top\" width=\"254\">\n<p>TALLER<\/p>\n<\/td>\n<\/tr>\n<tr>\n<td valign=\"top\" width=\"312\">\u00a0<\/td>\n<td valign=\"top\" width=\"254\">\u00a0<\/td>\n<\/tr>\n<tr>\n<td colspan=\"2\" valign=\"top\" width=\"566\"><strong>CAMPO DE LA FORMACI\u00d3N EN LA PR\u00c1CTICA PROFESIONAL<\/strong><\/td>\n<\/tr>\n<tr>\n<td valign=\"top\" width=\"312\">PR\u00c1CTICA DOCENTE III:\u00a0La clase, los procesos del aprender y del ense\u00f1ar<\/td>\n<td valign=\"top\" width=\"254\">TALLER<\/td>\n<\/tr>\n<\/tbody>\n<\/table>\n<table border=\"1\" cellspacing=\"0\" cellpadding=\"0\">\n<tbody>\n<tr style=\"background-color: #3ed2de;\">\n<td style=\"text-align: center;\" colspan=\"2\" valign=\"top\" width=\"566\"><strong>CUARTO A\u00d1O<\/strong><\/td>\n<\/tr>\n<tr>\n<td style=\"text-align: center;\" valign=\"top\" width=\"323\"><strong>Unidad curricular<\/strong><\/td>\n<td style=\"text-align: center;\" valign=\"top\" width=\"243\"><strong>Formato curricular<\/strong><\/td>\n<\/tr>\n<tr>\n<td colspan=\"2\" valign=\"top\" width=\"566\"><strong>CAMPO DE LA FORMACI\u00d3N GENERAL<\/strong><\/td>\n<\/tr>\n<tr>\n<td valign=\"top\" width=\"323\">\u00c9TICA Y TRABAJO DOCENTE<\/td>\n<td valign=\"top\" width=\"243\">MATERIA<\/td>\n<\/tr>\n<tr>\n<td valign=\"top\" width=\"323\">PR\u00c1CTICAS INVESTIGATIVAS<\/td>\n<td valign=\"top\" width=\"243\">MATERIA<\/td>\n<\/tr>\n<tr>\n<td valign=\"top\" width=\"323\">EST\u00c9TICA<\/td>\n<td valign=\"top\" width=\"243\">MATERIA<\/td>\n<\/tr>\n<tr>\n<td colspan=\"2\" valign=\"top\" width=\"566\"><strong>CAMPO DE LA FORMACI\u00d3N ESPECIFICA<\/strong><\/td>\n<\/tr>\n<tr>\n<td valign=\"top\" width=\"323\">ARREGLOS MUSICALES<\/td>\n<td valign=\"top\" width=\"243\">TALLER<\/td>\n<\/tr>\n<tr>\n<td valign=\"top\" width=\"323\">ENSAMBLES SOBRE R\u00cdTMICAS\u00a0ARGENTINAS Y\u00a0LATINOAMERICANAS<\/td>\n<td valign=\"top\" width=\"243\">TALLER<\/td>\n<\/tr>\n<tr>\n<td valign=\"top\" width=\"323\">TECNOLOG\u00cdAS APLICADAS AL\u00a0SONIDO<\/td>\n<td valign=\"top\" width=\"243\">TALLER<\/td>\n<\/tr>\n<tr>\n<td valign=\"top\" width=\"323\">PR\u00c1CTICA INSTRUMENTAL IV\n<p>Pr\u00e1ctica de conjunto<\/p>\n<p>Instrumento elegido<\/p>\n<p>Instrumento complementario<\/p>\n<\/td>\n<td valign=\"top\" width=\"243\">TALLER<\/td>\n<\/tr>\n<tr>\n<td valign=\"top\" width=\"323\">UDI<\/td>\n<td valign=\"top\" width=\"243\">TALLER<\/td>\n<\/tr>\n<tr>\n<td colspan=\"2\" valign=\"top\" width=\"566\"><strong>CAMPO DE LA FORMACI\u00d3N EN LA PR\u00c1CTICA PROFESIONAL<\/strong><\/td>\n<\/tr>\n<tr>\n<td valign=\"top\" width=\"323\">PR\u00c1CTICA DOCENTE IV Residencia: El Rol Docente y su Pr\u00e1ctica<\/td>\n<td valign=\"top\" width=\"243\">TALLER<\/td>\n<\/tr>\n<\/tbody>\n<\/table>\n\n\n<div class=\"wp-block-file\"><a id=\"wp-block-file--media-c072c71d-9438-48b2-820e-38e813c25df5\" href=\"https:\/\/isfda-sfe.infd.edu.ar\/sitio\/wp-content\/uploads\/2024\/02\/Musica.2022-modificacion-regimen-de-correlatividades.pdf\" target=\"_blank\" rel=\"noreferrer noopener\">M\u00daSICA. R\u00e9gimen de correlatividades<\/a><a href=\"https:\/\/isfda-sfe.infd.edu.ar\/sitio\/wp-content\/uploads\/2024\/02\/Musica.2022-modificacion-regimen-de-correlatividades.pdf\" class=\"wp-block-file__button wp-element-button\" download aria-describedby=\"wp-block-file--media-c072c71d-9438-48b2-820e-38e813c25df5\">Descarga<\/a><\/div>\n\n\n\n<p>Decreto N\u00b0 4199\/15: Reglamento Acad\u00e9mico Marco \u2013 Res. ME N\u00ba 296\/16-Res. MIyC N\u00ba 123\/16 &#8211; Disp. N\u00ba 8\/22<\/p>\n","protected":false},"excerpt":{"rendered":"<p>\u00a0\u00a0\u00a0\u00a0\u00a0\u00a0ESTRUCTURA CURRICULAR POR A\u00d1O Y POR CAMPO DE FORMACI\u00d3N \u00a0 PRIMER A\u00d1O Unidad curricular Formato curricular CAMPO DE LA FORMACI\u00d3N GENERAL PEDAGOG\u00cdA MATERIA DID\u00c1CTICA Y CURRICULUM MATERIA PSICOLOGIA Y EDUCACI\u00d3N MATERIA PROBLEM\u00c1TICA DE LA CULTURA\u00a0ARGENTINA Y LATINOAMERICANA MATERIA CAMPO DE LA FORMACI\u00d3N ESPECIFICA LENGUAJE MUSICAL I TALLER HISTORIA DE LA M\u00daSICA Y SU\u00a0CONTEXTO SOCIAL I &#8230; <a title=\"Profesorado de M\u00fasica\" class=\"read-more\" href=\"https:\/\/isfda-sfe.infd.edu.ar\/sitio\/profesorado-de-musica\/\" aria-label=\"More on Profesorado de M\u00fasica\">[+]<\/a><\/p>\n","protected":false},"author":229,"featured_media":0,"parent":0,"menu_order":0,"comment_status":"closed","ping_status":"closed","template":"","meta":[],"acf":[],"_links":{"self":[{"href":"https:\/\/isfda-sfe.infd.edu.ar\/sitio\/wp-json\/wp\/v2\/pages\/790"}],"collection":[{"href":"https:\/\/isfda-sfe.infd.edu.ar\/sitio\/wp-json\/wp\/v2\/pages"}],"about":[{"href":"https:\/\/isfda-sfe.infd.edu.ar\/sitio\/wp-json\/wp\/v2\/types\/page"}],"author":[{"embeddable":true,"href":"https:\/\/isfda-sfe.infd.edu.ar\/sitio\/wp-json\/wp\/v2\/users\/229"}],"replies":[{"embeddable":true,"href":"https:\/\/isfda-sfe.infd.edu.ar\/sitio\/wp-json\/wp\/v2\/comments?post=790"}],"version-history":[{"count":15,"href":"https:\/\/isfda-sfe.infd.edu.ar\/sitio\/wp-json\/wp\/v2\/pages\/790\/revisions"}],"predecessor-version":[{"id":2450,"href":"https:\/\/isfda-sfe.infd.edu.ar\/sitio\/wp-json\/wp\/v2\/pages\/790\/revisions\/2450"}],"wp:attachment":[{"href":"https:\/\/isfda-sfe.infd.edu.ar\/sitio\/wp-json\/wp\/v2\/media?parent=790"}],"curies":[{"name":"wp","href":"https:\/\/api.w.org\/{rel}","templated":true}]}}