{"id":793,"date":"2018-06-29T19:13:42","date_gmt":"2018-06-29T22:13:42","guid":{"rendered":"https:\/\/isfda-sfe.infd.edu.ar\/sitio\/historia\/"},"modified":"2026-03-15T20:06:04","modified_gmt":"2026-03-15T23:06:04","slug":"historia","status":"publish","type":"page","link":"https:\/\/isfda-sfe.infd.edu.ar\/sitio\/historia\/","title":{"rendered":"Historia"},"content":{"rendered":"<h1 style=\"text-align: center;\"><strong><span style=\"color: #008080; font-family: book antiqua, palatino;\"><span style=\"font-size: 24px;\"><u>Arte en Movimiento: La Evoluci\u00f3n del Instituto de Artes<\/u><\/span><\/span>\u00a0 \u00a0<\/strong><\/h1>\n<p>El Instituto Superior de Formaci\u00f3n Docente en Artes N\u00b0 5074 \u201cGeneral Manuel Belgrano\u201d de Reconquista, Provincia de Santa Fe, es el resultado de m\u00e1s de ochenta a\u00f1os de trabajo ininterrumpidos y la suma del esfuerzo de un gran n\u00famero de personas.<\/p>\n<p>El emprendimiento surgi\u00f3 de un grupo de vecinos preocupadas por la ausencia de un lugar en el que ni\u00f1os y j\u00f3venes pudieran volcar su expresi\u00f3n creativa; un lugar que fuera el punto de encuentro de intereses que s\u00f3lo cobran forma concreta en la belleza o la est\u00e9tica de la pl\u00e1stica.<\/p>\n<p>El Decreto Municipal N\u00ba 68\u00a0del 7 de julio de 1944 promulg\u00f3 la creaci\u00f3n de la Escuela Municipal de Artes Pl\u00e1sticas y el entonces comisionado municipal design\u00f3 una comisi\u00f3n encargada de organizar\u00a0la futura escuela, que comienza a funcionar org\u00e1nicamente en 1945.<\/p>\n<p>Desde el mismo momento de su creaci\u00f3n estuvo presente un objetivo: la formaci\u00f3n docente, la que no s\u00f3lo se mantuvo en el tiempo, sino que se fue adecu\u00e1ndose a exigencias curriculares y\/o metodol\u00f3gicas. La misi\u00f3n de la Escuela de Arte fue entonces ense\u00f1ar, proporcionar m\u00e9todo, sistematizar las inquietudes art\u00edsticas encamin\u00e1ndolas hacia la formaci\u00f3n de maestros que fueron nutriendo de docentes de la especialidad a la regi\u00f3n norte de la provincia de Santa Fe.<\/p>\n<p>El primer gran cambio de planes de estudio se produjo en 1978 cuando estos se asimilaron a los de la Escuela Provincial de Artes Visuales \u201cJuan Mantovani\u201d (de la ciudad de Santa Fe), y el t\u00edtulo que se otorg\u00f3 a partir de entonces fue: <em>Capacitaci\u00f3n\u00a0Docente en Artes Visuales<\/em>.<\/p>\n<p>A principios de los a\u00f1os 1980, siempre dentro de la \u00f3rbita municipal, se modific\u00f3 nuevamente su estructura acad\u00e9mica, pasando a tener dos carreras de Nivel Superior: <em>Profesorado de Bellas Artes<\/em> y <em>Profesorado de M\u00fasica<\/em>.<\/p>\n<p>En 1987 un cambio de situaci\u00f3n en la dependencia administrativa la convirti\u00f3 en Centro Polivalente de Arte y la instituci\u00f3n pas\u00f3 a formar parte de la Direcci\u00f3n Nacional de Educaci\u00f3n Art\u00edstica dependiente del Ministerio de Educaci\u00f3n y Justicia de la Naci\u00f3n, a partir de all\u00ed las carreras que se comenzaron a dictar fueron:<\/p>\n<ul>\n<li><em>Magisterio de Bellas Artes<\/em><\/li>\n<li><em>Magisterio de M\u00fasica <\/em><\/li>\n<li><em>Magisterio de Danzas Folkl\u00f3ricas Argentinas<\/em><\/li>\n<\/ul>\n<p>En 1992, la instituci\u00f3n form\u00f3 parte de los establecimientos transferidos del Ministerio de Educaci\u00f3n de la Naci\u00f3n al Ministerio de Educaci\u00f3n de la Provincia de Santa Fe, pero en este caso sin modificaci\u00f3n alguna de sus planes de estudio y terminalidades. Al a\u00f1o siguiente, en 1993, por falta de matr\u00edcula\u00a0dej\u00f3 de funcionar el Magisterio de Danzas Folkl\u00f3ricas Argentinas.<\/p>\n<p>A partir del a\u00f1o 2003 se reconvierten los <em>Magisterios de Bellas Artes y de M\u00fasica<\/em> y la Escuela se transforma en un Instituto Superior de formaci\u00f3n Docente en Artes dando comienzo a:<\/p>\n<ol>\n<li><em>Itinerarios Formativos en M\u00fasica e Itinerario Formativo en Artes Visuales<\/em>, como un primer tramo de los Trayectos Art\u00edsticos Profesionales (TAP), los que se ir\u00e1n completando a medida que las posibilidades operativas y presupuestarias lo permit\u00edan. Hoy en d\u00eda contamos con el ciclo de Nivelador en M\u00fasica (Decreto 2\/2011) en la ciudad de Reconquista y Villa Ocampo.<\/li>\n<li>El Nivel Superior: <em>Profesorados de Artes en Artes Visuales y Profesorado de Artes en M\u00fasica.<\/em><\/li>\n<\/ol>\n<p>El instituto se va constituyendo en un polo educativo de verdadera importancia para el norte de la provincia:<\/p>\n<ul>\n<li>en 2011, comenz\u00f3 el ciclo de nivelado en M\u00fasica en la ciudad de Reconquista.<\/li>\n<li>en 2014, comenz\u00f3 a funcionar el Profesorado de Teatro.<\/li>\n<li>en 2015, comenz\u00f3 el Profesorado de Danza con orientaci\u00f3n en Danza Contempor\u00e1nea.<\/li>\n<li>en 2023, se inici\u00f3 el ciclo de nivelador en M\u00fasica en la ciudad de Villa Ocampo.<\/li>\n<li>en 2024, se inici\u00f3 el secundario de Artes: Bachiller de Artes Visuales con especializaci\u00f3n en producci\u00f3n.<\/li>\n<\/ul>\n<p>Actualmente, en 2026, las cuatro carreras, sumado el Ciclo de Nivelador en M\u00fasica y el Secundario de Artes, funcionan en los distintos espacios con los que contamos, distribuy\u00e9ndose entre los edificios de:<\/p>\n<ul>\n<li>La sede del Instituto, ubicada en Calle Iriondo 634<\/li>\n<li>El anexo, ubicado en Calle Roca 1051<\/li>\n<li>La EET N\u00b0 634 \u201cYapey\u00fa\u201d<\/li>\n<li>Escuela N\u00b0 1246 \u201cMartha Alcira Salotti\u201d\/EESO N\u00ba 203<\/li>\n<\/ul>\n<p>Nuestra instituci\u00f3n, a lo largo de toda su historia, ha sido y seguir\u00e1 siendo una de las ofertas educativas de formaci\u00f3n docente en Artes m\u00e1s importante del norte santafesino, seguimos apostando a una educaci\u00f3n de calidad, dando un prestigio mayor al ser sede de numerosas ofertas de estudio para toda la regi\u00f3n.<\/p>\n<p>Son deseos de toda la comunidad educativa contar con el edificio propio ya que desde el a\u00f1o 2017, el Consejo Municipal de la ciudad de Reconquista, por ordenanza N\u00b0 7.955\/17, hizo efectiva la donaci\u00f3n de una fracci\u00f3n de terreno municipal al Gobierno de la Provincia de Santa Fe para llevar a cabo la construcci\u00f3n del edificio para nuestra instituci\u00f3n.<\/p>\n<p style=\"text-align: center;\">\u00a0 \u00a0 \u00a0 \u00a0 \u00a0 \u00a0 \u00a0 \u00a0 \u00a0 \u00a0 \u00a0 \u00a0 \u00a0 \u00a0 \u00a0 \u00a0 \u00a0 \u00a0 \u00a0 \u00a0 \u00a0 \u00a0 \u00a0 \u00a0 \u00a0 \u00a0\u201cTodo aprendizaje es memoria y toda memoria deja huella y la huella es camino donde uno anda de viaje\u2026\u00a0 \u00a0 \u00a0 \u00a0 \u00a0 \u00a0 \u00a0 \u00a0 \u00a0 \u00a0 \u00a0 \u00a0 \u00a0 \u00a0 \u00a0 \u00a0 \u00a0 \u00a0 \u00a0 \u00a0 \u00a0 \u00a0 \u00a0 \u00a0 \u00a0 \u00a0 \u00a0 \u00a0 \u00a0 \u00a0 \u00a0explorando bosques, ciudades habitables, patios de escuela, escuelas itinerantes, muros de poes\u00edas,\u00a0 \u00a0 \u00a0 \u00a0 \u00a0 \u00a0 \u00a0 \u00a0 \u00a0 \u00a0 \u00a0 \u00a0 \u00a0 \u00a0 \u00a0 \u00a0 \u00a0 \u00a0 \u00a0 \u00a0 \u00a0 \u00a0 \u00a0 \u00a0 \u00a0 \u00a0 \u00a0 \u00a0 \u00a0 \u00a0 \u00a0rondas para crear y creer, silencio y hojas secas, hojas de cuaderno, calles, muchas calles, veredas,\u00a0 \u00a0 \u00a0 \u00a0 \u00a0 \u00a0 \u00a0 \u00a0 \u00a0 \u00a0 \u00a0 \u00a0 \u00a0 \u00a0 \u00a0 \u00a0 \u00a0 \u00a0 \u00a0 \u00a0 \u00a0 \u00a0 \u00a0 \u00a0 \u00a0 \u00a0 \u00a0 \u00a0 \u00a0 \u00a0 \u00a0 \u00a0 \u00a0 \u00a0 \u00a0 \u00a0cantos, m\u00fasica, escenas que nos traen los d\u00edas, formas de mirar, abrazar, debatir, resistir, integrar.\u201d\u00a0 \u00a0 \u00a0 \u00a0 \u00a0 \u00a0 \u00a0 \u00a0 \u00a0 \u00a0 \u00a0 \u00a0 \u00a0 \u00a0 \u00a0 \u00a0 \u00a0 \u00a0 \u00a0 \u00a0 \u00a0 \u00a0 \u00a0 \u00a0 \u00a0 \u00a0 \u00a0 \u00a0 \u00a0 \u00a0 \u00a0 \u00a0 \u00a0 \u00a0 \u00a0 \u00a0 \u00a0 \u00a0 \u00a0 \u00a0 \u00a0 \u00a0 \u00a0 \u00a0 \u00a0 \u00a0 \u00a0 \u00a0 \u00a0 \u00a0 \u00a0 \u00a0 \u00a0 \u00a0 \u00a0 \u00a0 \u00a0 \u00a0 \u00a0 \u00a0 \u00a0 \u00a0 \u00a0 \u00a0 \u00a0 \u00a0 \u00a0 \u00a0 \u00a0 \u00a0 \u00a0 \u00a0 \u00a0 \u00a0 \u00a0 \u00a0 \u00a0 \u00a0 \u00a0 \u00a0 \u00a0 \u00a0 \u00a0 \u00a0 \u00a0 \u00a0 \u00a0 (Conjugaciones. Chiqui Gonzalez)<\/p>\n<p><strong>\u00a0 \u00a0<\/strong><\/p>\n<p><strong>\u00a0\u00a0\u00a0\u00a0<\/strong><strong>\u00a0<\/strong><\/p>\n<p><strong>\u00a0\u00a0<\/strong><\/p>\n<p><strong>\u00a0 \u00a0\u00a0<\/strong><\/p>\n<p><strong>\u00a0 \u00a0\u00a0<\/strong><\/p>\n","protected":false},"excerpt":{"rendered":"<p>Arte en Movimiento: La Evoluci\u00f3n del Instituto de Artes\u00a0 \u00a0 El Instituto Superior de Formaci\u00f3n Docente en Artes N\u00b0 5074 \u201cGeneral Manuel Belgrano\u201d de Reconquista, Provincia de Santa Fe, es el resultado de m\u00e1s de ochenta a\u00f1os de trabajo ininterrumpidos y la suma del esfuerzo de un gran n\u00famero de personas. El emprendimiento surgi\u00f3 de &#8230; <a title=\"Historia\" class=\"read-more\" href=\"https:\/\/isfda-sfe.infd.edu.ar\/sitio\/historia\/\" aria-label=\"More on Historia\">[+]<\/a><\/p>\n","protected":false},"author":229,"featured_media":0,"parent":0,"menu_order":0,"comment_status":"closed","ping_status":"closed","template":"","meta":[],"acf":[],"_links":{"self":[{"href":"https:\/\/isfda-sfe.infd.edu.ar\/sitio\/wp-json\/wp\/v2\/pages\/793"}],"collection":[{"href":"https:\/\/isfda-sfe.infd.edu.ar\/sitio\/wp-json\/wp\/v2\/pages"}],"about":[{"href":"https:\/\/isfda-sfe.infd.edu.ar\/sitio\/wp-json\/wp\/v2\/types\/page"}],"author":[{"embeddable":true,"href":"https:\/\/isfda-sfe.infd.edu.ar\/sitio\/wp-json\/wp\/v2\/users\/229"}],"replies":[{"embeddable":true,"href":"https:\/\/isfda-sfe.infd.edu.ar\/sitio\/wp-json\/wp\/v2\/comments?post=793"}],"version-history":[{"count":9,"href":"https:\/\/isfda-sfe.infd.edu.ar\/sitio\/wp-json\/wp\/v2\/pages\/793\/revisions"}],"predecessor-version":[{"id":3461,"href":"https:\/\/isfda-sfe.infd.edu.ar\/sitio\/wp-json\/wp\/v2\/pages\/793\/revisions\/3461"}],"wp:attachment":[{"href":"https:\/\/isfda-sfe.infd.edu.ar\/sitio\/wp-json\/wp\/v2\/media?parent=793"}],"curies":[{"name":"wp","href":"https:\/\/api.w.org\/{rel}","templated":true}]}}