{"id":795,"date":"2018-06-29T19:13:43","date_gmt":"2018-06-29T22:13:43","guid":{"rendered":"https:\/\/isfda-sfe.infd.edu.ar\/sitio\/calendario-academico\/"},"modified":"2025-12-23T15:56:54","modified_gmt":"2025-12-23T18:56:54","slug":"ingreso-superior","status":"publish","type":"page","link":"https:\/\/isfda-sfe.infd.edu.ar\/sitio\/ingreso-superior\/","title":{"rendered":"INGRESO 2026 &#8211; SUPERIOR"},"content":{"rendered":"<p>\u00a0<\/p>\n<p><span style=\"font-size: 12pt; color: #cc6600; font-family: arial;\"><strong>\u00a0<\/strong><\/span><img decoding=\"async\" loading=\"lazy\" class=\"size-full wp-image-1512 aligncenter\" src=\"https:\/\/isfda-sfe.infd.edu.ar\/sitio\/wp-content\/uploads\/2022\/03\/imagen-para-web-instituto.-Atencion.jpg\" alt=\"\" width=\"364\" height=\"138\" \/><\/p>\n<p>\u00a0<\/p>\n<h3 style=\"text-align: center;\"><em><span style=\"color: #333399;\"><strong>PROFESORADOS DE:\u00a0<\/strong><\/span><\/em><\/h3>\n<h3 style=\"text-align: center;\"><span style=\"color: #333399;\"><strong>Artes Visuales con Orientaci\u00f3n en Producci\u00f3n<\/strong><\/span><\/h3>\n<h3 style=\"text-align: center;\"><span style=\"color: #333399;\"><strong>M\u00fasica<\/strong><\/span><\/h3>\n<h3 style=\"text-align: center;\"><span style=\"color: #333399;\"><strong>Teatro<\/strong><\/span><\/h3>\n<h3 style=\"text-align: center;\"><span style=\"color: #333399;\"><strong>Danza con Orientaci\u00f3n en Danza Contempor\u00e1nea<\/strong><\/span><\/h3>\n<p>\u00a0<\/p>\n<p><strong>\u00a0<\/strong><strong>\u00a0<\/strong><\/p>\n<p style=\"text-align: center;\"><strong>INSCRIPCIONES <\/strong><br \/><strong>1ER A\u00d1O CICLO LECTIVO 2026<\/strong><\/p>\n<p><strong>IMPORTANTE!!<\/strong>\u00a0Leer la informaci\u00f3n de la publicaci\u00f3n COMPLETA.<\/p>\n<p><em>1ra. Convocatoria<\/em>: 20 de Noviembre al 15 de Diciembre 2025.\u00a0<\/p>\n<p><em>2da. Convocatoria<\/em>: 23 de febrero al 16 de marzo de 2026.<\/p>\n<p>Curso proped\u00e9utico: de car\u00e1cter obligatorio para todas las carreras, durante el mes de marzo. Sujeto al Calendario Escolar definido por los Ministerios de Educaci\u00f3n y Cultura para el ciclo lectivo 2026<strong>\u00a0\u2192 <a href=\"https:\/\/isfda-sfe.infd.edu.ar\/sitio\/curso-propedeutico\/\" target=\"_blank\" rel=\"noopener\">Aqu\u00ed<\/a>.<\/strong><\/p>\n<p>\u00a0<\/p>\n<p><strong>Fechas y modalidad de las inscripciones:<\/strong><\/p>\n<p><strong>Del 23\/02 al 16\/03\/2026<\/strong><\/p>\n<p>Profesorado de M\u00fasica&#x1f3b6;&#x1f3b6;<br \/>Profesorado de Teatro &#x1f3ad;\u00a0 \u00a0 \u00a0 \u00a0 \u00a0 \u00a0 \u00a0 \u00a0 \u00a0 \u00a0 \u00a0 \u00a0 \u00a0 \u00a0 \u00a0 \u00a0 \u00a0 \u00a0 \u00a0 \u00a0 \u00a0 \u00a0 \u00a0 \u00a0 \u00a0 \u00a0 \u00a0 \u00a0 \u00a0 \u00a0 \u00a0 \u00a0 \u00a0 \u00a0 \u00a0 \u00a0 \u00a0 \u00a0 \u00a0 \u00a0 \u00a0 \u00a0 \u00a0 \u00a0 \u00a0 \u00a0 \u00a0 \u00a0 \u00a0 \u00a0 \u00a0 \u00a0 \u00a0 \u00a0 \u00a0 \u00a0 \u00a0 \u00a0 \u00a0 \u00a0 \u00a0 \u00a0 \u00a0 \u00a0 \u00a0 \u00a0 \u00a0 \u00a0 \u00a0 \u00a0 \u00a0 \u00a0 \u00a0 \u00a0 \u00a0 \u00a0 \u00a0 \u00a0 \u00a0 \u00a0 \u00a0 \u00a0 \u00a0 \u00a0 \u00a0 \u00a0 \u00a0 \u00a0 \u00a0 \u00a0 \u00a0 \u00a0 \u00a0 \u00a0 Profesorado de Danza con Orientaci\u00f3n en Danza Contempor\u00e1nea <span class=\"fe5nidar khvhiq1o r5qsrrlp i5tg98hk f9ovudaz przvwfww gx1rr48f gfz4du6o r7fjleex nz2484kf svot0ezm dcnh1tix sxl192xd t3g6t33p\"><span class=\"mpj7bzys xzlurrtv\">&#x1f57a;&#x1f3fe;<\/span><\/span>&#x1f483;\u00a0<br \/>Profesorado de Artes Visuales con Orientaci\u00f3n en la Producci\u00f3n.&#x1f3a8;\u00a0<br \/><strong>La misma se efect\u00faa por formulario online \u2192 <a href=\"https:\/\/docs.google.com\/forms\/d\/e\/1FAIpQLSfnGlJaqGpgFS60aiMhkSJ0C4z6sVtOm-KdQhvpcZd9KSaKZw\/viewform?usp=sf_link\" target=\"_blank\" rel=\"noopener\">Formulario<\/a>.<\/strong><\/p>\n<p><strong>Se deber\u00e1 presentar la documentaci\u00f3n detallada a continuaci\u00f3n, para formalizar la inscripci\u00f3n:<\/strong><\/p>\n<p><strong>Requisitos:<\/strong><br \/>Al completar el formulario de pre-inscripci\u00f3n, se presenta, en formato papel, en secci\u00f3n alumnado, (durante el mes de diciembre o febrero, a excepci\u00f3n de Artes Visuales quienes deber\u00e1n hacerlo lo antes posible ya que hay cupos limitados) la documentaci\u00f3n que a continuaci\u00f3n se detallada para formalizar la inscripci\u00f3n:<\/p>\n<p>\uf0fc Solicitud de inscripci\u00f3n Sigae Web. Impreso y completo \u2192 <strong><a href=\"https:\/\/isfda-sfe.infd.edu.ar\/sitio\/wp-content\/uploads\/2022\/11\/Solicitud_Inscripcion_SIGAE-WEB-1.pdf\" target=\"_blank\" rel=\"noopener\">Formulario\u00a0<\/a><\/strong><br \/>\uf0fc Fotocopia Partida de Nacimiento.<br \/>\uf0fc Certificado de salud.<br \/>\uf0fc 2 Fotos 4&#215;4.<br \/>\uf0fc T\u00edtulo secundario, o certificado de t\u00edtulo en tr\u00e1mite, o constancia de finalizaci\u00f3n de cursado detallando materias adeudadas.<br \/>\uf0fc Contribuci\u00f3n a cooperadora.<br \/>\uf0fc Carpeta 3 solapas<\/p>\n<p><strong>INFORMACI\u00d3N IMPORTANTE A TENER EN CUENTA AL MOMENTO DE LA INSCRIPCI\u00d3N:<\/strong><br \/>\u2022 Quienes se inscriban en el Profesorado de <strong>Artes Visuales<\/strong> con Orientaci\u00f3n en Producci\u00f3n deber\u00e1n <strong>elegir el turno de cursado<\/strong> al momento de la pre-inscripci\u00f3n. <br \/>\u2022 Quienes se inscriban en el Profesorado de <strong>M\u00fasica<\/strong> deber\u00e1n <strong>elegir: 1 instrumento principal (elegido) y un instrumento complementario<\/strong>. No puede ser el mismo instrumento principal y complementario. En caso de que el instrumento principal sea mel\u00f3dico (viol\u00edn o flauta traversa) el complementario deber\u00e1 ser arm\u00f3nico (piano \u2013 guitarra).<\/p>\n<ul>\n<li>Ingresantes a 1er a\u00f1o entregan la documentaci\u00f3n en Iriondo N\u00ba 634 &#8211; 1er Piso de lunes a viernes de 13 a 21 hs<\/li>\n<\/ul>\n<p style=\"text-align: center;\"><strong>Informes e inscripci\u00f3n:<\/strong><\/p>\n<p style=\"text-align: center;\">Lunes a viernes de 12 a 22 hs<\/p>\n<p style=\"text-align: center;\">Iriondo 634, 1er. piso<br \/>Tel. (03482) 420614<\/p>\n<p style=\"text-align: center;\">cel. (03482) 565518<\/p>\n<p style=\"text-align: center;\">institutodearte5074@yahoo.com.ar<\/p>\n<p style=\"text-align: center;\">Reconquista, Santa Fe<\/p>\n<p style=\"text-align: center;\"><span style=\"font-size: 12pt;\"><span style=\"font-family: comic sans ms,sans-serif;\"><span style=\"font-size: 14pt;\"><strong>\u00a0 <\/strong><\/span><\/span><\/span><\/p>\n<p style=\"text-align: center;\">\u00a0<\/p>\n<p><span style=\"font-size: 14pt; color: #ff6600; font-family: Arial;\">\u00a0<\/span><\/p>\n<p>\u00a0<\/p>\n<p><strong><span style=\"font-size: 10pt;\">\u00a0<\/span><\/strong><\/p>\n\n\n<p><\/p>\n","protected":false},"excerpt":{"rendered":"<p>\u00a0 \u00a0 \u00a0 PROFESORADOS DE:\u00a0 Artes Visuales con Orientaci\u00f3n en Producci\u00f3n M\u00fasica Teatro Danza con Orientaci\u00f3n en Danza Contempor\u00e1nea \u00a0 \u00a0\u00a0 INSCRIPCIONES 1ER A\u00d1O CICLO LECTIVO 2026 IMPORTANTE!!\u00a0Leer la informaci\u00f3n de la publicaci\u00f3n COMPLETA. 1ra. Convocatoria: 20 de Noviembre al 15 de Diciembre 2025.\u00a0 2da. Convocatoria: 23 de febrero al 16 de marzo de 2026. &#8230; <a title=\"INGRESO 2026 &#8211; SUPERIOR\" class=\"read-more\" href=\"https:\/\/isfda-sfe.infd.edu.ar\/sitio\/ingreso-superior\/\" aria-label=\"More on INGRESO 2026 &#8211; SUPERIOR\">[+]<\/a><\/p>\n","protected":false},"author":229,"featured_media":0,"parent":0,"menu_order":0,"comment_status":"closed","ping_status":"closed","template":"","meta":[],"acf":[],"_links":{"self":[{"href":"https:\/\/isfda-sfe.infd.edu.ar\/sitio\/wp-json\/wp\/v2\/pages\/795"}],"collection":[{"href":"https:\/\/isfda-sfe.infd.edu.ar\/sitio\/wp-json\/wp\/v2\/pages"}],"about":[{"href":"https:\/\/isfda-sfe.infd.edu.ar\/sitio\/wp-json\/wp\/v2\/types\/page"}],"author":[{"embeddable":true,"href":"https:\/\/isfda-sfe.infd.edu.ar\/sitio\/wp-json\/wp\/v2\/users\/229"}],"replies":[{"embeddable":true,"href":"https:\/\/isfda-sfe.infd.edu.ar\/sitio\/wp-json\/wp\/v2\/comments?post=795"}],"version-history":[{"count":116,"href":"https:\/\/isfda-sfe.infd.edu.ar\/sitio\/wp-json\/wp\/v2\/pages\/795\/revisions"}],"predecessor-version":[{"id":3275,"href":"https:\/\/isfda-sfe.infd.edu.ar\/sitio\/wp-json\/wp\/v2\/pages\/795\/revisions\/3275"}],"wp:attachment":[{"href":"https:\/\/isfda-sfe.infd.edu.ar\/sitio\/wp-json\/wp\/v2\/media?parent=795"}],"curies":[{"name":"wp","href":"https:\/\/api.w.org\/{rel}","templated":true}]}}