{"id":812,"date":"2018-06-29T19:13:52","date_gmt":"2018-06-29T22:13:52","guid":{"rendered":"https:\/\/isfda-sfe.infd.edu.ar\/sitio\/personal-del-instituto\/"},"modified":"2026-03-15T19:38:03","modified_gmt":"2026-03-15T22:38:03","slug":"personal-del-instituto","status":"publish","type":"page","link":"https:\/\/isfda-sfe.infd.edu.ar\/sitio\/personal-del-instituto\/","title":{"rendered":"Personal del Instituto"},"content":{"rendered":"\n<p><\/p>\n\n\n\n<figure class=\"wp-block-table is-style-stripes\"><table><tbody><tr><td class=\"has-text-align-center\" data-align=\"center\"><strong>Profesorado de<\/strong> <strong>Artes Visuales<\/strong><\/td><td><strong>Profesorado de<\/strong> <strong>M\u00fasica<\/strong><\/td><td><strong>Profesorado de<\/strong> <strong>Teatro<\/strong><\/td><td><strong>Profesorado de<\/strong> <strong>Danza Contempor\u00e1nea<\/strong><\/td><td><strong>Ciclo Nivelador<\/strong><\/td><td><strong>Bachiller en Artes Visuales<\/strong><\/td><\/tr><tr><td class=\"has-text-align-center\" data-align=\"center\" colspan=\"5\"><strong>CAMPO DE LA FORMACI\u00d3N ESPECIFICA<\/strong><\/td><td><strong>FORMACI\u00d3N ESPEC\u00cdFICA<\/strong><\/td><\/tr><tr><td class=\"has-text-align-center\" data-align=\"center\">Ana In\u00e9s Corti<\/td><td>Alicia Lucci<\/td><td>Alejandra Rodr\u00edguez Pez<\/td><td>Belen Feres\u00edn<\/td><td>Alicia Lucci<\/td><td>Luciana Canteros<\/td><\/tr><tr><td class=\"has-text-align-center\" data-align=\"center\">Carolina Galarza<\/td><td>Carla Bonora<\/td><td>Ariana Nadalich<\/td><td>Evangelina Maglione<\/td><td>Carolina Torres<\/td><td>Luisina Iriarte Manattini<\/td><\/tr><tr><td class=\"has-text-align-center\" data-align=\"center\">Leonel Alcaraz<\/td><td>Carolina Torres<\/td><td>Cristhian Ledesma<\/td><td>Gisela Gobet<\/td><td>Estefania Zweifel<\/td><td>Mar\u00eda Lorena Gavirondo<\/td><\/tr><tr><td class=\"has-text-align-center\" data-align=\"center\">Lis Stangafero<\/td><td>Evangelina Maglione<\/td><td>Ivana Zeballos<\/td><td>Juli\u00e1n Asencio<\/td><td>Federico Adorno<\/td><td>Marisol Ayala<\/td><\/tr><tr><td class=\"has-text-align-center\" data-align=\"center\">Luciana Canteros<\/td><td>Federico Adorno<\/td><td>Leonardo Di Lorenzo<\/td><td>Mar\u00eda Julia Vega<\/td><td>Fernando Previale<\/td><td>&nbsp;<\/td><\/tr><tr><td class=\"has-text-align-center\" data-align=\"center\">Marcos Nocentti<\/td><td>Franco Prado<\/td><td>Lorena Calder\u00f3n<\/td><td>Maximiliano Gonz\u00e1lez<\/td><td>Jos\u00e9 Luis Lobo<\/td><td>&nbsp;<\/td><\/tr><tr><td class=\"has-text-align-center\" data-align=\"center\">Margarita Savoia<\/td><td>Jos\u00e9 Luis Lobo<\/td><td>Mauro Coronel<\/td><td>Renzo Cremona<\/td><td>Mateo Zanuttin<\/td><td>&nbsp;<\/td><\/tr><tr><td class=\"has-text-align-center\" data-align=\"center\">Marilin Driussi<\/td><td>Julieta Vicent\u00edn<\/td><td>Mirian Maza<\/td><td>Soledad Ortiz<\/td><td>Melisa Buyatti<\/td><td>&nbsp;<\/td><\/tr><tr><td class=\"has-text-align-center\" data-align=\"center\">Marisol Ayala<\/td><td>Julio Zweifel<\/td><td>Soledad Ortiz<\/td><td>Valeria Vega<\/td><td>Milva Bosch<\/td><td>&nbsp;<\/td><\/tr><tr><td class=\"has-text-align-center\" data-align=\"center\">Natalia Vallejos<\/td><td>Ma Julia Vega<\/td><td>Valentina Carlazara<\/td><td>&nbsp;<\/td><td>Natalia Cereijo<\/td><td>&nbsp;<\/td><\/tr><tr><td class=\"has-text-align-center\" data-align=\"center\">Pamela Bandeo<\/td><td>Mateo Zanuttin<\/td><td>Viviana Maurenzi<\/td><td>&nbsp;<\/td><td>Noelia Davies<\/td><td>&nbsp;<\/td><\/tr><tr><td class=\"has-text-align-center\" data-align=\"center\">Ver\u00f3nica P\u00e9rez<\/td><td>Melisa Buyatti<\/td><td>&nbsp;<\/td><td>&nbsp;<\/td><td>Patricia G\u00f3mez<\/td><td>&nbsp;<\/td><\/tr><tr><td class=\"has-text-align-center\" data-align=\"center\">&nbsp;<\/td><td>Milva Bosch<\/td><td>&nbsp;<\/td><td>&nbsp;<\/td><td>Sa\u00fal Suligoy<\/td><td>&nbsp;<\/td><\/tr><tr><td class=\"has-text-align-center\" data-align=\"center\">&nbsp;<\/td><td>Natalia Cereijo<\/td><td>&nbsp;<\/td><td>&nbsp;<\/td><td>Sebasti\u00e1n Del Fratte<\/td><td>&nbsp;<\/td><\/tr><tr><td class=\"has-text-align-center\" data-align=\"center\">&nbsp;<\/td><td>Noelia Davies<\/td><td>&nbsp;<\/td><td>&nbsp;<\/td><td>Sebasti\u00e1n Molina<\/td><td>&nbsp;<\/td><\/tr><tr><td class=\"has-text-align-center\" data-align=\"center\">&nbsp;<\/td><td>Patricia G\u00f3mez<\/td><td>&nbsp;<\/td><td>&nbsp;<\/td><td>&nbsp;<\/td><td>&nbsp;<\/td><\/tr><tr><td class=\"has-text-align-center\" data-align=\"center\">&nbsp;<\/td><td>Sa\u00fal Suligoy<\/td><td>&nbsp;<\/td><td>&nbsp;<\/td><td>&nbsp;<\/td><td>&nbsp;<\/td><\/tr><tr><td class=\"has-text-align-center\" data-align=\"center\">&nbsp;<\/td><td>Sebasti\u00e1n Molina<\/td><td>&nbsp;<\/td><td>&nbsp;<\/td><td>&nbsp;<\/td><td>&nbsp;<\/td><\/tr><tr><td class=\"has-text-align-center\" data-align=\"center\" colspan=\"4\"><strong>CAMPO DE LA FORMACI\u00d3N GENERAL<\/strong><\/td><td>&nbsp;<\/td><td><strong>FORMACI\u00d3N GENERAL<\/strong><\/td><\/tr><tr><td class=\"has-text-align-center\" data-align=\"center\" colspan=\"4\">Elina Cricco<\/td><td>&nbsp;<\/td><td>Alberto Arriola<\/td><\/tr><tr><td class=\"has-text-align-center\" data-align=\"center\" colspan=\"4\">Fabi\u00e1n Muchiut<\/td><td>&nbsp;<\/td><td>Damian Bogner<\/td><\/tr><tr><td class=\"has-text-align-center\" data-align=\"center\" colspan=\"4\">Fernando Speranza<\/td><td>&nbsp;<\/td><td>Natal\u00ed Colussi<\/td><\/tr><tr><td class=\"has-text-align-center\" data-align=\"center\" colspan=\"4\">Fernando Tamborelli<\/td><td>&nbsp;<\/td><td>Jos\u00e9 C\u00f3rdoba<\/td><\/tr><tr><td class=\"has-text-align-center\" data-align=\"center\" colspan=\"4\">Florencia Pereyra<\/td><td>&nbsp;<\/td><td>Laura Del Fabro<\/td><\/tr><tr><td class=\"has-text-align-center\" data-align=\"center\" colspan=\"4\">Gloria Deb\u00e1rbora<\/td><td>&nbsp;<\/td><td>Paola Di Croce<\/td><\/tr><tr><td class=\"has-text-align-center\" data-align=\"center\" colspan=\"4\">Jorge Mansur<\/td><td>&nbsp;<\/td><td>Tamara Di Croce<\/td><\/tr><tr><td class=\"has-text-align-center\" data-align=\"center\" colspan=\"4\">Jorge Masin<\/td><td>&nbsp;<\/td><td>Fabricio Fiameni<\/td><\/tr><tr><td class=\"has-text-align-center\" data-align=\"center\" colspan=\"4\">Ma Lucila Gazze<\/td><td>&nbsp;<\/td><td>Melina Gim\u00e9nez<\/td><\/tr><tr><td class=\"has-text-align-center\" data-align=\"center\" colspan=\"4\">Mariana Ramos<\/td><td>&nbsp;<\/td><td>Rosana Mi\u00f1o<\/td><\/tr><tr><td class=\"has-text-align-center\" data-align=\"center\" colspan=\"4\">Marilina Nardelli<\/td><td>&nbsp;<\/td><td>Silvina Pratto<\/td><\/tr><tr><td class=\"has-text-align-center\" data-align=\"center\" colspan=\"4\">Marina Ledesma<\/td><td>&nbsp;<\/td><td>Alex Prieto<\/td><\/tr><tr><td class=\"has-text-align-center\" data-align=\"center\" colspan=\"4\">Sonia Bianchi<\/td><td>&nbsp;<\/td><td>Alfredo Rudaz<\/td><\/tr><tr><td class=\"has-text-align-center\" data-align=\"center\" colspan=\"4\">&nbsp;<\/td><td>&nbsp;<\/td><td>Facundo Ruiz D\u00edaz<\/td><\/tr><tr><td class=\"has-text-align-center\" data-align=\"center\" colspan=\"4\">&nbsp;<\/td><td>&nbsp;<\/td><td>Gisela Saucedo<\/td><\/tr><tr><td class=\"has-text-align-center\" data-align=\"center\" colspan=\"4\">&nbsp;<\/td><td>&nbsp;<\/td><td>Mara V\u00e1zquez<\/td><\/tr><tr><td class=\"has-text-align-center\" data-align=\"center\" colspan=\"4\">&nbsp;<\/td><td>&nbsp;<\/td><td>Valeria Vega<\/td><\/tr><tr><td class=\"has-text-align-center\" data-align=\"center\" colspan=\"6\"><strong>PERSONAL ADMINISTRATIVO<\/strong><\/td><\/tr><tr><td class=\"has-text-align-center\" data-align=\"center\" colspan=\"4\">&nbsp;&nbsp;&nbsp;&nbsp;&nbsp;&nbsp;&nbsp;&nbsp;&nbsp;&nbsp;&nbsp;&nbsp;&nbsp;&nbsp;&nbsp;&nbsp;&nbsp;&nbsp;&nbsp;&nbsp;&nbsp;&nbsp;&nbsp;&nbsp;&nbsp;&nbsp;&nbsp;&nbsp;&nbsp;&nbsp;&nbsp; Graciela Mendoza<\/td><td>Patricia Martynaitis<\/td><td>Aldo Corti<\/td><\/tr><tr><td class=\"has-text-align-center\" data-align=\"center\" colspan=\"4\">\u00a0\u00a0\u00a0\u00a0\u00a0\u00a0\u00a0\u00a0\u00a0 \u00a0\u00a0\u00a0\u00a0\u00a0\u00a0\u00a0\u00a0\u00a0                   \u00a0\u00a0\u00a0\u00a0\u00a0\u00a0\u00a0    \u00a0\u00a0\u00a0\u00a0\u00a0\u00a0\u00a0\u00a0Ramona Flores\u00a0\u00a0\u00a0\u00a0\u00a0\u00a0\u00a0\u00a0\u00a0\u00a0\u00a0\u00a0\u00a0\u00a0\u00a0\u00a0\u00a0\u00a0\u00a0\u00a0\u00a0\u00a0<\/td><td><\/td><td>Ana Piaggi<\/td><\/tr><tr><td class=\"has-text-align-center\" data-align=\"center\" colspan=\"4\"><strong>&nbsp;&nbsp;&nbsp;&nbsp;&nbsp;&nbsp;&nbsp;&nbsp;&nbsp;&nbsp;&nbsp;&nbsp;&nbsp;&nbsp;&nbsp;&nbsp;&nbsp;&nbsp;&nbsp;&nbsp;&nbsp;&nbsp;&nbsp;&nbsp;&nbsp;&nbsp;&nbsp;&nbsp;&nbsp;&nbsp;&nbsp;&nbsp;PRO &#8211; SECRETARIOS<\/strong><\/td><td>&nbsp;<\/td><td><strong>PRECEPTORA<\/strong><\/td><\/tr><tr><td class=\"has-text-align-center\" data-align=\"center\" colspan=\"4\">&nbsp;&nbsp;&nbsp;&nbsp;&nbsp;&nbsp;&nbsp;&nbsp;&nbsp;&nbsp;&nbsp;&nbsp;&nbsp;&nbsp;&nbsp;&nbsp;&nbsp;&nbsp;&nbsp;&nbsp;&nbsp;&nbsp;&nbsp;&nbsp;&nbsp;&nbsp;&nbsp;&nbsp;&nbsp;&nbsp;&nbsp;&nbsp;&nbsp; Jorge Masin<\/td><td>&nbsp;<\/td><td>Sabrina Zari<\/td><\/tr><tr><td class=\"has-text-align-center\" data-align=\"center\" colspan=\"5\">&nbsp;Carolina Minitti<\/td><td><\/td><\/tr><tr><td class=\"has-text-align-center\" data-align=\"center\" colspan=\"4\"><strong>&nbsp;&nbsp;&nbsp;&nbsp;&nbsp;&nbsp;&nbsp;&nbsp;&nbsp;&nbsp;&nbsp;&nbsp;&nbsp;&nbsp;&nbsp;&nbsp;&nbsp;&nbsp;&nbsp;&nbsp;&nbsp;&nbsp;&nbsp;&nbsp;&nbsp;&nbsp;&nbsp;&nbsp;&nbsp;&nbsp;&nbsp;&nbsp;&nbsp;&nbsp; PRECEPTORA<\/strong><\/td><td>&nbsp;<\/td><td>&nbsp;<\/td><\/tr><tr><td class=\"has-text-align-center\" data-align=\"center\" colspan=\"4\">&nbsp;&nbsp;&nbsp;&nbsp;&nbsp;&nbsp;&nbsp;&nbsp;&nbsp;&nbsp;&nbsp;&nbsp;&nbsp;&nbsp;&nbsp;&nbsp;&nbsp;&nbsp;&nbsp;&nbsp;&nbsp;&nbsp;&nbsp;&nbsp;&nbsp;&nbsp;&nbsp;&nbsp;&nbsp;&nbsp;&nbsp;&nbsp;&nbsp; Romina Molina<\/td><td>&nbsp;<\/td><td>&nbsp;<\/td><\/tr><tr><td class=\"has-text-align-center\" data-align=\"center\" colspan=\"6\"><strong>T\u00c9CNICO<\/strong><\/td><\/tr><tr><td class=\"has-text-align-center\" data-align=\"center\" colspan=\"6\">Fernando Bais<\/td><\/tr><tr><td class=\"has-text-align-center\" data-align=\"center\" colspan=\"6\"><strong>BIBLIOTECA<\/strong><\/td><\/tr><tr><td class=\"has-text-align-center\" data-align=\"center\" colspan=\"6\">Silvia Ayala<\/td><\/tr><tr><td class=\"has-text-align-center\" data-align=\"center\" colspan=\"6\"><strong>PERSONAL NO DOCENTE<\/strong><\/td><\/tr><tr><td class=\"has-text-align-center\" data-align=\"center\" colspan=\"6\">Antonela Conde<\/td><\/tr><tr><td class=\"has-text-align-center\" data-align=\"center\" colspan=\"6\">Claudia Torres<\/td><\/tr><tr><td class=\"has-text-align-center\" data-align=\"center\" colspan=\"6\">Cristian Varela<\/td><\/tr><tr><td class=\"has-text-align-center\" data-align=\"center\" colspan=\"6\">Natalia Lezcano<\/td><\/tr><\/tbody><\/table><\/figure>\n","protected":false},"excerpt":{"rendered":"<p>Profesorado de Artes Visuales Profesorado de M\u00fasica Profesorado de Teatro Profesorado de Danza Contempor\u00e1nea Ciclo Nivelador Bachiller en Artes Visuales CAMPO DE LA FORMACI\u00d3N ESPECIFICA FORMACI\u00d3N ESPEC\u00cdFICA Ana In\u00e9s Corti Alicia Lucci Alejandra Rodr\u00edguez Pez Belen Feres\u00edn Alicia Lucci Luciana Canteros Carolina Galarza Carla Bonora Ariana Nadalich Evangelina Maglione Carolina Torres Luisina Iriarte Manattini Leonel &#8230; <a title=\"Personal del Instituto\" class=\"read-more\" href=\"https:\/\/isfda-sfe.infd.edu.ar\/sitio\/personal-del-instituto\/\" aria-label=\"More on Personal del Instituto\">[+]<\/a><\/p>\n","protected":false},"author":229,"featured_media":0,"parent":0,"menu_order":0,"comment_status":"closed","ping_status":"closed","template":"","meta":[],"acf":[],"_links":{"self":[{"href":"https:\/\/isfda-sfe.infd.edu.ar\/sitio\/wp-json\/wp\/v2\/pages\/812"}],"collection":[{"href":"https:\/\/isfda-sfe.infd.edu.ar\/sitio\/wp-json\/wp\/v2\/pages"}],"about":[{"href":"https:\/\/isfda-sfe.infd.edu.ar\/sitio\/wp-json\/wp\/v2\/types\/page"}],"author":[{"embeddable":true,"href":"https:\/\/isfda-sfe.infd.edu.ar\/sitio\/wp-json\/wp\/v2\/users\/229"}],"replies":[{"embeddable":true,"href":"https:\/\/isfda-sfe.infd.edu.ar\/sitio\/wp-json\/wp\/v2\/comments?post=812"}],"version-history":[{"count":11,"href":"https:\/\/isfda-sfe.infd.edu.ar\/sitio\/wp-json\/wp\/v2\/pages\/812\/revisions"}],"predecessor-version":[{"id":3457,"href":"https:\/\/isfda-sfe.infd.edu.ar\/sitio\/wp-json\/wp\/v2\/pages\/812\/revisions\/3457"}],"wp:attachment":[{"href":"https:\/\/isfda-sfe.infd.edu.ar\/sitio\/wp-json\/wp\/v2\/media?parent=812"}],"curies":[{"name":"wp","href":"https:\/\/api.w.org\/{rel}","templated":true}]}}