{"id":832,"date":"2018-07-10T12:52:33","date_gmt":"2018-07-10T15:52:33","guid":{"rendered":"https:\/\/isfda-sfe.infd.edu.ar\/sitio\/?page_id=832"},"modified":"2026-04-22T14:09:32","modified_gmt":"2026-04-22T17:09:32","slug":"ingreso-nivelador","status":"publish","type":"page","link":"https:\/\/isfda-sfe.infd.edu.ar\/sitio\/ingreso-nivelador\/","title":{"rendered":"INGRESO 2026 &#8211; CICLO NIVELADOR"},"content":{"rendered":"<p style=\"text-align: center;\"><strong>INSCRIPCIONES<\/strong><br \/>\n<strong>1ER A\u00d1O CICLO LECTIVO 2026<\/strong><\/p>\n<p><strong>IMPORTANTE!!<\/strong>\u00a0Leer la informaci\u00f3n de la publicaci\u00f3n COMPLETA.<\/p>\n<p><em>1ra. Convocatoria<\/em>: 20 de Noviembre al 15 de Diciembre 2025.<\/p>\n<p><em>2da. Convocatoria<\/em>: 23 de febrero al 16 de marzo de 2026.<\/p>\n<p><strong>Fechas y modalidad de las inscripciones:<\/strong><\/p>\n<p><strong>Del 23\/02 al 16\/3\/2026<\/strong><\/p>\n<p>El ciclo nivelador es un recorrido para los aspirantes al Profesorado de M\u00fasica que:<br \/>\n\uf0fc No Tengan conocimiento de la lectura y escritura musical, canto y\/o manejo de un instrumento.\u00a0 \u00a0 \u00a0 \u00a0 \u00a0 \u00a0 \u00a0 \u00a0 \u00a0 \u00a0 \u00a0 \u00a0 \u00a0 \u00a0 \u00a0 \u00a0 \u00a0 \u00a0 \u00a0 \u00a0 \u00a0 \u00a0 \u00a0 \u00a0 \u00a0 \u00a0 \u00a0 \u00a0 \u00a0 \u00a0 \u00a0 \u00a0 \u00a0 \u00a0 \u00a0 \uf0fc Sean mayores de 16 a\u00f1os (pueden estar cursando la educaci\u00f3n secundaria)\u00a0 \u00a0 \u00a0 \u00a0 \u00a0 \u00a0 \u00a0 \u00a0 \u00a0 \u00a0 \u00a0 \u00a0 \u00a0 \u00a0 \u00a0 \u00a0 \u00a0 \u00a0 \u00a0 \u00a0 \u00a0 \u00a0 \u00a0 \u00a0 \u00a0 \u00a0 \u00a0 \u00a0 \u00a0 \u00a0 \u00a0 \u00a0 \u00a0 \u00a0 \u00a0 \u00a0 \u00a0 \u00a0 \u00a0 \u00a0 \u00a0 \u00a0 \u00a0 \u00a0 \u00a0 \u00a0 \u00a0 \u00a0 \u00a0 \u00a0\u00a0<strong>La misma se efect\u00faa a trav\u00e9s del siguiente formulario online:<\/strong><\/p>\n<p><strong>Ciclo nivelador &#8211; Reconquista \u2192 <a href=\"https:\/\/docs.google.com\/forms\/d\/e\/1FAIpQLSdvNWCMlaHQPiRsrticu3iJuv34EkEQsh52-W48fj_r9CNAnA\/viewform?usp=header\" target=\"_blank\" rel=\"noopener\">Formulario<\/a>.<\/strong><\/p>\n<p><strong>Ciclo nivelador &#8211; Villa Ocampo\u2192 <a href=\"https:\/\/docs.google.com\/forms\/d\/e\/1FAIpQLSc9P-vjReBmZBbCinh6z7CdqEyPGuMr-R3tVb6anVz-bcFYcg\/viewform?usp=sf_link\" target=\"_blank\" rel=\"noopener\">Formulario<\/a>.<\/strong><\/p>\n<p><strong>Requisitos:<\/strong><br \/>\nAl completar el formulario de pre-inscripci\u00f3n, se presenta (durante el mes de diciembre o marzo), en formato papel, en secci\u00f3n alumnado, la documentaci\u00f3n que a continuaci\u00f3n se detallada para formalizar la inscripci\u00f3n:<\/p>\n<p>\uf0fc Solicitud de inscripci\u00f3n Sigae Web. Impreso y completo \u2192 <strong><a href=\"https:\/\/isfda-sfe.infd.edu.ar\/sitio\/wp-content\/uploads\/2022\/11\/Solicitud_Inscripcion_SIGAE-WEB-1.pdf\" target=\"_blank\" rel=\"noopener\">Formulario<\/a><\/strong><br \/>\n\uf0fc Fotocopia Partida de Nacimiento.<br \/>\n\uf0fc Certificado de salud.<br \/>\n\uf0fc 2 Fotos 4\u00d74.<br \/>\n\uf0fc T\u00edtulo secundario o certificado de t\u00edtulo en tr\u00e1mite, en el caso de haber terminado el nivel secundario.\u00a0 \u00a0 \u00a0 \u00a0 \u00a0 \u00a0 \u00a0 \u00a0 \u00a0 \u00a0 \u00a0 \u00a0 \u00a0 \u00a0 \u00a0 \u00a0 \u00a0 \u00a0 \u00a0 \u00a0 \u00a0 \u00a0 \u00a0 \u00a0 \u00a0 \u00a0 \u00a0 \u00a0 \u00a0 \uf0fc Certificado alumno regular, en el caso de estar cursando el nivel secundario, mayores de 16 a\u00f1os.\u00a0 \u00a0 \u00a0 \u00a0 \u00a0 \u00a0 \u00a0 \u00a0 \u00a0 \u00a0 \u00a0 \u00a0 \u00a0 \u00a0 \u00a0 \u00a0 \u00a0 \u00a0 \u00a0 \u00a0 \u00a0 \u00a0 \u00a0 \u00a0 \u00a0 \u00a0 \u00a0 \u00a0 \u00a0 \u00a0 \u00a0 \u00a0 \u00a0 \uf0fc Contribuci\u00f3n a cooperadora.<br \/>\n\uf0fc Carpeta 3 solapas<\/p>\n<ul>\n<li><strong>Ingresantes a 1er a\u00f1o del Ciclo de nivelador en la ciudad de Villa Ocampo<\/strong> entregan la documentaci\u00f3n en la Casa de la Cultura \u00abRa\u00fal Scalabrini Ortiz\u00bb &#8211; Calle Tibaldo N\u00b0 1240 &#8211; Tel. 466682 &#8211; de lunes a viernes de 8.30 a 12 hs<\/li>\n<li><strong>Ingresantes a 1er a\u00f1o de\u00a0Ciclo de nivelador en la ciudad de Reconquista<\/strong> entregan la documentaci\u00f3n en Iriondo N\u00ba 634 &#8211; de lunes a viernes de 18 a 21 hs<\/li>\n<\/ul>\n<div><\/div>\n<p style=\"text-align: center;\">\n<p style=\"text-align: center;\"><strong style=\"font-family: 'comic sans ms', sans-serif; font-size: 18.6667px; text-align: center;\"><img decoding=\"async\" class=\"\" title=\"Vi\u00f1eta l\u00e1piz verde\" src=\"https:\/\/isfda-sfe.infd.edu.ar\/sitio\/wp-content\/uploads\/2018\/06\/lapiz_verde.gif\" alt=\"Vi\u00f1eta l\u00e1piz verde\" border=\"0\" \/>\u00a0<\/strong><strong>Informes e inscripci\u00f3n:<\/strong><\/p>\n<p style=\"text-align: center;\">Lunes a viernes de 17 a 21 hs<\/p>\n<p style=\"text-align: center;\">Iriondo 634, 1er. piso<br \/>\nTel. (03482) 420614<\/p>\n<p style=\"text-align: center;\">Obligado 1022<br \/>\ncel. (03482) 565518<\/p>\n<p style=\"text-align: center;\">\n<p class=\"has-text-align-center\">ANEXO VILLA OCAMPO<\/p>\n<p class=\"has-text-align-center\">Lunes a viernes de 8.30 a 12 hs<\/p>\n<p class=\"has-text-align-center\">&#8211; Casa de la Cultura\u00a0 \u2013<\/p>\n<p class=\"has-text-align-center\">Complejo Cultural y Deportivo Arno (25 de Mayo N\u00b0 1951)<\/p>\n<p class=\"has-text-align-center\">Tel. (3482) 466682<\/p>\n<p style=\"text-align: center;\">institutodearte5074@yahoo.com.ar<\/p>\n","protected":false},"excerpt":{"rendered":"<p>INSCRIPCIONES 1ER A\u00d1O CICLO LECTIVO 2026 IMPORTANTE!!\u00a0Leer la informaci\u00f3n de la publicaci\u00f3n COMPLETA. 1ra. Convocatoria: 20 de Noviembre al 15 de Diciembre 2025. 2da. Convocatoria: 23 de febrero al 16 de marzo de 2026. Fechas y modalidad de las inscripciones: Del 23\/02 al 16\/3\/2026 El ciclo nivelador es un recorrido para los aspirantes al Profesorado &#8230; <a title=\"INGRESO 2026 &#8211; CICLO NIVELADOR\" class=\"read-more\" href=\"https:\/\/isfda-sfe.infd.edu.ar\/sitio\/ingreso-nivelador\/\" aria-label=\"More on INGRESO 2026 &#8211; CICLO NIVELADOR\">[+]<\/a><\/p>\n","protected":false},"author":229,"featured_media":0,"parent":0,"menu_order":0,"comment_status":"closed","ping_status":"closed","template":"","meta":[],"acf":[],"_links":{"self":[{"href":"https:\/\/isfda-sfe.infd.edu.ar\/sitio\/wp-json\/wp\/v2\/pages\/832"}],"collection":[{"href":"https:\/\/isfda-sfe.infd.edu.ar\/sitio\/wp-json\/wp\/v2\/pages"}],"about":[{"href":"https:\/\/isfda-sfe.infd.edu.ar\/sitio\/wp-json\/wp\/v2\/types\/page"}],"author":[{"embeddable":true,"href":"https:\/\/isfda-sfe.infd.edu.ar\/sitio\/wp-json\/wp\/v2\/users\/229"}],"replies":[{"embeddable":true,"href":"https:\/\/isfda-sfe.infd.edu.ar\/sitio\/wp-json\/wp\/v2\/comments?post=832"}],"version-history":[{"count":18,"href":"https:\/\/isfda-sfe.infd.edu.ar\/sitio\/wp-json\/wp\/v2\/pages\/832\/revisions"}],"predecessor-version":[{"id":3827,"href":"https:\/\/isfda-sfe.infd.edu.ar\/sitio\/wp-json\/wp\/v2\/pages\/832\/revisions\/3827"}],"wp:attachment":[{"href":"https:\/\/isfda-sfe.infd.edu.ar\/sitio\/wp-json\/wp\/v2\/media?parent=832"}],"curies":[{"name":"wp","href":"https:\/\/api.w.org\/{rel}","templated":true}]}}