{"id":833,"date":"2018-07-10T12:52:33","date_gmt":"2018-07-10T15:52:33","guid":{"rendered":"https:\/\/isfda-sfe.infd.edu.ar\/sitio\/?page_id=833"},"modified":"2025-12-23T16:01:30","modified_gmt":"2025-12-23T19:01:30","slug":"curso-propedeutico","status":"publish","type":"page","link":"https:\/\/isfda-sfe.infd.edu.ar\/sitio\/curso-propedeutico\/","title":{"rendered":"CURSO PROPED\u00c9UTICO"},"content":{"rendered":"<p style=\"text-align: center;\">De car\u00e1cter obligatorio para todas las carreras<\/p>\n<p><strong>PROFESORADO EN DANZA CON ORIENTACI\u00d3N EN DANZA CONTEMPOR\u00c1NEA:<\/strong><\/p>\n<p><strong>Fecha: de 16 a 27 de marzo de 2026\u00a0<\/strong><\/p>\n<p><strong>Horario: 18:30 a 21.30 hs<\/strong><\/p>\n<p><strong>Lugar: Sal\u00f3n 3 Sede<\/strong><\/p>\n<p>No requieren material de trabajo previo<\/p>\n<p><strong>PROFESORADO DE TEATRO:<\/strong><\/p>\n<p><strong>Fecha: del 16 a 27 de marzo de 2026<\/strong><\/p>\n<p><strong>Horario: 18:30 a 21.30 hs<\/strong><\/p>\n<p><strong>Lugar: Sal\u00f3n 6 Sede<\/strong><\/p>\n<p><a href=\"https:\/\/isfda-sfe.infd.edu.ar\/sitio\/wp-content\/uploads\/2023\/11\/Material-de-lectura-Teatro-y-Literatura-dramatica.pdf\">Material de lectura: Teatro y Literatura dram\u00e1tica<\/a><\/p>\n<p><strong>PROFESORADO DE ARTES VISUALES CON ORIENTACI\u00d3N EN PRODUCCI\u00d3N:<\/strong><\/p>\n<p><strong>TURNO MA\u00d1ANA<\/strong><\/p>\n<p><strong>Fecha: del 16 a 27 de marzo de 2026<\/strong><\/p>\n<p><strong>Horario: 8:30 a 11.30 hs<\/strong><\/p>\n<p><strong>Lugar: Sal\u00f3n 4 Sede<\/strong><\/p>\n<p><strong>TURNO TARDE<\/strong><\/p>\n<p><strong>Fecha: del 16 a 27 de marzo de 2026<\/strong><\/p>\n<p><strong>Horario: 18:30 a 21.30 hs<\/strong><\/p>\n<p><strong>Lugar: Sal\u00f3n 4 Sede<\/strong><\/p>\n<p><a href=\"https:\/\/isfda-sfe.infd.edu.ar\/sitio\/wp-content\/uploads\/2025\/03\/1.-MATERIAL-DE-LECTURA.pdf\">1. MATERIAL DE LECTURA<\/a> (V\u00e1lido ambos turnos)<\/p>\n<p><a href=\"https:\/\/isfda-sfe.infd.edu.ar\/sitio\/wp-content\/uploads\/2025\/03\/2.-MATERIAL-DE-LECTURA.pdf\">2. MATERIAL DE LECTURA<\/a> (V\u00e1lido ambos turnos)<\/p>\n<p><strong>PROFESORADO DE M\u00daSICA<\/strong><\/p>\n<p><strong>Fechas: del 16 al 27 de marzo de 2026<\/strong><\/p>\n<p><strong>Horario: de 18:30 a 21:30 hs<\/strong><\/p>\n<p><strong>Lugar: Sal\u00f3n 3 anexo (Roca 1051)<\/strong><\/p>\n<p><strong>\u00a0 \u00a0 \u00a0 \u00a0 \u00a0 \u00a0<\/strong><\/p>\n<p><strong>Materiales de estudio:\u00a0<\/strong><\/p>\n<p><strong>AUDIOPERCEPTIVA:\u00a0 \u00a0 \u00a0 \u00a0 \u00a0 \u00a0 \u00a0 \u00a0 \u00a0 \u00a0 \u00a0 \u00a0 \u00a0 \u00a0 \u00a0 \u00a0 \u00a0 \u00a0 \u00a0 \u00a0 \u00a0 \u00a0 \u00a0 \u00a0 \u00a0 \u00a0 \u00a0 \u00a0 \u00a0 \u00a0 \u00a0 \u00a0 \u00a0 \u00a0 \u00a0 \u00a0 \u00a0 \u00a0 \u00a0 \u00a0 \u00a0 \u00a0 \u00a0 \u00a0 \u00a0 \u00a0 \u00a0 \u00a0 \u00a0 \u00a0 \u00a0 \u00a0 \u00a0 \u00a0 \u00a0 \u00a0 \u00a0 \u00a0 \u00a0 \u00a0 \u00a0 \u00a0 \u00a0 \u00a0 \u00a0 \u00a0 \u00a0 \u00a0 \u00a0 \u00a0 \u00a0 \u00a0 \u00a0 \u00a0 \u00a0 \u00a0 \u00a0 \u00a0 \u00a0 \u00a0 \u00a0 \u00a0 \u00a0 \u00a0 \u00a0 \u00a0 \u00a0 \u00a0 \u00a0 \u00a0 \u00a0 \u00a0 \u00a0 \u00a0 \u00a0 \u00a0 \u00a0 \u00a0 \u00a0 \u00a0 \u00a0 \u00a0 \u00a0 \u00a0 \u00a0 \u00a0 \u00a0 \u00a0 <\/strong>1. <a href=\"https:\/\/isfda-sfe.infd.edu.ar\/sitio\/wp-content\/uploads\/2024\/11\/AUDIOPERCEPTIVA-Temario-de-examen.pdf\">Temario de examen<\/a>\u00a0 \u00a0 \u00a0 \u00a0 \u00a0 \u00a0 \u00a0 \u00a0 \u00a0 \u00a0 \u00a0 \u00a0 \u00a0 \u00a0 \u00a0 \u00a0 \u00a0 \u00a0 \u00a0 \u00a0 \u00a0 \u00a0 \u00a0 \u00a0 \u00a0 \u00a0 \u00a0 \u00a0 \u00a0 \u00a0 \u00a0 \u00a0 \u00a0 \u00a0 \u00a0 \u00a0 \u00a0 \u00a0 \u00a0 \u00a0 \u00a0 \u00a0 \u00a0 \u00a0 \u00a0 \u00a0 \u00a0 \u00a0 \u00a0 \u00a0 \u00a0 \u00a0 \u00a0 \u00a0 \u00a0 \u00a0 \u00a0 \u00a0 \u00a0 \u00a0 \u00a0 \u00a0 \u00a0 \u00a0 \u00a0 \u00a0 \u00a0 \u00a0 \u00a0 \u00a0 \u00a0 \u00a0 \u00a0 \u00a0 \u00a0 \u00a0 \u00a0 \u00a0 \u00a0 \u00a0 \u00a0 \u00a0 \u00a0 \u00a0 \u00a0 \u00a0 \u00a0 \u00a0 \u00a0 \u00a0 \u00a0 \u00a0 \u00a0 \u00a0 \u00a0 \u00a0 \u00a0 \u00a0 \u00a0 \u00a0 \u00a0 \u00a0 \u00a0 \u00a0 \u00a0 \u00a02<a href=\"https:\/\/isfda-sfe.infd.edu.ar\/sitio\/wp-content\/uploads\/2022\/11\/1.-MATERIAL-DE-ESTUDIO-AUDIOPERCEPTIVA.-TEORIA-DE-LA-MUSICA.pdf\">. MATERIAL DE ESTUDIO AUDIOPERCEPTIVA. TEOR\u00cdA DE LA M\u00daSICA<\/a>\u00a0 \u00a0 \u00a0 \u00a0 \u00a0 \u00a0 \u00a0 \u00a0 \u00a0 \u00a0 \u00a0 \u00a0 \u00a0 \u00a0 \u00a0 \u00a0 \u00a0 \u00a0 \u00a0 \u00a0 \u00a0 \u00a0 \u00a0 \u00a0 \u00a0 \u00a0 \u00a0 \u00a0 \u00a0 \u00a0 \u00a0 \u00a0 \u00a0 \u00a0 \u00a0 \u00a0 \u00a0 \u00a0 \u00a0 \u00a0 \u00a0 \u00a0 \u00a0 \u00a0 \u00a0 \u00a0 \u00a0 \u00a0 \u00a0 3<a href=\"https:\/\/isfda-sfe.infd.edu.ar\/sitio\/wp-content\/uploads\/2022\/11\/2.MATERIAL-DE-ESTUDIO.-EJERCITACIONES-RITMICAS_MELODICAS.pdf\">.<\/a><a href=\"https:\/\/isfda-sfe.infd.edu.ar\/sitio\/wp-content\/uploads\/2023\/11\/MATERIAL-DE-ESTUDIO-AUDIOPERCEPTIVA-EJERCICIOS-RITMICOS_MELODICOS.-PARTE-1.pdf\">MATERIAL DE ESTUDIO AUDIOPERCEPTIVA EJERCICIOS RITMICOS_MELODICOS. PARTE 1<\/a>\u00a0 \u00a0 \u00a0 \u00a0 \u00a0 \u00a0 \u00a0 \u00a0 \u00a0 \u00a0 \u00a0 \u00a0 \u00a0 \u00a0 \u00a0 \u00a0 \u00a0 \u00a0 \u00a0 \u00a0 \u00a0 \u00a0 \u00a0 \u00a0 \u00a0 \u00a0 \u00a0 \u00a0 \u00a0 \u00a0 \u00a0 \u00a0 \u00a0 \u00a0 \u00a0 \u00a0 \u00a0 \u00a0 4<a href=\"https:\/\/isfda-sfe.infd.edu.ar\/sitio\/wp-content\/uploads\/2022\/11\/3.MATERIAL-DE-ESTUDIO.-EJERCITACIONES-RITMICAS_MELODICAS.pdf\">.<\/a><a href=\"https:\/\/isfda-sfe.infd.edu.ar\/sitio\/wp-content\/uploads\/2023\/11\/MATERIAL-DE-ESTUDIO-AUDIOPERCEPTIVA-EJERCICIOS-RITMICOS_MELODICOS.-PARTE-1_CONTINUACION.pdf\">MATERIAL DE ESTUDIO AUDIOPERCEPTIVA EJERCICIOS RITMICOS_MELODICOS. PARTE 1_CONTINUACI\u00d3N<\/a><\/p>\n<p><strong>PR\u00c1CTICAS VOCALES:\u00a0 \u00a0 \u00a0 \u00a0 \u00a0 \u00a0 \u00a0 \u00a0 \u00a0 \u00a0 \u00a0 \u00a0 \u00a0 \u00a0 \u00a0 \u00a0 \u00a0 \u00a0 \u00a0 \u00a0 \u00a0 \u00a0 \u00a0 \u00a0 \u00a0 \u00a0 \u00a0 \u00a0 \u00a0 \u00a0 \u00a0 \u00a0 \u00a0 \u00a0 \u00a0 \u00a0 \u00a0 \u00a0 \u00a0 \u00a0 \u00a0 \u00a0 \u00a0 \u00a0 \u00a0 \u00a0 \u00a0 \u00a0 \u00a0 \u00a0 \u00a0 \u00a0 \u00a0 \u00a0 \u00a0 \u00a0 \u00a0 \u00a0 \u00a0 \u00a0 \u00a0 \u00a0 \u00a0 \u00a0 \u00a0 \u00a0 \u00a0 \u00a0 \u00a0 \u00a0 \u00a0 \u00a0 \u00a0 \u00a0 \u00a0 \u00a0 \u00a0 \u00a0 \u00a0 \u00a0 \u00a0 \u00a0 \u00a0 \u00a0 \u00a0 \u00a0 \u00a0 \u00a0 \u00a0 \u00a0 \u00a0 \u00a0 \u00a0 \u00a0 \u00a0 \u00a0 \u00a0 \u00a0 \u00a0 <\/strong><a href=\"https:\/\/isfda-sfe.infd.edu.ar\/sitio\/wp-content\/uploads\/2024\/11\/MATERIAL-DE-ESTUDIO-PRACTICAS-VOCALES.pdf\">MATERIAL DE ESTUDIO PR\u00c1CTICAS VOCALES<\/a><a href=\"https:\/\/isfda-sfe.infd.edu.ar\/sitio\/wp-content\/uploads\/2023\/11\/1-PROGRAMA-Practicas-vocales.pdf\">\u00a0 \u00a0 \u00a0 \u00a0 \u00a0 \u00a0 \u00a0 \u00a0 \u00a0 \u00a0 \u00a0 \u00a0 \u00a0 \u00a0 \u00a0 \u00a0 \u00a0 \u00a0 \u00a0 \u00a0 \u00a0 \u00a0 \u00a0 \u00a0 \u00a0 \u00a0 \u00a0 \u00a0 \u00a0 \u00a0 \u00a0 \u00a0 \u00a0 \u00a0 \u00a0 \u00a0 \u00a0 \u00a0 \u00a0 \u00a0 \u00a0 \u00a0 \u00a0 \u00a0 \u00a0 \u00a0 \u00a0 \u00a0 \u00a0 \u00a0 \u00a0 \u00a0 \u00a0 \u00a0 \u00a0 \u00a0 \u00a0 \u00a0 \u00a0 \u00a0 \u00a0 \u00a0 \u00a0 \u00a0 \u00a0 \u00a0 \u00a0 \u00a0 \u00a0 \u00a0 \u00a0 \u00a0 \u00a0 \u00a0 \u00a0 \u00a0 \u00a0 \u00a0 \u00a0<\/a><\/p>\n<p><strong>INSTRUMENTO VIOL\u00cdN:\u00a0 \u00a0<\/strong>\u00a0 \u00a0 \u00a0 \u00a0 \u00a0 \u00a0 \u00a0 \u00a0 \u00a0 \u00a0 \u00a0 \u00a0 \u00a0 \u00a0 \u00a0 \u00a0 \u00a0 \u00a0 \u00a0 \u00a0 \u00a0 \u00a0 \u00a0 \u00a0 \u00a0 \u00a0 \u00a0 \u00a0 \u00a0 \u00a0 \u00a0 \u00a0 \u00a0 \u00a0 \u00a0 \u00a0 \u00a0 \u00a0 \u00a0 \u00a0 \u00a0 \u00a0 \u00a0 \u00a0 \u00a0 \u00a0 \u00a0 \u00a0 \u00a0 \u00a0 \u00a0 \u00a0 \u00a0 \u00a0 \u00a0 \u00a0 \u00a0 \u00a0 \u00a0 \u00a0 \u00a0 \u00a0 \u00a0 \u00a0 \u00a0 \u00a0 \u00a0 \u00a0 \u00a0 \u00a0 \u00a0 \u00a0 \u00a0 \u00a0 \u00a0 \u00a0 \u00a0 \u00a0 \u00a0 \u00a0 \u00a0 \u00a0 \u00a0 \u00a0 \u00a0 \u00a0 \u00a0 \u00a0 \u00a0 \u00a0 \u00a0 \u00a0 \u00a0 \u00a0 <a href=\"https:\/\/isfda-sfe.infd.edu.ar\/sitio\/wp-content\/uploads\/2024\/11\/MATERIAL-DE-ESTUDIO-INSTRUMENTO-VIOLIN.pdf\">MATERIAL DE ESTUDIO INSTRUMENTO VIOLIN<\/a><\/p>\n<p><strong>INSTRUMENTO FLAUTA TRAVERSA:\u00a0 \u00a0<\/strong>\u00a0 \u00a0 \u00a0 \u00a0 \u00a0 \u00a0 \u00a0 \u00a0 \u00a0 \u00a0 \u00a0 \u00a0 \u00a0 \u00a0 \u00a0 \u00a0 \u00a0 \u00a0 \u00a0 \u00a0 \u00a0 \u00a0 \u00a0 \u00a0 \u00a0 \u00a0 \u00a0 \u00a0 \u00a0 \u00a0 \u00a0 \u00a0 \u00a0 \u00a0 \u00a0 \u00a0 \u00a0 \u00a0 \u00a0 \u00a0 \u00a0 \u00a0 \u00a0 \u00a0 \u00a0 \u00a0 \u00a0 \u00a0 \u00a0 \u00a0 \u00a0 \u00a0 \u00a0 \u00a0 \u00a0 \u00a0 \u00a0 \u00a0 \u00a0 \u00a0 \u00a0 \u00a0 \u00a0 \u00a0 \u00a0 \u00a0 \u00a0 \u00a0 \u00a0 \u00a0 \u00a0 \u00a0 \u00a0 \u00a0 \u00a0 \u00a0 \u00a0 \u00a0 \u00a0 \u00a0 \u00a0 \u00a0 <a href=\"https:\/\/isfda-sfe.infd.edu.ar\/sitio\/wp-content\/uploads\/2024\/11\/MATERIAL-DE-ESTUDIO-INSTRUMENTO-FLAUTA-TRAVERSA.pdf\">MATERIAL DE ESTUDIO INSTRUMENTO FLAUTA TRAVERSA<\/a><\/p>\n<p><strong>INSTRUMENTO GUITARRA:\u00a0 \u00a0 \u00a0 \u00a0 \u00a0 \u00a0 \u00a0 \u00a0 \u00a0 \u00a0 \u00a0 \u00a0 \u00a0 \u00a0 \u00a0 \u00a0 \u00a0 \u00a0 \u00a0 \u00a0 \u00a0 \u00a0 \u00a0 \u00a0 \u00a0 \u00a0 \u00a0 \u00a0 \u00a0 \u00a0 \u00a0 \u00a0 \u00a0 \u00a0 \u00a0 \u00a0 \u00a0 \u00a0 \u00a0 \u00a0 \u00a0 \u00a0 \u00a0 \u00a0 \u00a0 \u00a0 \u00a0 \u00a0 \u00a0 \u00a0 \u00a0 \u00a0 \u00a0 \u00a0 \u00a0 \u00a0 \u00a0 \u00a0 \u00a0 \u00a0 \u00a0 \u00a0 \u00a0 \u00a0 \u00a0 \u00a0 \u00a0 \u00a0 \u00a0 \u00a0 \u00a0 \u00a0 \u00a0 \u00a0 \u00a0 \u00a0 \u00a0 \u00a0 \u00a0 \u00a0 \u00a0 \u00a0 \u00a0 \u00a0 \u00a0 \u00a0 \u00a0 \u00a0 \u00a0 \u00a0 \u00a0 \u00a0 \u00a0 \u00a0 \u00a0 <\/strong><a href=\"https:\/\/isfda-sfe.infd.edu.ar\/sitio\/wp-content\/uploads\/2024\/11\/MATERIAL-DE-ESTUDIO-INSTRUMENTO-GUITARRA.pdf\">MATERIAL DE ESTUDIO INSTRUMENTO GUITARRA<\/a><\/p>\n<p><strong>INSTRUMENTO PIANO:\u00a0 \u00a0 \u00a0<\/strong>\u00a0 \u00a0 \u00a0 \u00a0 \u00a0 \u00a0 \u00a0 \u00a0 \u00a0 \u00a0 \u00a0 \u00a0 \u00a0 \u00a0 \u00a0 \u00a0 \u00a0 \u00a0 \u00a0 \u00a0 \u00a0 \u00a0 \u00a0 \u00a0 \u00a0 \u00a0 \u00a0 \u00a0 \u00a0 \u00a0 \u00a0 \u00a0 \u00a0 \u00a0 \u00a0 \u00a0 \u00a0 \u00a0 \u00a0 \u00a0 \u00a0 \u00a0 \u00a0 \u00a0 \u00a0 \u00a0 \u00a0 \u00a0 \u00a0 \u00a0 \u00a0 \u00a0 \u00a0 \u00a0 \u00a0 \u00a0 \u00a0 \u00a0 \u00a0 \u00a0 \u00a0 \u00a0 \u00a0 \u00a0 \u00a0 \u00a0 \u00a0 \u00a0 \u00a0 \u00a0 \u00a0 \u00a0 \u00a0 \u00a0 \u00a0 \u00a0 \u00a0 \u00a0 \u00a0 \u00a0 \u00a0 \u00a0 \u00a0 \u00a0 \u00a0 \u00a0 \u00a0 \u00a0 \u00a0 \u00a0 \u00a0 \u00a0 \u00a0 <a href=\"https:\/\/isfda-sfe.infd.edu.ar\/sitio\/wp-content\/uploads\/2024\/11\/MATERIAL-DE-ESTUDIO-INSTRUMENTO-PIANO.pdf\">MATERIAL DE ESTUDIO INSTRUMENTO PIANO<\/a><\/p>\n<p style=\"text-align: center;\"><strong>\u00a0 \u00a0 \u00a0 \u00a0 \u00a0 \u00a0 \u00a0 \u00a0 \u00a0 \u00a0 \u00a0 \u00a0 \u00a0 \u00a0 \u00a0 \u00a0 \u00a0 \u00a0 \u00a0 \u00a0 \u00a0 \u00a0 \u00a0 \u00a0 \u00a0 \u00a0 \u00a0 \u00a0 <\/strong><\/p>\n","protected":false},"excerpt":{"rendered":"<p>De car\u00e1cter obligatorio para todas las carreras PROFESORADO EN DANZA CON ORIENTACI\u00d3N EN DANZA CONTEMPOR\u00c1NEA: Fecha: de 16 a 27 de marzo de 2026\u00a0 Horario: 18:30 a 21.30 hs Lugar: Sal\u00f3n 3 Sede No requieren material de trabajo previo PROFESORADO DE TEATRO: Fecha: del 16 a 27 de marzo de 2026 Horario: 18:30 a 21.30 &#8230; <a title=\"CURSO PROPED\u00c9UTICO\" class=\"read-more\" href=\"https:\/\/isfda-sfe.infd.edu.ar\/sitio\/curso-propedeutico\/\" aria-label=\"More on CURSO PROPED\u00c9UTICO\">[+]<\/a><\/p>\n","protected":false},"author":229,"featured_media":0,"parent":0,"menu_order":0,"comment_status":"closed","ping_status":"closed","template":"","meta":[],"acf":[],"_links":{"self":[{"href":"https:\/\/isfda-sfe.infd.edu.ar\/sitio\/wp-json\/wp\/v2\/pages\/833"}],"collection":[{"href":"https:\/\/isfda-sfe.infd.edu.ar\/sitio\/wp-json\/wp\/v2\/pages"}],"about":[{"href":"https:\/\/isfda-sfe.infd.edu.ar\/sitio\/wp-json\/wp\/v2\/types\/page"}],"author":[{"embeddable":true,"href":"https:\/\/isfda-sfe.infd.edu.ar\/sitio\/wp-json\/wp\/v2\/users\/229"}],"replies":[{"embeddable":true,"href":"https:\/\/isfda-sfe.infd.edu.ar\/sitio\/wp-json\/wp\/v2\/comments?post=833"}],"version-history":[{"count":30,"href":"https:\/\/isfda-sfe.infd.edu.ar\/sitio\/wp-json\/wp\/v2\/pages\/833\/revisions"}],"predecessor-version":[{"id":3280,"href":"https:\/\/isfda-sfe.infd.edu.ar\/sitio\/wp-json\/wp\/v2\/pages\/833\/revisions\/3280"}],"wp:attachment":[{"href":"https:\/\/isfda-sfe.infd.edu.ar\/sitio\/wp-json\/wp\/v2\/media?parent=833"}],"curies":[{"name":"wp","href":"https:\/\/api.w.org\/{rel}","templated":true}]}}