{"id":837,"date":"2024-10-01T13:58:33","date_gmt":"2024-10-01T16:58:33","guid":{"rendered":"https:\/\/isfda-sfe.infd.edu.ar\/sitio\/?page_id=837"},"modified":"2025-11-17T22:08:33","modified_gmt":"2025-11-18T01:08:33","slug":"ingreso-secundario","status":"publish","type":"page","link":"https:\/\/isfda-sfe.infd.edu.ar\/sitio\/ingreso-secundario\/","title":{"rendered":"INGRESO 2026 -SECUNDARIA DE ARTES"},"content":{"rendered":"\n<p><\/p>\n\n\n\n<p class=\"has-text-align-center\">                    <strong>BACHILLERATO EN ARTES VISUALES CON ESPECIALIDAD EN PRODUCCI\u00d3N<\/strong><\/p>\n\n\n\n<p><\/p>\n\n\n\n<p class=\"has-text-align-center\">               <strong>Ingresantes 1er a\u00f1o 2026&nbsp;<\/strong> <\/p>\n\n\n\n<p class=\"has-text-align-center\">Seg\u00fan sorteo lunes 17 de noviembre de 2025<\/p>\n\n\n\n<p>Confirmar ingreso: hasta el d\u00eda <strong>viernes 5 de diciembre<\/strong> <\/p>\n\n\n\n<p>Lugar: Roca 1051<\/p>\n\n\n\n<p>Horario: de lunes a viernes 14 a 17 hs<\/p>\n\n\n\n<p>Documentaci\u00f3n a presentar &#8211; <a rel=\"noreferrer noopener\" href=\"https:\/\/isfda-sfe.infd.edu.ar\/sitio\/fichas\/\" target=\"_blank\">Ver<\/a><\/p>\n\n\n\n<p><\/p>\n\n\n\n<figure class=\"wp-block-table\"><table><tbody><tr><td>Bogado Lugo, Amanda<\/td><\/tr><tr><td>Satodky, Astrid<\/td><\/tr><tr><td>Diaz, Diamela<\/td><\/tr><tr><td>Vallejos, Lourdes<\/td><\/tr><tr><td>Mu\u00f1oz, Valentina<\/td><\/tr><tr><td>Herrera Sigaudo, Ger\u00f3nimo<\/td><\/tr><tr><td>Alegre Mazzuchini, Luka<\/td><\/tr><tr><td>Lebus Zalazar, Irup\u00e9<\/td><\/tr><tr><td>Bassi Carrara, Victoria<\/td><\/tr><tr><td>Casta\u00f1eda, Bautista<\/td><\/tr><tr><td>Caballero, Luciano<\/td><\/tr><tr><td>Vera, Sof\u00eda<\/td><\/tr><tr><td>Nicli, Valentin<\/td><\/tr><tr><td>Orso, Theo<\/td><\/tr><tr><td>Arce, Bautista<\/td><\/tr><tr><td>Gonzales, Maximiliano<\/td><\/tr><tr><td>Mian, Ana Paula<\/td><\/tr><tr><td>Ocampo, Alexia<\/td><\/tr><tr><td>Ramos Wernly Delfina<\/td><\/tr><tr><td>Martinelli, Elizabet<\/td><\/tr><\/tbody><\/table><\/figure>\n\n\n\n<p class=\"has-text-align-center\"><\/p>\n\n\n\n<p><strong><u>-13 DE OCTUBRE al 13 DE NOVIEMBRE<\/u><\/strong><\/p>\n\n\n\n<p><strong><u>&#8211; inscripci\u00f3n de hermanos\/as<\/u><\/strong><\/p>\n\n\n\n<p>&#8211;<strong><u> hijos\/as del personal docente y no docente del establecimiento&nbsp;<\/u><\/strong><\/p>\n\n\n\n<p><strong><u>&#8211; pre-inscripci\u00f3n a 1er a\u00f1o  <\/u><\/strong><\/p>\n\n\n\n<p>Todos los pre-inscriptos participar\u00e1n de un sorteo.<\/p>\n\n\n\n<p><strong>La documentaci\u00f3n a presentar:<\/strong>                                                                                                                                                                                                                                                               <\/p>\n\n\n\n<div class=\"wp-block-file\"><a id=\"wp-block-file--media-2aa65548-3735-4b92-a242-d4c4c8cb6dc8\" href=\"https:\/\/isfda-sfe.infd.edu.ar\/sitio\/wp-content\/uploads\/2025\/10\/Solicitud-Inscripcion-1.pdf\">Solicitud Inscripci\u00f3n<\/a><a href=\"https:\/\/isfda-sfe.infd.edu.ar\/sitio\/wp-content\/uploads\/2025\/10\/Solicitud-Inscripcion-1.pdf\" class=\"wp-block-file__button wp-element-button\" download aria-describedby=\"wp-block-file--media-2aa65548-3735-4b92-a242-d4c4c8cb6dc8\">Descarga<\/a><\/div>\n\n\n\n<p>                                                                                                                                                                                                                                                                                                                                                                                                                                                                                                                                                                                                                                                                                                                                                                                                                                                                                                                                                                                                                                                                                                                                                                                                                                                                               <strong>La documentaci\u00f3n se presentar\u00e1<\/strong> <strong>de lunes a viernes de 14 a 18 hs en Roca N\u00b0 1051 <\/strong><\/p>\n\n\n\n<p>Se proceder\u00e1 de la siguiente manera:<\/p>\n\n\n\n<ul>\n<li>Se dispone de 25 vacantes, <strong>completado el cupo se proceder\u00e1 a un sorteo<\/strong> entre todos los aspirantes.<\/li>\n\n\n\n<li>El sorteo se realizar\u00e1 el <strong>lunes 17 de noviembre<\/strong> a las 20.15 hs. en la sede del ISFD en Artes N\u00ba 5074. <strong>REQUISITO: DEBE ESTAR PRESENTE PADRE\/MADRE O TUTOR PARA ACCEDER A LA VACANTE<\/strong>.<\/li>\n\n\n\n<li>Luego de efectuado el sorteo se publicar\u00e1 en la p\u00e1gina web <a href=\"https:\/\/isfda-sfe.infd.edu.ar\/sitio\/nivel-secundario\/\">https:\/\/isfda-sfe.infd.edu.ar\/sitio\/nivel-secundario\/<\/a>&nbsp; la lista del orden en que han sido favorecidos.&nbsp;<\/li>\n\n\n\n<li>Las vacantes se cubrir\u00e1n siguiendo el orden en que han resultado del sorteo.<\/li>\n<\/ul>\n\n\n\n<p>Hasta el d\u00eda <strong>viernes 5 de diciembre<\/strong> se deber\u00e1 confirmar el ingreso en forma presencial.<\/p>\n\n\n\n<p>Todo el proceso de pre-inscripci\u00f3n e inscripci\u00f3n responde a los lineamientos del Ministerio de Educaci\u00f3n y se encuadra en el Decreto N\u00b0 181\/09.<\/p>\n\n\n\n<p class=\"has-text-align-center\"><strong><\/strong><strong>&nbsp;<\/strong><strong>Informes e inscripci\u00f3n:<\/strong><\/p>\n\n\n\n<p>Lunes a Viernes de:<\/p>\n\n\n\n<p>        14,00 a 17,00 hs. Roca 1051<\/p>\n\n\n\n<p>Martes a jueves de:<\/p>\n\n\n\n<p><font dir=\"auto\" style=\"vertical-align: inherit;\"><font dir=\"auto\" style=\"vertical-align: inherit;\">        08.00 a 10.00 hs. Iriondo 634, 1er. Piso &#8211; <\/font><\/font><\/p>\n\n\n\n<p>&nbsp;&nbsp;&nbsp;&nbsp;&nbsp;&nbsp;&nbsp;&nbsp;&nbsp;&nbsp;&nbsp;&nbsp;&nbsp;&nbsp;&nbsp;&nbsp;&nbsp;&nbsp;&nbsp;&nbsp;&nbsp;&nbsp;&nbsp;&nbsp;&nbsp;<\/p>\n\n\n\n<p>E-Mail: <a href=\"mailto:searte6074@gmail.com\">searte6074@gmail.com<\/a><\/p>\n\n\n\n<p>Celular: 3482-238278 (solo texto-whatsapp) <\/p>\n\n\n\n<p>Sitio web <a><\/a><a href=\"https:\/\/isfda-sfe.infd.edu.ar\/sitio\/nivel-secundario\/\">https:\/\/isfda-sfe.infd.edu.ar\/sitio\/nivel-secundario\/<\/a><\/p>\n\n\n\n<p><img decoding=\"async\" loading=\"lazy\" width=\"960\" height=\"960\" class=\"wp-image-2724\" style=\"width: 21px;\" src=\"https:\/\/isfda-sfe.infd.edu.ar\/sitio\/wp-content\/uploads\/2024\/10\/image.png\" alt=\"\" srcset=\"https:\/\/isfda-sfe.infd.edu.ar\/sitio\/wp-content\/uploads\/2024\/10\/image.png 960w, https:\/\/isfda-sfe.infd.edu.ar\/sitio\/wp-content\/uploads\/2024\/10\/image-500x500.png 500w, https:\/\/isfda-sfe.infd.edu.ar\/sitio\/wp-content\/uploads\/2024\/10\/image-768x768.png 768w\" sizes=\"(max-width: 960px) 100vw, 960px\" \/> Facebook:&nbsp; secundariaenartes6074<\/p>\n\n\n\n<p><img decoding=\"async\" loading=\"lazy\" width=\"225\" height=\"225\" class=\"wp-image-2727\" style=\"width: 23px;\" src=\"https:\/\/isfda-sfe.infd.edu.ar\/sitio\/wp-content\/uploads\/2024\/10\/image-3.png\" alt=\"\">Instagram: searte6074 <\/p>\n\n\n\n<figure class=\"wp-block-image size-full is-resized\"><img decoding=\"async\" loading=\"lazy\" src=\"https:\/\/isfda-sfe.infd.edu.ar\/sitio\/wp-content\/uploads\/2024\/10\/image-4.png\" alt=\"\" class=\"wp-image-2728\" width=\"115\" height=\"131\"\/><\/figure>\n","protected":false},"excerpt":{"rendered":"<p>BACHILLERATO EN ARTES VISUALES CON ESPECIALIDAD EN PRODUCCI\u00d3N Ingresantes 1er a\u00f1o 2026&nbsp; Seg\u00fan sorteo lunes 17 de noviembre de 2025 Confirmar ingreso: hasta el d\u00eda viernes 5 de diciembre Lugar: Roca 1051 Horario: de lunes a viernes 14 a 17 hs Documentaci\u00f3n a presentar &#8211; Ver Bogado Lugo, Amanda Satodky, Astrid Diaz, Diamela Vallejos, Lourdes &#8230; <a title=\"INGRESO 2026 -SECUNDARIA DE ARTES\" class=\"read-more\" href=\"https:\/\/isfda-sfe.infd.edu.ar\/sitio\/ingreso-secundario\/\" aria-label=\"More on INGRESO 2026 -SECUNDARIA DE ARTES\">[+]<\/a><\/p>\n","protected":false},"author":229,"featured_media":0,"parent":0,"menu_order":0,"comment_status":"closed","ping_status":"closed","template":"","meta":[],"acf":[],"_links":{"self":[{"href":"https:\/\/isfda-sfe.infd.edu.ar\/sitio\/wp-json\/wp\/v2\/pages\/837"}],"collection":[{"href":"https:\/\/isfda-sfe.infd.edu.ar\/sitio\/wp-json\/wp\/v2\/pages"}],"about":[{"href":"https:\/\/isfda-sfe.infd.edu.ar\/sitio\/wp-json\/wp\/v2\/types\/page"}],"author":[{"embeddable":true,"href":"https:\/\/isfda-sfe.infd.edu.ar\/sitio\/wp-json\/wp\/v2\/users\/229"}],"replies":[{"embeddable":true,"href":"https:\/\/isfda-sfe.infd.edu.ar\/sitio\/wp-json\/wp\/v2\/comments?post=837"}],"version-history":[{"count":33,"href":"https:\/\/isfda-sfe.infd.edu.ar\/sitio\/wp-json\/wp\/v2\/pages\/837\/revisions"}],"predecessor-version":[{"id":3251,"href":"https:\/\/isfda-sfe.infd.edu.ar\/sitio\/wp-json\/wp\/v2\/pages\/837\/revisions\/3251"}],"wp:attachment":[{"href":"https:\/\/isfda-sfe.infd.edu.ar\/sitio\/wp-json\/wp\/v2\/media?parent=837"}],"curies":[{"name":"wp","href":"https:\/\/api.w.org\/{rel}","templated":true}]}}