{"id":838,"date":"2018-07-10T12:52:34","date_gmt":"2018-07-10T15:52:34","guid":{"rendered":"https:\/\/isfda-sfe.infd.edu.ar\/sitio\/?page_id=838"},"modified":"2026-03-19T10:42:44","modified_gmt":"2026-03-19T13:42:44","slug":"ciclo-nivelador","status":"publish","type":"page","link":"https:\/\/isfda-sfe.infd.edu.ar\/sitio\/ciclo-nivelador\/","title":{"rendered":"CICLO NIVELADOR &#8211; M\u00daSICA"},"content":{"rendered":"\n<p>Se trata de un ciclo de <strong>car\u00e1cter proped\u00e9utico (preparatorio)<\/strong>, cuyo objetivo es <strong>nivelar los conocimientos en audioperceptiva (canto\/lectoescritura) y ejecuci\u00f3n instrumental<\/strong>, con vistas al ingreso al <strong>Profesorado de M\u00fasica del Instituto Superior de Formaci\u00f3n Docente en Artes N\u00b0 5074<\/strong>.<\/p>\n\n\n\n<p>El cursado es <strong>presencial<\/strong>, tiene una <strong>duraci\u00f3n de  2 (dos) a\u00f1os<\/strong> y no requiere conocimientos previos de lectoescritura musical ni de instrumento.<\/p>\n\n\n\n<p>El ciclo nivelador est\u00e1 destinado a <strong>aspirantes mayores de 16 a\u00f1os<\/strong>, incluyendo aquellos que se encuentren cursando el nivel secundario. Se desarrolla en las ciudades de <strong>Villa Ocampo<\/strong> y <strong>Reconquista<\/strong>, ofreciendo espacios de formaci\u00f3n y acompa\u00f1amiento acad\u00e9mico.<\/p>\n\n\n\n<p>Las cursado se desarrolla en:<\/p>\n\n\n\n<ul>\n<li><strong>Villa Ocampo<\/strong>\n<ul>\n<li>Escuela Secundaria Orientada N\u00b0 699 (Mitre N\u00b0 1888)<\/li>\n\n\n\n<li>Secretar\u00eda de Cultura &#8211; Complejo Cultural y Deportivo Arno (25 de Mayo N\u00b0 1951)<\/li>\n<\/ul>\n<\/li>\n\n\n\n<li><strong>Reconquista<\/strong>\n<ul>\n<li>Anexo del ISFD en Artes (Roca N\u00b0 1051)<\/li>\n<\/ul>\n<\/li>\n<\/ul>\n\n\n\n<p><\/p>\n\n\n\n<p><\/p>\n\n\n\n<div class=\"wp-block-buttons alignwide is-content-justification-center is-layout-flex wp-container-1\">\n<div class=\"wp-block-button is-style-fill\"><a class=\"wp-block-button__link wp-element-button\" href=\"https:\/\/isfda-sfe.infd.edu.ar\/sitio\/plan-de-estudio\/\" target=\"_blank\" rel=\"noreferrer noopener\">Plan de estudios<\/a><\/div>\n<\/div>\n\n\n\n<div class=\"wp-block-buttons is-content-justification-center is-layout-flex wp-container-2\">\n<div class=\"wp-block-button\"><a class=\"wp-block-button__link wp-element-button\" href=\"https:\/\/isfda-sfe.infd.edu.ar\/sitio\/wp-content\/uploads\/2026\/03\/CORRELATIVAS-CICLO-NIVELADOR.pdf\" target=\"_blank\" rel=\"noreferrer noopener\">Correlatividades<\/a><\/div>\n<\/div>\n\n\n\n<div class=\"wp-block-group is-vertical is-layout-flex wp-container-4\">\n<div class=\"wp-block-buttons is-content-justification-center is-layout-flex wp-container-3\"><\/div>\n<\/div>\n\n\n\n<div class=\"wp-block-buttons is-content-justification-center is-layout-flex wp-container-5\"><\/div>\n\n\n\n<p>.<\/p>\n\n\n\n<div class=\"wp-block-buttons is-layout-flex\"><\/div>\n\n\n\n<p><span style=\"font-family: Times New Roman;\">&nbsp;<\/span><\/p>\n\n\n\n<p><span style=\"font-family: Times New Roman;\">&nbsp;<\/span><\/p>\n\n\n\n<p><span style=\"font-family: Times New Roman;\">&nbsp;<\/span><\/p>\n\n\n\n<p><span style=\"font-family: Times New Roman;\">&nbsp;<\/span><\/p>\n\n\n\n<p><span style=\"font-family: Times New Roman;\">&nbsp;<\/span><\/p>\n\n\n\n<p><span style=\"font-family: Times New Roman;\">&nbsp;<\/span><\/p>\n\n\n\n<p><span style=\"font-family: Times New Roman;\">&nbsp;<\/span><\/p>\n\n\n\n<p><span style=\"font-family: Times New Roman;\">&nbsp;<\/span><\/p>\n\n\n\n<p><span style=\"font-family: Times New Roman;\">&nbsp;<\/span><\/p>\n\n\n\n<p><span style=\"font-family: Times New Roman;\">&nbsp;<\/span><\/p>\n\n\n\n<p><span style=\"font-family: Times New Roman;\">&nbsp;<\/span><\/p>\n\n\n\n<p><span style=\"font-family: Times New Roman;\">&nbsp;<\/span><\/p>\n\n\n\n<p><span style=\"font-family: Times New Roman;\">&nbsp;<\/span><\/p>\n\n\n\n<p><span style=\"font-family: Times New Roman;\">&nbsp;<\/span><\/p>\n\n\n\n<p><span style=\"font-family: Times New Roman;\">&nbsp;<\/span><\/p>\n\n\n\n<p><span style=\"font-family: Times New Roman;\">&nbsp;<\/span><\/p>\n\n\n\n<p><span style=\"font-family: Times New Roman;\">&nbsp;<\/span><\/p>\n\n\n\n<p><span style=\"font-family: Times New Roman;\">&nbsp;<\/span><\/p>\n\n\n\n<p><span style=\"font-family: Times New Roman;\">&nbsp;<\/span><\/p>\n\n\n\n<p><span style=\"font-family: Times New Roman;\">&nbsp;<\/span><\/p>\n\n\n\n<p><span style=\"font-family: Times New Roman;\">&nbsp;<\/span><\/p>\n","protected":false},"excerpt":{"rendered":"<p>Se trata de un ciclo de car\u00e1cter proped\u00e9utico (preparatorio), cuyo objetivo es nivelar los conocimientos en audioperceptiva (canto\/lectoescritura) y ejecuci\u00f3n instrumental, con vistas al ingreso al Profesorado de M\u00fasica del Instituto Superior de Formaci\u00f3n Docente en Artes N\u00b0 5074. El cursado es presencial, tiene una duraci\u00f3n de 2 (dos) a\u00f1os y no requiere conocimientos previos &#8230; <a title=\"CICLO NIVELADOR &#8211; M\u00daSICA\" class=\"read-more\" href=\"https:\/\/isfda-sfe.infd.edu.ar\/sitio\/ciclo-nivelador\/\" aria-label=\"More on CICLO NIVELADOR &#8211; M\u00daSICA\">[+]<\/a><\/p>\n","protected":false},"author":229,"featured_media":0,"parent":0,"menu_order":0,"comment_status":"closed","ping_status":"closed","template":"","meta":[],"acf":[],"_links":{"self":[{"href":"https:\/\/isfda-sfe.infd.edu.ar\/sitio\/wp-json\/wp\/v2\/pages\/838"}],"collection":[{"href":"https:\/\/isfda-sfe.infd.edu.ar\/sitio\/wp-json\/wp\/v2\/pages"}],"about":[{"href":"https:\/\/isfda-sfe.infd.edu.ar\/sitio\/wp-json\/wp\/v2\/types\/page"}],"author":[{"embeddable":true,"href":"https:\/\/isfda-sfe.infd.edu.ar\/sitio\/wp-json\/wp\/v2\/users\/229"}],"replies":[{"embeddable":true,"href":"https:\/\/isfda-sfe.infd.edu.ar\/sitio\/wp-json\/wp\/v2\/comments?post=838"}],"version-history":[{"count":18,"href":"https:\/\/isfda-sfe.infd.edu.ar\/sitio\/wp-json\/wp\/v2\/pages\/838\/revisions"}],"predecessor-version":[{"id":3480,"href":"https:\/\/isfda-sfe.infd.edu.ar\/sitio\/wp-json\/wp\/v2\/pages\/838\/revisions\/3480"}],"wp:attachment":[{"href":"https:\/\/isfda-sfe.infd.edu.ar\/sitio\/wp-json\/wp\/v2\/media?parent=838"}],"curies":[{"name":"wp","href":"https:\/\/api.w.org\/{rel}","templated":true}]}}