{"id":844,"date":"2018-06-29T19:14:11","date_gmt":"2018-06-29T22:14:11","guid":{"rendered":"https:\/\/isfda-sfe.infd.edu.ar\/sitio\/profesorado-de-danzas-contemporaneas\/"},"modified":"2024-03-12T21:29:52","modified_gmt":"2024-03-13T00:29:52","slug":"profesorado-de-danzas-contemporaneas","status":"publish","type":"page","link":"https:\/\/isfda-sfe.infd.edu.ar\/sitio\/profesorado-de-danzas-contemporaneas\/","title":{"rendered":"Profesorado en Danza con orientaci\u00f3n en Danza Contempor\u00e1nea"},"content":{"rendered":"<p>\u00a0<\/p>\n<p style=\"text-align: center;\"><span style=\"font-size: 14pt; color: #993366;\"><strong>ESTRUCTURA CURRICULAR POR A\u00d1O Y POR CAMPO DE FORMACI\u00d3N<\/strong><\/span><\/p>\n<table border=\"1\" cellspacing=\"0\" cellpadding=\"0\">\n<tbody>\n<tr style=\"background-color: #e27a72;\">\n<td colspan=\"2\" valign=\"top\" width=\"589\">\n<p style=\"text-align: center;\"><strong>\u00a0\u00a0\u00a0\u00a0\u00a0\u00a0\u00a0\u00a0 PRIMER A\u00d1O\u00a0\u00a0 <\/strong><\/p>\n<\/td>\n<\/tr>\n<tr>\n<td valign=\"top\" width=\"330\">\n<p style=\"text-align: center;\"><strong>Unidad curricular<\/strong><\/p>\n<\/td>\n<td valign=\"top\" width=\"259\">\n<p style=\"text-align: center;\"><strong>Formato curricular<\/strong><\/p>\n<\/td>\n<\/tr>\n<tr>\n<td colspan=\"2\" valign=\"top\" width=\"589\"><strong>CAMPO DE LA FORMACI\u00d3N GENERAL<\/strong><\/td>\n<\/tr>\n<tr>\n<td valign=\"top\" width=\"330\">PEDAGOG\u00cdA<\/td>\n<td valign=\"top\" width=\"259\">MATERIA<\/td>\n<\/tr>\n<tr>\n<td valign=\"top\" width=\"330\">DID\u00c1CTICA Y CURRICULUM<\/td>\n<td valign=\"top\" width=\"259\">MATERIA<\/td>\n<\/tr>\n<tr>\n<td valign=\"top\" width=\"330\">PSICOLOGIA Y EDUCACI\u00d3N<\/td>\n<td valign=\"top\" width=\"259\">MATERIA<\/td>\n<\/tr>\n<tr>\n<td valign=\"top\" width=\"330\">PROBLEM\u00c1TICA DE LA CULTURA\u00a0ARGENTINA Y LATINOAMERICANA<\/td>\n<td valign=\"top\" width=\"259\">MATERIA<\/td>\n<\/tr>\n<tr>\n<td colspan=\"2\" valign=\"top\" width=\"589\"><strong>CAMPO DE LA FORMACI\u00d3N ESPECIFICA<\/strong><\/td>\n<\/tr>\n<tr>\n<td valign=\"top\" width=\"330\">FUNDAMENTOS DE LA CORPORALIDAD<\/td>\n<td valign=\"top\" width=\"259\">MATERIA<\/td>\n<\/tr>\n<tr>\n<td valign=\"top\" width=\"330\">LENGUAJE DE LA DANZA I<\/td>\n<td valign=\"top\" width=\"259\">TALLER<\/td>\n<\/tr>\n<tr>\n<td valign=\"top\" width=\"330\">ANATOM\u00cdA VIVENCIAL I<\/td>\n<td valign=\"top\" width=\"259\">TALLER<\/td>\n<\/tr>\n<tr>\n<td valign=\"top\" width=\"330\">M\u00daSICA Y MOVIMIENTO I<\/td>\n<td valign=\"top\" width=\"259\">TALLER<\/td>\n<\/tr>\n<tr>\n<td valign=\"top\" width=\"330\">T\u00c9CNICAS DE DANZA CONTEMPOR\u00c1NEA I<\/td>\n<td valign=\"top\" width=\"259\">MATERIA<\/td>\n<\/tr>\n<tr>\n<td colspan=\"2\" valign=\"top\" width=\"589\"><strong>CAMPO DE LA FORMACI\u00d3N EN LA PR\u00c1CTICA PROFESIONAL<\/strong><\/td>\n<\/tr>\n<tr>\n<td valign=\"top\" width=\"330\">PR\u00c1CTICA DOCENTE I:\u00a0Escenarios educativos<\/td>\n<td valign=\"top\" width=\"259\">TALLER<\/td>\n<\/tr>\n<\/tbody>\n<\/table>\n<table border=\"1\" cellspacing=\"0\" cellpadding=\"0\">\n<tbody>\n<tr style=\"background-color: #e27a72;\">\n<td colspan=\"2\" valign=\"top\" width=\"589\">\n<p style=\"text-align: center;\"><strong>SEGUNDO A\u00d1O<\/strong><\/p>\n<\/td>\n<\/tr>\n<tr>\n<td style=\"text-align: center;\" valign=\"top\" width=\"326\"><strong>Unidad curricular<\/strong><\/td>\n<td style=\"text-align: center;\" valign=\"top\" width=\"262\"><strong>Formato curricular<\/strong><\/td>\n<\/tr>\n<tr>\n<td colspan=\"2\" valign=\"top\" width=\"589\"><strong>CAMPO DE LA FORMACI\u00d3N GENERAL<\/strong><\/td>\n<\/tr>\n<tr>\n<td valign=\"top\" width=\"326\">HISTORIA SOCIAL Y POLITICA DE LA\u00a0EDUCACION ARGENTINA<\/td>\n<td valign=\"top\" width=\"262\">MATERIA<\/td>\n<\/tr>\n<tr>\n<td valign=\"top\" width=\"326\">ANTROPOLOG\u00cdA SOCIOCULTURAL<\/td>\n<td valign=\"top\" width=\"262\">MATERIA<\/td>\n<\/tr>\n<tr>\n<td colspan=\"2\" valign=\"top\" width=\"589\"><strong>CAMPO DE LA FORMACI\u00d3N ESPECIFICA<\/strong><\/td>\n<\/tr>\n<tr>\n<td valign=\"top\" width=\"326\">SUJETOS DE LA EDUCACI\u00d3N I<\/td>\n<td valign=\"top\" width=\"262\">MATERIA<\/td>\n<\/tr>\n<tr>\n<td valign=\"top\" width=\"326\">DID\u00c1CTICA DE LA DANZA I<\/td>\n<td valign=\"top\" width=\"262\">MATERIA<\/td>\n<\/tr>\n<tr>\n<td valign=\"top\" width=\"326\">LENGUAJE DE LA DANZA II<\/td>\n<td valign=\"top\" width=\"262\">TALLER<\/td>\n<\/tr>\n<tr>\n<td valign=\"top\" width=\"326\">ANATOM\u00cdA VIVENCIAL II<\/td>\n<td valign=\"top\" width=\"262\">TALLER<\/td>\n<\/tr>\n<tr>\n<td valign=\"top\" width=\"326\">M\u00daSICA Y MOVIMIENTO II<\/td>\n<td valign=\"top\" width=\"262\">TALLER<\/td>\n<\/tr>\n<tr>\n<td valign=\"top\" width=\"326\">T\u00c9CNICAS DE DANZA CONTEMPOR\u00c1NEA II<\/td>\n<td valign=\"top\" width=\"262\">MATERIA<\/td>\n<\/tr>\n<tr>\n<td valign=\"top\" width=\"326\">UDI<\/td>\n<td valign=\"top\" width=\"262\">TALLER<\/td>\n<\/tr>\n<tr>\n<td colspan=\"2\" valign=\"top\" width=\"589\"><strong>CAMPO DE LA FORMACI\u00d3N EN LA PR\u00c1CTICA PROFESIONAL<\/strong><\/td>\n<\/tr>\n<tr>\n<td valign=\"top\" width=\"326\">PR\u00c1CTICA DOCENTE II:\u00a0La instituci\u00f3n escolar<\/td>\n<td valign=\"top\" width=\"262\">TALLER<\/td>\n<\/tr>\n<\/tbody>\n<\/table>\n<table border=\"1\" cellspacing=\"0\" cellpadding=\"0\">\n<tbody>\n<tr style=\"background-color: #e27a72;\">\n<td colspan=\"2\" valign=\"top\" width=\"589\">\n<p style=\"text-align: center;\"><strong>TERCER A\u00d1O<\/strong><\/p>\n<\/td>\n<\/tr>\n<tr>\n<td valign=\"top\" width=\"326\">\n<p style=\"text-align: center;\"><strong>Unidad curricular<\/strong><\/p>\n<\/td>\n<td valign=\"top\" width=\"262\">\n<p style=\"text-align: center;\"><strong>Formato curricular<\/strong><\/p>\n<\/td>\n<\/tr>\n<tr>\n<td colspan=\"2\" valign=\"top\" width=\"589\"><strong>CAMPO DE LA FORMACI\u00d3N GENERAL<\/strong><\/td>\n<\/tr>\n<tr>\n<td valign=\"top\" width=\"326\">PROBLEM\u00c1TICA FILOS\u00d3FICA<\/td>\n<td valign=\"top\" width=\"262\">MATERIA<\/td>\n<\/tr>\n<tr>\n<td valign=\"top\" width=\"326\">EDUCACION SEXUAL INTEGRAL<\/td>\n<td valign=\"top\" width=\"262\">SEMINARIO<\/td>\n<\/tr>\n<tr>\n<td colspan=\"2\" valign=\"top\" width=\"589\"><strong>CAMPO DE LA FORMACI\u00d3N ESPECIFICA<\/strong><\/td>\n<\/tr>\n<tr>\n<td valign=\"top\" width=\"326\">SUJETOS DE LA EDUCACION II<\/td>\n<td valign=\"top\" width=\"262\">MATERIA<\/td>\n<\/tr>\n<tr>\n<td valign=\"top\" width=\"326\">DID\u00c1CTICA DE LA DANZA II<\/td>\n<td valign=\"top\" width=\"262\">MATERIA<\/td>\n<\/tr>\n<tr>\n<td valign=\"top\" width=\"326\">GENEALOG\u00cdA DE LA DANZA<\/td>\n<td valign=\"top\" width=\"262\">MATERIA<\/td>\n<\/tr>\n<tr>\n<td valign=\"top\" width=\"326\">COMPOSICI\u00d3N Y PRODUCCI\u00d3N EN DANZA<\/td>\n<td valign=\"top\" width=\"262\">TALLER<\/td>\n<\/tr>\n<tr>\n<td valign=\"top\" width=\"326\">T\u00c9CNICAS DE DANZA CONTEMPOR\u00c1NEA III<\/td>\n<td valign=\"top\" width=\"262\">MATERIA<\/td>\n<\/tr>\n<tr>\n<td colspan=\"2\" valign=\"top\" width=\"589\"><strong>CAMPO DE LA FORMACI\u00d3N EN LA PR\u00c1CTICA PROFESIONAL<\/strong><\/td>\n<\/tr>\n<tr>\n<td valign=\"top\" width=\"326\">PR\u00c1CTICA DOCENTE III: la clase, los procesos del aprender y del ense\u00f1ar<\/td>\n<td valign=\"top\" width=\"262\">TALLER<\/td>\n<\/tr>\n<tr>\n<td valign=\"top\" width=\"326\">PR\u00c1CTICAS EDUCATIVAS DE LA DANZA I: escenarios no escolares<\/td>\n<td valign=\"top\" width=\"262\">TALLER<\/td>\n<\/tr>\n<\/tbody>\n<\/table>\n<table border=\"1\" cellspacing=\"0\" cellpadding=\"0\">\n<tbody>\n<tr style=\"background-color: #e27a72;\">\n<td colspan=\"2\" valign=\"top\" width=\"589\">\n<p style=\"text-align: center;\"><strong>CUARTO A\u00d1O<\/strong><\/p>\n<\/td>\n<\/tr>\n<tr>\n<td valign=\"top\" width=\"326\">\n<p style=\"text-align: center;\"><strong>Unidad curricular<\/strong><\/p>\n<\/td>\n<td valign=\"top\" width=\"262\">\n<p style=\"text-align: center;\"><strong>Formato curricular<\/strong><\/p>\n<\/td>\n<\/tr>\n<tr>\n<td colspan=\"2\" valign=\"top\" width=\"589\"><strong>CAMPO DE LA FORMACI\u00d3N GENERAL<\/strong><\/td>\n<\/tr>\n<tr>\n<td valign=\"top\" width=\"326\">\u00c9TICA Y TRABAJO DOCENTE<\/td>\n<td valign=\"top\" width=\"262\">MATERIA<\/td>\n<\/tr>\n<tr>\n<td valign=\"top\" width=\"326\">PR\u00c1CTICAS INVESTIGATIVAS<\/td>\n<td valign=\"top\" width=\"262\">MATERIA<\/td>\n<\/tr>\n<tr>\n<td valign=\"top\" width=\"326\">EST\u00c9TICA<\/td>\n<td valign=\"top\" width=\"262\">MATERIA<\/td>\n<\/tr>\n<tr>\n<td colspan=\"2\" valign=\"top\" width=\"589\"><strong>CAMPO DE LA FORMACI\u00d3N ESPECIFICA<\/strong><\/td>\n<\/tr>\n<tr>\n<td valign=\"top\" width=\"326\">PO\u00c9TICA DE LA DANZA CONTEMPOR\u00c1NEA<\/td>\n<td valign=\"top\" width=\"262\">MATERIA<\/td>\n<\/tr>\n<tr>\n<td valign=\"top\" width=\"326\">REPERTORIO Y ESTILOS DE LA DANZA CONTEMPOR\u00c1NEA<\/td>\n<td valign=\"top\" width=\"262\">TALLER<\/td>\n<\/tr>\n<tr>\n<td valign=\"top\" width=\"326\">PROYECTO DE OBRA<\/td>\n<td valign=\"top\" width=\"262\">TALLER<\/td>\n<\/tr>\n<tr>\n<td valign=\"top\" width=\"326\">T\u00c9CNICAS DE DANZA CONTEMPOR\u00c1NEA IV<\/td>\n<td valign=\"top\" width=\"262\">MATERIA<\/td>\n<\/tr>\n<tr>\n<td valign=\"top\" width=\"326\">UDI<\/td>\n<td valign=\"top\" width=\"262\">TALLER<\/td>\n<\/tr>\n<tr>\n<td colspan=\"2\" valign=\"top\" width=\"589\"><strong>CAMPO DE LA FORMACI\u00d3N EN LA PR\u00c1CTICA PROFESIONAL<\/strong><\/td>\n<\/tr>\n<tr>\n<td valign=\"top\" width=\"326\">PR\u00c1CTICA DOCENTE IV: el rol docente y su pr\u00e1ctica<\/td>\n<td valign=\"top\" width=\"262\">TALLER<\/td>\n<\/tr>\n<tr>\n<td valign=\"top\" width=\"326\">PR\u00c1CTICAS EDUCATIVAS DE LA DANZA II: escenarios no escolares<\/td>\n<td valign=\"top\" width=\"262\">TALLER<\/td>\n<\/tr>\n<\/tbody>\n<\/table>\n<div class=\"wp-block-file\"><a href=\"https:\/\/isfda-sfe.infd.edu.ar\/sitio\/wp-content\/uploads\/2024\/03\/DANZA-CONTEMPORANEA.-REGIMEN-DE-CORRELATIVIDADES.pdf\">DANZA CONTEMPOR\u00c1NEA. REGIMEN DE CORRELATIVIDADES<\/a><\/div>\n<div>\u00a0<\/div>\n<div class=\"wp-block-file\">Decreto N\u00b0 4199\/15: Reglamento Acad\u00e9mico Marco \u2013 Res. ME N\u00ba 313\/16-Res. MIyC N\u00ba 136\/16 \u2013 Disp. N\u00ba 8\/22\u00a0<\/div>\n\n\n<p><\/p>\n","protected":false},"excerpt":{"rendered":"<p>\u00a0 ESTRUCTURA CURRICULAR POR A\u00d1O Y POR CAMPO DE FORMACI\u00d3N \u00a0\u00a0\u00a0\u00a0\u00a0\u00a0\u00a0\u00a0 PRIMER A\u00d1O\u00a0\u00a0 Unidad curricular Formato curricular CAMPO DE LA FORMACI\u00d3N GENERAL PEDAGOG\u00cdA MATERIA DID\u00c1CTICA Y CURRICULUM MATERIA PSICOLOGIA Y EDUCACI\u00d3N MATERIA PROBLEM\u00c1TICA DE LA CULTURA\u00a0ARGENTINA Y LATINOAMERICANA MATERIA CAMPO DE LA FORMACI\u00d3N ESPECIFICA FUNDAMENTOS DE LA CORPORALIDAD MATERIA LENGUAJE DE LA DANZA I TALLER &#8230; <a title=\"Profesorado en Danza con orientaci\u00f3n en Danza Contempor\u00e1nea\" class=\"read-more\" href=\"https:\/\/isfda-sfe.infd.edu.ar\/sitio\/profesorado-de-danzas-contemporaneas\/\" aria-label=\"More on Profesorado en Danza con orientaci\u00f3n en Danza Contempor\u00e1nea\">[+]<\/a><\/p>\n","protected":false},"author":229,"featured_media":0,"parent":0,"menu_order":0,"comment_status":"closed","ping_status":"closed","template":"","meta":[],"acf":[],"_links":{"self":[{"href":"https:\/\/isfda-sfe.infd.edu.ar\/sitio\/wp-json\/wp\/v2\/pages\/844"}],"collection":[{"href":"https:\/\/isfda-sfe.infd.edu.ar\/sitio\/wp-json\/wp\/v2\/pages"}],"about":[{"href":"https:\/\/isfda-sfe.infd.edu.ar\/sitio\/wp-json\/wp\/v2\/types\/page"}],"author":[{"embeddable":true,"href":"https:\/\/isfda-sfe.infd.edu.ar\/sitio\/wp-json\/wp\/v2\/users\/229"}],"replies":[{"embeddable":true,"href":"https:\/\/isfda-sfe.infd.edu.ar\/sitio\/wp-json\/wp\/v2\/comments?post=844"}],"version-history":[{"count":12,"href":"https:\/\/isfda-sfe.infd.edu.ar\/sitio\/wp-json\/wp\/v2\/pages\/844\/revisions"}],"predecessor-version":[{"id":2506,"href":"https:\/\/isfda-sfe.infd.edu.ar\/sitio\/wp-json\/wp\/v2\/pages\/844\/revisions\/2506"}],"wp:attachment":[{"href":"https:\/\/isfda-sfe.infd.edu.ar\/sitio\/wp-json\/wp\/v2\/media?parent=844"}],"curies":[{"name":"wp","href":"https:\/\/api.w.org\/{rel}","templated":true}]}}